{"id":11618,"date":"2024-01-22T10:43:31","date_gmt":"2024-01-22T10:43:31","guid":{"rendered":"https:\/\/mkgroup.rs\/head-of-mk-sugar\/"},"modified":"2024-03-18T12:08:28","modified_gmt":"2024-03-18T12:08:28","slug":"head-of-mk-sugar","status":"publish","type":"page","link":"https:\/\/mkgroup.rs\/en\/about\/management\/head-of-mk-sugar\/","title":{"rendered":"Head of MK Sugar"},"content":{"rendered":"\t\t<div data-elementor-type=\"wp-page\" data-elementor-id=\"11618\" class=\"elementor elementor-11618 elementor-498\" data-elementor-post-type=\"page\">\n\t\t\t\t\t\t<section class=\"elementor-section elementor-top-section elementor-element elementor-element-ea0a9c8 elementor-section-full_width elementor-section-height-default elementor-section-height-default\" data-id=\"ea0a9c8\" data-element_type=\"section\" data-e-type=\"section\">\n\t\t\t\t\t\t<div class=\"elementor-container elementor-column-gap-no\">\n\t\t\t\t\t<div class=\"elementor-column elementor-col-100 elementor-top-column elementor-element elementor-element-57fa0f2\" data-id=\"57fa0f2\" data-element_type=\"column\" data-e-type=\"column\">\n\t\t\t<div class=\"elementor-widget-wrap elementor-element-populated\">\n\t\t\t\t\t\t<div class=\"elementor-element elementor-element-4e5765e elementor-widget elementor-widget-template\" data-id=\"4e5765e\" data-element_type=\"widget\" data-e-type=\"widget\" data-widget_type=\"template.default\">\n\t\t\t\t<div class=\"elementor-widget-container\">\n\t\t\t\t\t\t\t<div class=\"elementor-template\">\n\t\t\t\t\t<div data-elementor-type=\"section\" data-elementor-id=\"19875\" class=\"elementor elementor-19875\" data-elementor-post-type=\"elementor_library\">\n\t\t\t\t\t<section class=\"elementor-section elementor-top-section elementor-element elementor-element-f763e60 elementor-section-height-min-height elementor-section-items-top elementor-section-full_width elementor-section-height-default\" data-id=\"f763e60\" data-element_type=\"section\" data-e-type=\"section\" data-settings=\"{&quot;background_background&quot;:&quot;classic&quot;}\">\n\t\t\t\t\t\t\t<div class=\"elementor-background-overlay\"><\/div>\n\t\t\t\t\t\t\t<div class=\"elementor-container elementor-column-gap-no\">\n\t\t\t\t\t<div class=\"elementor-column elementor-col-100 elementor-top-column elementor-element elementor-element-6ca1044\" data-id=\"6ca1044\" data-element_type=\"column\" data-e-type=\"column\" data-settings=\"{&quot;animation_mobile&quot;:&quot;none&quot;}\">\n\t\t\t<div class=\"elementor-widget-wrap\">\n\t\t\t\t\t\t\t<\/div>\n\t\t<\/div>\n\t\t\t\t\t<\/div>\n\t\t<\/section>\n\t\t\t\t<\/div>\n\t\t\t\t<\/div>\n\t\t\t\t\t\t<\/div>\n\t\t\t\t<\/div>\n\t\t\t\t\t<\/div>\n\t\t<\/div>\n\t\t\t\t\t<\/div>\n\t\t<\/section>\n\t\t\t\t<section class=\"elementor-section elementor-top-section elementor-element elementor-element-a6774a3 elementor-reverse-tablet elementor-reverse-mobile elementor-section-full_width elementor-section-height-default elementor-section-height-default\" data-id=\"a6774a3\" data-element_type=\"section\" data-e-type=\"section\">\n\t\t\t\t\t\t<div class=\"elementor-container elementor-column-gap-no\">\n\t\t\t\t\t<div class=\"elementor-column elementor-col-50 elementor-top-column elementor-element elementor-element-6ef2ad3\" data-id=\"6ef2ad3\" data-element_type=\"column\" data-e-type=\"column\">\n\t\t\t<div class=\"elementor-widget-wrap elementor-element-populated\">\n\t\t\t\t\t\t<section class=\"elementor-section elementor-inner-section elementor-element elementor-element-02aaf9b elementor-section-content-top elementor-section-boxed elementor-section-height-default elementor-section-height-default\" data-id=\"02aaf9b\" data-element_type=\"section\" data-e-type=\"section\">\n\t\t\t\t\t\t<div class=\"elementor-container elementor-column-gap-no\">\n\t\t\t\t\t<div class=\"elementor-column elementor-col-50 elementor-inner-column elementor-element elementor-element-a8a514c\" data-id=\"a8a514c\" data-element_type=\"column\" data-e-type=\"column\">\n\t\t\t<div class=\"elementor-widget-wrap elementor-element-populated\">\n\t\t\t\t\t\t<div class=\"elementor-element elementor-element-82c7685 elementor-invisible elementor-widget elementor-widget-heading\" data-id=\"82c7685\" data-element_type=\"widget\" data-e-type=\"widget\" data-settings=\"{&quot;_animation&quot;:&quot;fadeInLeft&quot;,&quot;_animation_tablet&quot;:&quot;fadeIn&quot;}\" data-widget_type=\"heading.default\">\n\t\t\t\t<div class=\"elementor-widget-container\">\n\t\t\t\t\t<h3 class=\"elementor-heading-title elementor-size-default\">Management team<\/h3>\t\t\t\t<\/div>\n\t\t\t\t<\/div>\n\t\t\t\t\t<\/div>\n\t\t<\/div>\n\t\t\t\t<div class=\"elementor-column elementor-col-50 elementor-inner-column elementor-element elementor-element-d2f1c3f\" data-id=\"d2f1c3f\" data-element_type=\"column\" data-e-type=\"column\">\n\t\t\t<div class=\"elementor-widget-wrap elementor-element-populated\">\n\t\t\t\t\t\t<div class=\"elementor-element elementor-element-7db5a25 elementor-widget-tablet__width-initial elementor-widget-divider--view-line elementor-widget elementor-widget-divider\" data-id=\"7db5a25\" data-element_type=\"widget\" data-e-type=\"widget\" data-widget_type=\"divider.default\">\n\t\t\t\t<div class=\"elementor-widget-container\">\n\t\t\t\t\t\t\t<div class=\"elementor-divider\">\n\t\t\t<span class=\"elementor-divider-separator\">\n\t\t\t\t\t\t<\/span>\n\t\t<\/div>\n\t\t\t\t\t\t<\/div>\n\t\t\t\t<\/div>\n\t\t\t\t\t<\/div>\n\t\t<\/div>\n\t\t\t\t\t<\/div>\n\t\t<\/section>\n\t\t\t\t<section class=\"elementor-section elementor-inner-section elementor-element elementor-element-c75ac35 elementor-section-content-top elementor-section-boxed elementor-section-height-default elementor-section-height-default\" data-id=\"c75ac35\" data-element_type=\"section\" data-e-type=\"section\">\n\t\t\t\t\t\t<div class=\"elementor-container elementor-column-gap-no\">\n\t\t\t\t\t<div class=\"elementor-column elementor-col-100 elementor-inner-column elementor-element elementor-element-f3e26fd\" data-id=\"f3e26fd\" data-element_type=\"column\" data-e-type=\"column\">\n\t\t\t<div class=\"elementor-widget-wrap elementor-element-populated\">\n\t\t\t\t\t\t<div class=\"elementor-element elementor-element-b26a970 elementor-invisible elementor-widget elementor-widget-heading\" data-id=\"b26a970\" data-element_type=\"widget\" data-e-type=\"widget\" data-settings=\"{&quot;_animation&quot;:&quot;fadeIn&quot;}\" data-widget_type=\"heading.default\">\n\t\t\t\t<div class=\"elementor-widget-container\">\n\t\t\t\t\t<h2 class=\"elementor-heading-title elementor-size-default\">Slobodan Ko\u0161uti\u0107<\/h2>\t\t\t\t<\/div>\n\t\t\t\t<\/div>\n\t\t\t\t<div class=\"elementor-element elementor-element-aeb2ffd elementor-invisible elementor-widget elementor-widget-heading\" data-id=\"aeb2ffd\" data-element_type=\"widget\" data-e-type=\"widget\" data-settings=\"{&quot;_animation&quot;:&quot;fadeIn&quot;}\" data-widget_type=\"heading.default\">\n\t\t\t\t<div class=\"elementor-widget-container\">\n\t\t\t\t\t<h2 class=\"elementor-heading-title elementor-size-default\">Head of MK Sugar<\/h2>\t\t\t\t<\/div>\n\t\t\t\t<\/div>\n\t\t\t\t<div class=\"elementor-element elementor-element-20469a7 elementor-invisible elementor-widget elementor-widget-text-editor\" data-id=\"20469a7\" data-element_type=\"widget\" data-e-type=\"widget\" data-settings=\"{&quot;_animation&quot;:&quot;fadeIn&quot;}\" data-widget_type=\"text-editor.default\">\n\t\t\t\t<div class=\"elementor-widget-container\">\n\t\t\t\t\t\t\t\t\t<p>Since 2019, Slobodan Ko\u0161uti\u0107 has been the CEO of Sunoko, which he joined in 2013 as the Sales Director. The Sunoko company is the greatest sugar producer in the region and one of the most efficient sugar beet processors in Europe, and Slobodan Ko\u0161uti\u0107 is responsible for the development of the company&#8217;s operations and the implementation of a long-term strategy while maintaining the highest level of productivity and efficiency.<\/p>\n<p>He enriched his knowledge and expertise in management in the USA, at the Manhattan Institute of Management.<\/p>\n\t\t\t\t\t\t\t\t<\/div>\n\t\t\t\t<\/div>\n\t\t\t\t\t<\/div>\n\t\t<\/div>\n\t\t\t\t\t<\/div>\n\t\t<\/section>\n\t\t\t\t\t<\/div>\n\t\t<\/div>\n\t\t\t\t<div class=\"elementor-column elementor-col-50 elementor-top-column elementor-element elementor-element-68ee1fc\" data-id=\"68ee1fc\" data-element_type=\"column\" data-e-type=\"column\">\n\t\t\t<div class=\"elementor-widget-wrap elementor-element-populated\">\n\t\t\t\t\t\t<div class=\"elementor-element elementor-element-df821d2 elementor-widget elementor-widget-image\" data-id=\"df821d2\" data-element_type=\"widget\" data-e-type=\"widget\" data-widget_type=\"image.default\">\n\t\t\t\t<div class=\"elementor-widget-container\">\n\t\t\t\t\t\t\t\t\t\t\t\t\t\t\t<img fetchpriority=\"high\" decoding=\"async\" width=\"545\" height=\"634\" src=\"https:\/\/mkgroup.rs\/wp-content\/uploads\/2024\/01\/slobodan-kosutic-min.jpg\" class=\"attachment-full size-full wp-image-9265\" alt=\"\" srcset=\"https:\/\/mkgroup.rs\/wp-content\/uploads\/2024\/01\/slobodan-kosutic-min.jpg 545w, https:\/\/mkgroup.rs\/wp-content\/uploads\/2024\/01\/slobodan-kosutic-min-258x300.jpg 258w\" sizes=\"(max-width: 545px) 100vw, 545px\" \/>\t\t\t\t\t\t\t\t\t\t\t\t\t\t\t<\/div>\n\t\t\t\t<\/div>\n\t\t\t\t\t<\/div>\n\t\t<\/div>\n\t\t\t\t\t<\/div>\n\t\t<\/section>\n\t\t\t\t<\/div>\n\t\t","protected":false},"excerpt":{"rendered":"<p>Management team Slobodan Ko\u0161uti\u0107 Head of MK Sugar Since 2019, Slobodan Ko\u0161uti\u0107 has been the CEO of Sunoko, which he joined in 2013 as the Sales Director. The Sunoko company is the greatest sugar producer in the region and one of the most efficient sugar beet processors in Europe, and Slobodan Ko\u0161uti\u0107 is responsible for [&hellip;]<\/p>\n","protected":false},"author":1,"featured_media":0,"parent":11643,"menu_order":0,"comment_status":"closed","ping_status":"closed","template":"elementor_header_footer","meta":{"_acf_changed":false,"footnotes":""},"class_list":["post-11618","page","type-page","status-publish","hentry"],"acf":[],"yoast_head":"<!-- This site is optimized with the Yoast SEO plugin v27.1.1 - https:\/\/yoast.com\/product\/yoast-seo-wordpress\/ -->\n<title>Head of MK Sugar - MK Group<\/title>\n<meta name=\"description\" content=\"Since 2019, Slobodan Ko\u0161uti\u0107 has been the CEO of Sunoko, which he joined in 2013 as the Sales Director.\" \/>\n<meta name=\"robots\" content=\"index, follow, max-snippet:-1, max-image-preview:large, max-video-preview:-1\" \/>\n<link rel=\"canonical\" href=\"https:\/\/mkgroup.rs\/en\/about\/management\/head-of-mk-sugar\/\" \/>\n<meta property=\"og:locale\" content=\"en_US\" \/>\n<meta property=\"og:type\" content=\"article\" \/>\n<meta property=\"og:title\" content=\"Slobodan Ko\u0161uti\u0107 - Head of the MK Sugar division\" \/>\n<meta property=\"og:description\" content=\"Since 2019, Slobodan Ko\u0161uti\u0107 has been the CEO of Sunoko, which he joined in 2013 as the Sales Director.\" \/>\n<meta property=\"og:url\" content=\"https:\/\/mkgroup.rs\/en\/about\/management\/head-of-mk-sugar\/\" \/>\n<meta property=\"og:site_name\" content=\"MK Group\" \/>\n<meta property=\"article:modified_time\" content=\"2024-03-18T12:08:28+00:00\" \/>\n<meta property=\"og:image\" content=\"https:\/\/mkgroup.rs\/wp-content\/uploads\/2024\/01\/slobodan-kosutic-min.jpg\" \/>\n<meta name=\"twitter:card\" content=\"summary_large_image\" \/>\n<meta name=\"twitter:label1\" content=\"Est. reading time\" \/>\n\t<meta name=\"twitter:data1\" content=\"1 minute\" \/>\n<script type=\"application\/ld+json\" class=\"yoast-schema-graph\">{\"@context\":\"https:\/\/schema.org\",\"@graph\":[{\"@type\":\"WebPage\",\"@id\":\"https:\/\/mkgroup.rs\/en\/about\/management\/head-of-mk-sugar\/\",\"url\":\"https:\/\/mkgroup.rs\/en\/about\/management\/head-of-mk-sugar\/\",\"name\":\"Head of MK Sugar - MK Group\",\"isPartOf\":{\"@id\":\"https:\/\/mkgroup.rs\/en\/#website\"},\"primaryImageOfPage\":{\"@id\":\"https:\/\/mkgroup.rs\/en\/about\/management\/head-of-mk-sugar\/#primaryimage\"},\"image\":{\"@id\":\"https:\/\/mkgroup.rs\/en\/about\/management\/head-of-mk-sugar\/#primaryimage\"},\"thumbnailUrl\":\"https:\/\/mkgroup.rs\/wp-content\/uploads\/2024\/01\/slobodan-kosutic-min.jpg\",\"datePublished\":\"2024-01-22T10:43:31+00:00\",\"dateModified\":\"2024-03-18T12:08:28+00:00\",\"description\":\"Since 2019, Slobodan Ko\u0161uti\u0107 has been the CEO of Sunoko, which he joined in 2013 as the Sales Director.\",\"breadcrumb\":{\"@id\":\"https:\/\/mkgroup.rs\/en\/about\/management\/head-of-mk-sugar\/#breadcrumb\"},\"inLanguage\":\"en-US\",\"potentialAction\":[{\"@type\":\"ReadAction\",\"target\":[\"https:\/\/mkgroup.rs\/en\/about\/management\/head-of-mk-sugar\/\"]}]},{\"@type\":\"ImageObject\",\"inLanguage\":\"en-US\",\"@id\":\"https:\/\/mkgroup.rs\/en\/about\/management\/head-of-mk-sugar\/#primaryimage\",\"url\":\"https:\/\/mkgroup.rs\/wp-content\/uploads\/2024\/01\/slobodan-kosutic-min.jpg\",\"contentUrl\":\"https:\/\/mkgroup.rs\/wp-content\/uploads\/2024\/01\/slobodan-kosutic-min.jpg\"},{\"@type\":\"BreadcrumbList\",\"@id\":\"https:\/\/mkgroup.rs\/en\/about\/management\/head-of-mk-sugar\/#breadcrumb\",\"itemListElement\":[{\"@type\":\"ListItem\",\"position\":1,\"name\":\"Home\",\"item\":\"https:\/\/mkgroup.rs\/en\/\"},{\"@type\":\"ListItem\",\"position\":2,\"name\":\"About\",\"item\":\"https:\/\/mkgroup.rs\/en\/o-podjetju\/\"},{\"@type\":\"ListItem\",\"position\":3,\"name\":\"Management\",\"item\":\"https:\/\/mkgroup.rs\/en\/o-podjetju\/vodstvena-ekipa\/\"},{\"@type\":\"ListItem\",\"position\":4,\"name\":\"Head of MK Sugar\"}]},{\"@type\":\"WebSite\",\"@id\":\"https:\/\/mkgroup.rs\/en\/#website\",\"url\":\"https:\/\/mkgroup.rs\/en\/\",\"name\":\"MK Group\",\"description\":\"One vision. Smart Decisions.\",\"publisher\":{\"@id\":\"https:\/\/mkgroup.rs\/en\/#organization\"},\"potentialAction\":[{\"@type\":\"SearchAction\",\"target\":{\"@type\":\"EntryPoint\",\"urlTemplate\":\"https:\/\/mkgroup.rs\/en\/?s={search_term_string}\"},\"query-input\":{\"@type\":\"PropertyValueSpecification\",\"valueRequired\":true,\"valueName\":\"search_term_string\"}}],\"inLanguage\":\"en-US\"},{\"@type\":\"Organization\",\"@id\":\"https:\/\/mkgroup.rs\/en\/#organization\",\"name\":\"MK Group\",\"url\":\"https:\/\/mkgroup.rs\/en\/\",\"logo\":{\"@type\":\"ImageObject\",\"inLanguage\":\"en-US\",\"@id\":\"https:\/\/mkgroup.rs\/en\/#\/schema\/logo\/image\/\",\"url\":\"https:\/\/mkgroup.rs\/wp-content\/uploads\/2023\/12\/mk-logo.png\",\"contentUrl\":\"https:\/\/mkgroup.rs\/wp-content\/uploads\/2023\/12\/mk-logo.png\",\"width\":255,\"height\":64,\"caption\":\"MK Group\"},\"image\":{\"@id\":\"https:\/\/mkgroup.rs\/en\/#\/schema\/logo\/image\/\"},\"sameAs\":[\"https:\/\/www.linkedin.com\/company\/mk-group\/?originalSubdomain=rs\",\"https:\/\/www.youtube.com\/@MKGroupVideo\/featured\"]}]}<\/script>\n<!-- \/ Yoast SEO plugin. -->","yoast_head_json":{"title":"Head of MK Sugar - MK Group","description":"Since 2019, Slobodan Ko\u0161uti\u0107 has been the CEO of Sunoko, which he joined in 2013 as the Sales Director.","robots":{"index":"index","follow":"follow","max-snippet":"max-snippet:-1","max-image-preview":"max-image-preview:large","max-video-preview":"max-video-preview:-1"},"canonical":"https:\/\/mkgroup.rs\/en\/about\/management\/head-of-mk-sugar\/","og_locale":"en_US","og_type":"article","og_title":"Slobodan Ko\u0161uti\u0107 - Head of the MK Sugar division","og_description":"Since 2019, Slobodan Ko\u0161uti\u0107 has been the CEO of Sunoko, which he joined in 2013 as the Sales Director.","og_url":"https:\/\/mkgroup.rs\/en\/about\/management\/head-of-mk-sugar\/","og_site_name":"MK Group","article_modified_time":"2024-03-18T12:08:28+00:00","og_image":[{"url":"https:\/\/mkgroup.rs\/wp-content\/uploads\/2024\/01\/slobodan-kosutic-min.jpg","type":"","width":"","height":""}],"twitter_card":"summary_large_image","twitter_misc":{"Est. reading time":"1 minute"},"schema":{"@context":"https:\/\/schema.org","@graph":[{"@type":"WebPage","@id":"https:\/\/mkgroup.rs\/en\/about\/management\/head-of-mk-sugar\/","url":"https:\/\/mkgroup.rs\/en\/about\/management\/head-of-mk-sugar\/","name":"Head of MK Sugar - MK Group","isPartOf":{"@id":"https:\/\/mkgroup.rs\/en\/#website"},"primaryImageOfPage":{"@id":"https:\/\/mkgroup.rs\/en\/about\/management\/head-of-mk-sugar\/#primaryimage"},"image":{"@id":"https:\/\/mkgroup.rs\/en\/about\/management\/head-of-mk-sugar\/#primaryimage"},"thumbnailUrl":"https:\/\/mkgroup.rs\/wp-content\/uploads\/2024\/01\/slobodan-kosutic-min.jpg","datePublished":"2024-01-22T10:43:31+00:00","dateModified":"2024-03-18T12:08:28+00:00","description":"Since 2019, Slobodan Ko\u0161uti\u0107 has been the CEO of Sunoko, which he joined in 2013 as the Sales Director.","breadcrumb":{"@id":"https:\/\/mkgroup.rs\/en\/about\/management\/head-of-mk-sugar\/#breadcrumb"},"inLanguage":"en-US","potentialAction":[{"@type":"ReadAction","target":["https:\/\/mkgroup.rs\/en\/about\/management\/head-of-mk-sugar\/"]}]},{"@type":"ImageObject","inLanguage":"en-US","@id":"https:\/\/mkgroup.rs\/en\/about\/management\/head-of-mk-sugar\/#primaryimage","url":"https:\/\/mkgroup.rs\/wp-content\/uploads\/2024\/01\/slobodan-kosutic-min.jpg","contentUrl":"https:\/\/mkgroup.rs\/wp-content\/uploads\/2024\/01\/slobodan-kosutic-min.jpg"},{"@type":"BreadcrumbList","@id":"https:\/\/mkgroup.rs\/en\/about\/management\/head-of-mk-sugar\/#breadcrumb","itemListElement":[{"@type":"ListItem","position":1,"name":"Home","item":"https:\/\/mkgroup.rs\/en\/"},{"@type":"ListItem","position":2,"name":"About","item":"https:\/\/mkgroup.rs\/en\/o-podjetju\/"},{"@type":"ListItem","position":3,"name":"Management","item":"https:\/\/mkgroup.rs\/en\/o-podjetju\/vodstvena-ekipa\/"},{"@type":"ListItem","position":4,"name":"Head of MK Sugar"}]},{"@type":"WebSite","@id":"https:\/\/mkgroup.rs\/en\/#website","url":"https:\/\/mkgroup.rs\/en\/","name":"MK Group","description":"One vision. Smart Decisions.","publisher":{"@id":"https:\/\/mkgroup.rs\/en\/#organization"},"potentialAction":[{"@type":"SearchAction","target":{"@type":"EntryPoint","urlTemplate":"https:\/\/mkgroup.rs\/en\/?s={search_term_string}"},"query-input":{"@type":"PropertyValueSpecification","valueRequired":true,"valueName":"search_term_string"}}],"inLanguage":"en-US"},{"@type":"Organization","@id":"https:\/\/mkgroup.rs\/en\/#organization","name":"MK Group","url":"https:\/\/mkgroup.rs\/en\/","logo":{"@type":"ImageObject","inLanguage":"en-US","@id":"https:\/\/mkgroup.rs\/en\/#\/schema\/logo\/image\/","url":"https:\/\/mkgroup.rs\/wp-content\/uploads\/2023\/12\/mk-logo.png","contentUrl":"https:\/\/mkgroup.rs\/wp-content\/uploads\/2023\/12\/mk-logo.png","width":255,"height":64,"caption":"MK Group"},"image":{"@id":"https:\/\/mkgroup.rs\/en\/#\/schema\/logo\/image\/"},"sameAs":["https:\/\/www.linkedin.com\/company\/mk-group\/?originalSubdomain=rs","https:\/\/www.youtube.com\/@MKGroupVideo\/featured"]}]}},"_links":{"self":[{"href":"https:\/\/mkgroup.rs\/en\/wp-json\/wp\/v2\/pages\/11618","targetHints":{"allow":["GET"]}}],"collection":[{"href":"https:\/\/mkgroup.rs\/en\/wp-json\/wp\/v2\/pages"}],"about":[{"href":"https:\/\/mkgroup.rs\/en\/wp-json\/wp\/v2\/types\/page"}],"author":[{"embeddable":true,"href":"https:\/\/mkgroup.rs\/en\/wp-json\/wp\/v2\/users\/1"}],"replies":[{"embeddable":true,"href":"https:\/\/mkgroup.rs\/en\/wp-json\/wp\/v2\/comments?post=11618"}],"version-history":[{"count":5,"href":"https:\/\/mkgroup.rs\/en\/wp-json\/wp\/v2\/pages\/11618\/revisions"}],"predecessor-version":[{"id":20053,"href":"https:\/\/mkgroup.rs\/en\/wp-json\/wp\/v2\/pages\/11618\/revisions\/20053"}],"up":[{"embeddable":true,"href":"https:\/\/mkgroup.rs\/en\/wp-json\/wp\/v2\/pages\/11643"}],"wp:attachment":[{"href":"https:\/\/mkgroup.rs\/en\/wp-json\/wp\/v2\/media?parent=11618"}],"curies":[{"name":"wp","href":"https:\/\/api.w.org\/{rel}","templated":true}]}}