{"id":10681,"date":"2024-01-22T10:41:52","date_gmt":"2024-01-22T10:41:52","guid":{"rendered":"https:\/\/mkgroup.rs\/o-podjetju\/vodstvena-ekipa\/podpredsednik\/"},"modified":"2025-12-05T12:56:34","modified_gmt":"2025-12-05T12:56:34","slug":"podpredsednik","status":"publish","type":"page","link":"https:\/\/mkgroup.rs\/sl\/o-podjetju\/vodstvena-ekipa\/podpredsednik\/","title":{"rendered":"Predsednik"},"content":{"rendered":"\t\t<div data-elementor-type=\"wp-page\" data-elementor-id=\"10681\" class=\"elementor elementor-10681 elementor-484\" data-elementor-post-type=\"page\">\n\t\t\t\t\t\t<section class=\"elementor-section elementor-top-section elementor-element elementor-element-e7d8f11 elementor-section-full_width elementor-section-height-default elementor-section-height-default\" data-id=\"e7d8f11\" data-element_type=\"section\" data-e-type=\"section\">\n\t\t\t\t\t\t<div class=\"elementor-container elementor-column-gap-no\">\n\t\t\t\t\t<div class=\"elementor-column elementor-col-100 elementor-top-column elementor-element elementor-element-9372e52\" data-id=\"9372e52\" data-element_type=\"column\" data-e-type=\"column\">\n\t\t\t<div class=\"elementor-widget-wrap elementor-element-populated\">\n\t\t\t\t\t\t<div class=\"elementor-element elementor-element-a8e7e1b elementor-widget elementor-widget-template\" data-id=\"a8e7e1b\" data-element_type=\"widget\" data-e-type=\"widget\" data-widget_type=\"template.default\">\n\t\t\t\t<div class=\"elementor-widget-container\">\n\t\t\t\t\t\t\t<div class=\"elementor-template\">\n\t\t\t\t\t<div data-elementor-type=\"section\" data-elementor-id=\"19875\" class=\"elementor elementor-19875\" data-elementor-post-type=\"elementor_library\">\n\t\t\t\t\t<section class=\"elementor-section elementor-top-section elementor-element elementor-element-f763e60 elementor-section-height-min-height elementor-section-items-top elementor-section-full_width elementor-section-height-default\" data-id=\"f763e60\" data-element_type=\"section\" data-e-type=\"section\" data-settings=\"{&quot;background_background&quot;:&quot;classic&quot;}\">\n\t\t\t\t\t\t\t<div class=\"elementor-background-overlay\"><\/div>\n\t\t\t\t\t\t\t<div class=\"elementor-container elementor-column-gap-no\">\n\t\t\t\t\t<div class=\"elementor-column elementor-col-100 elementor-top-column elementor-element elementor-element-6ca1044\" data-id=\"6ca1044\" data-element_type=\"column\" data-e-type=\"column\" data-settings=\"{&quot;animation_mobile&quot;:&quot;none&quot;}\">\n\t\t\t<div class=\"elementor-widget-wrap\">\n\t\t\t\t\t\t\t<\/div>\n\t\t<\/div>\n\t\t\t\t\t<\/div>\n\t\t<\/section>\n\t\t\t\t<\/div>\n\t\t\t\t<\/div>\n\t\t\t\t\t\t<\/div>\n\t\t\t\t<\/div>\n\t\t\t\t\t<\/div>\n\t\t<\/div>\n\t\t\t\t\t<\/div>\n\t\t<\/section>\n\t\t\t\t<section class=\"elementor-section elementor-top-section elementor-element elementor-element-e7d199f elementor-reverse-tablet elementor-reverse-mobile elementor-section-full_width elementor-section-height-default elementor-section-height-default\" data-id=\"e7d199f\" data-element_type=\"section\" data-e-type=\"section\">\n\t\t\t\t\t\t<div class=\"elementor-container elementor-column-gap-no\">\n\t\t\t\t\t<div class=\"elementor-column elementor-col-50 elementor-top-column elementor-element elementor-element-0982b0c\" data-id=\"0982b0c\" data-element_type=\"column\" data-e-type=\"column\">\n\t\t\t<div class=\"elementor-widget-wrap elementor-element-populated\">\n\t\t\t\t\t\t<section class=\"elementor-section elementor-inner-section elementor-element elementor-element-4111a05 elementor-section-content-top elementor-section-boxed elementor-section-height-default elementor-section-height-default\" data-id=\"4111a05\" data-element_type=\"section\" data-e-type=\"section\">\n\t\t\t\t\t\t<div class=\"elementor-container elementor-column-gap-no\">\n\t\t\t\t\t<div class=\"elementor-column elementor-col-50 elementor-inner-column elementor-element elementor-element-b199a9f\" data-id=\"b199a9f\" data-element_type=\"column\" data-e-type=\"column\">\n\t\t\t<div class=\"elementor-widget-wrap elementor-element-populated\">\n\t\t\t\t\t\t<div class=\"elementor-element elementor-element-1c3edbd elementor-invisible elementor-widget elementor-widget-heading\" data-id=\"1c3edbd\" data-element_type=\"widget\" data-e-type=\"widget\" data-settings=\"{&quot;_animation&quot;:&quot;fadeInLeft&quot;,&quot;_animation_tablet&quot;:&quot;fadeIn&quot;}\" data-widget_type=\"heading.default\">\n\t\t\t\t<div class=\"elementor-widget-container\">\n\t\t\t\t\t<h3 class=\"elementor-heading-title elementor-size-default\">Vodstvena ekipa<\/h3>\t\t\t\t<\/div>\n\t\t\t\t<\/div>\n\t\t\t\t\t<\/div>\n\t\t<\/div>\n\t\t\t\t<div class=\"elementor-column elementor-col-50 elementor-inner-column elementor-element elementor-element-caa32cc\" data-id=\"caa32cc\" data-element_type=\"column\" data-e-type=\"column\">\n\t\t\t<div class=\"elementor-widget-wrap elementor-element-populated\">\n\t\t\t\t\t\t<div class=\"elementor-element elementor-element-5c4d811 elementor-widget-tablet__width-initial elementor-widget-divider--view-line elementor-widget elementor-widget-divider\" data-id=\"5c4d811\" data-element_type=\"widget\" data-e-type=\"widget\" data-widget_type=\"divider.default\">\n\t\t\t\t<div class=\"elementor-widget-container\">\n\t\t\t\t\t\t\t<div class=\"elementor-divider\">\n\t\t\t<span class=\"elementor-divider-separator\">\n\t\t\t\t\t\t<\/span>\n\t\t<\/div>\n\t\t\t\t\t\t<\/div>\n\t\t\t\t<\/div>\n\t\t\t\t\t<\/div>\n\t\t<\/div>\n\t\t\t\t\t<\/div>\n\t\t<\/section>\n\t\t\t\t<section class=\"elementor-section elementor-inner-section elementor-element elementor-element-156b99f elementor-section-content-top elementor-section-boxed elementor-section-height-default elementor-section-height-default\" data-id=\"156b99f\" data-element_type=\"section\" data-e-type=\"section\">\n\t\t\t\t\t\t<div class=\"elementor-container elementor-column-gap-no\">\n\t\t\t\t\t<div class=\"elementor-column elementor-col-100 elementor-inner-column elementor-element elementor-element-22f4549\" data-id=\"22f4549\" data-element_type=\"column\" data-e-type=\"column\">\n\t\t\t<div class=\"elementor-widget-wrap elementor-element-populated\">\n\t\t\t\t\t\t<div class=\"elementor-element elementor-element-ef1c5fb elementor-invisible elementor-widget elementor-widget-heading\" data-id=\"ef1c5fb\" data-element_type=\"widget\" data-e-type=\"widget\" data-settings=\"{&quot;_animation&quot;:&quot;fadeIn&quot;}\" data-widget_type=\"heading.default\">\n\t\t\t\t<div class=\"elementor-widget-container\">\n\t\t\t\t\t<h2 class=\"elementor-heading-title elementor-size-default\">Aleksandar Kosti\u0107\n<\/h2>\t\t\t\t<\/div>\n\t\t\t\t<\/div>\n\t\t\t\t<div class=\"elementor-element elementor-element-4740951 elementor-invisible elementor-widget elementor-widget-heading\" data-id=\"4740951\" data-element_type=\"widget\" data-e-type=\"widget\" data-settings=\"{&quot;_animation&quot;:&quot;fadeIn&quot;}\" data-widget_type=\"heading.default\">\n\t\t\t\t<div class=\"elementor-widget-container\">\n\t\t\t\t\t<h2 class=\"elementor-heading-title elementor-size-default\">Predsednik skupine MK<\/h2>\t\t\t\t<\/div>\n\t\t\t\t<\/div>\n\t\t\t\t<div class=\"elementor-element elementor-element-397e1b2 elementor-invisible elementor-widget elementor-widget-text-editor\" data-id=\"397e1b2\" data-element_type=\"widget\" data-e-type=\"widget\" data-settings=\"{&quot;_animation&quot;:&quot;fadeIn&quot;}\" data-widget_type=\"text-editor.default\">\n\t\t\t\t<div class=\"elementor-widget-container\">\n\t\t\t\t\t\t\t\t\t<p>Aleksandar Kosti\u0107 je predsednik dru\u017ebe MK Group in podpredsednik upravnega odbora AIK Group. V preteklih letih je strate\u0161ko vodil razvoj in \u0161iritev dru\u017ebe, vklju\u010dno z novimi nalo\u017ebami, procesi M &amp; A ter konsolidacijo poslovanja. Njegova strokovna podro\u010dja vklju\u010dujejo investicijsko in poslovno strategijo, finan\u010dno upravljanje, upravljanje portfelja in premo\u017eenja ter ban\u010dni\u0161tvo. Poslovanje dru\u017ebe MK Group je raz\u0161iril na nepremi\u010dninski sektor s projekti v celotni regiji Adria ter nadaljeval z intenzivnim vlaganjem v obnovljive vire energije in utrdil polo\u017eaj dru\u017ebe v kmetijsko-\u017eivilskem sektorju. Kao predsednik kompanije bavi se strate\u0161kim ciljevima, investicionom politikom i politikom poslovanja sa posebnim akcentom na upravljanje rizicima.<\/p><p>Aleksandar Kosti\u0107 je diplomiral iz ekonomije na Royal Holloway Univerze v Londonu.<\/p>\t\t\t\t\t\t\t\t<\/div>\n\t\t\t\t<\/div>\n\t\t\t\t\t<\/div>\n\t\t<\/div>\n\t\t\t\t\t<\/div>\n\t\t<\/section>\n\t\t\t\t\t<\/div>\n\t\t<\/div>\n\t\t\t\t<div class=\"elementor-column elementor-col-50 elementor-top-column elementor-element elementor-element-3eb1868\" data-id=\"3eb1868\" data-element_type=\"column\" data-e-type=\"column\">\n\t\t\t<div class=\"elementor-widget-wrap elementor-element-populated\">\n\t\t\t\t\t\t<div class=\"elementor-element elementor-element-2206ce4 elementor-widget elementor-widget-image\" data-id=\"2206ce4\" data-element_type=\"widget\" data-e-type=\"widget\" data-widget_type=\"image.default\">\n\t\t\t\t<div class=\"elementor-widget-container\">\n\t\t\t\t\t\t\t\t\t\t\t\t\t\t\t<img fetchpriority=\"high\" decoding=\"async\" width=\"545\" height=\"634\" src=\"https:\/\/mkgroup.rs\/wp-content\/uploads\/2024\/01\/aleksandar-kostic-min.jpg\" class=\"attachment-full size-full wp-image-9244\" alt=\"\" srcset=\"https:\/\/mkgroup.rs\/wp-content\/uploads\/2024\/01\/aleksandar-kostic-min.jpg 545w, https:\/\/mkgroup.rs\/wp-content\/uploads\/2024\/01\/aleksandar-kostic-min-258x300.jpg 258w\" sizes=\"(max-width: 545px) 100vw, 545px\" \/>\t\t\t\t\t\t\t\t\t\t\t\t\t\t\t<\/div>\n\t\t\t\t<\/div>\n\t\t\t\t\t<\/div>\n\t\t<\/div>\n\t\t\t\t\t<\/div>\n\t\t<\/section>\n\t\t\t\t<\/div>\n\t\t","protected":false},"excerpt":{"rendered":"<p>Vodstvena ekipa Aleksandar Kosti\u0107 Predsednik skupine MK Aleksandar Kosti\u0107 je predsednik dru\u017ebe MK Group in podpredsednik upravnega odbora AIK Group. V preteklih letih je strate\u0161ko vodil razvoj in \u0161iritev dru\u017ebe, vklju\u010dno z novimi nalo\u017ebami, procesi M &amp; A ter konsolidacijo poslovanja. Njegova strokovna podro\u010dja vklju\u010dujejo investicijsko in poslovno strategijo, finan\u010dno upravljanje, upravljanje portfelja in premo\u017eenja [&hellip;]<\/p>\n","protected":false},"author":1,"featured_media":0,"parent":10673,"menu_order":0,"comment_status":"closed","ping_status":"closed","template":"elementor_header_footer","meta":{"_acf_changed":false,"footnotes":""},"class_list":["post-10681","page","type-page","status-publish","hentry"],"acf":[],"yoast_head":"<!-- This site is optimized with the Yoast SEO plugin v27.1.1 - https:\/\/yoast.com\/product\/yoast-seo-wordpress\/ -->\n<title>Predsednik - MK Group<\/title>\n<meta name=\"description\" content=\"Aleksandar Kosti\u0107 je predsednik dru\u017ebe MK Group in podpredsednik upravnega odbora AIK Group.\" \/>\n<meta name=\"robots\" content=\"index, follow, max-snippet:-1, max-image-preview:large, max-video-preview:-1\" \/>\n<link rel=\"canonical\" href=\"https:\/\/mkgroup.rs\/sl\/o-podjetju\/vodstvena-ekipa\/podpredsednik\/\" \/>\n<meta property=\"og:locale\" content=\"sl_SI\" \/>\n<meta property=\"og:type\" content=\"article\" \/>\n<meta property=\"og:title\" content=\"Aleksandar Kosti\u0107 - Predsednik MK Group\" \/>\n<meta property=\"og:description\" content=\"Aleksandar Kosti\u0107 je predsednik dru\u017ebe MK Group in podpredsednik upravnega odbora AIK Group.\" \/>\n<meta property=\"og:url\" content=\"https:\/\/mkgroup.rs\/sl\/o-podjetju\/vodstvena-ekipa\/podpredsednik\/\" \/>\n<meta property=\"og:site_name\" content=\"MK Group\" \/>\n<meta property=\"article:modified_time\" content=\"2025-12-05T12:56:34+00:00\" \/>\n<meta property=\"og:image\" content=\"https:\/\/mkgroup.rs\/wp-content\/uploads\/2024\/01\/aleksandar-kostic-min.jpg\" \/>\n\t<meta property=\"og:image:width\" content=\"545\" \/>\n\t<meta property=\"og:image:height\" content=\"634\" \/>\n\t<meta property=\"og:image:type\" content=\"image\/jpeg\" \/>\n<meta name=\"twitter:card\" content=\"summary_large_image\" \/>\n<meta name=\"twitter:label1\" content=\"Est. reading time\" \/>\n\t<meta name=\"twitter:data1\" content=\"1 minuta\" \/>\n<script type=\"application\/ld+json\" class=\"yoast-schema-graph\">{\"@context\":\"https:\/\/schema.org\",\"@graph\":[{\"@type\":\"WebPage\",\"@id\":\"https:\/\/mkgroup.rs\/sl\/o-podjetju\/vodstvena-ekipa\/podpredsednik\/\",\"url\":\"https:\/\/mkgroup.rs\/sl\/o-podjetju\/vodstvena-ekipa\/podpredsednik\/\",\"name\":\"Predsednik - MK Group\",\"isPartOf\":{\"@id\":\"https:\/\/mkgroup.rs\/sl\/#website\"},\"primaryImageOfPage\":{\"@id\":\"https:\/\/mkgroup.rs\/sl\/o-podjetju\/vodstvena-ekipa\/podpredsednik\/#primaryimage\"},\"image\":{\"@id\":\"https:\/\/mkgroup.rs\/sl\/o-podjetju\/vodstvena-ekipa\/podpredsednik\/#primaryimage\"},\"thumbnailUrl\":\"https:\/\/mkgroup.rs\/wp-content\/uploads\/2024\/01\/aleksandar-kostic-min.jpg\",\"datePublished\":\"2024-01-22T10:41:52+00:00\",\"dateModified\":\"2025-12-05T12:56:34+00:00\",\"description\":\"Aleksandar Kosti\u0107 je predsednik dru\u017ebe MK Group in podpredsednik upravnega odbora AIK Group.\",\"breadcrumb\":{\"@id\":\"https:\/\/mkgroup.rs\/sl\/o-podjetju\/vodstvena-ekipa\/podpredsednik\/#breadcrumb\"},\"inLanguage\":\"sl-SI\",\"potentialAction\":[{\"@type\":\"ReadAction\",\"target\":[\"https:\/\/mkgroup.rs\/sl\/o-podjetju\/vodstvena-ekipa\/podpredsednik\/\"]}]},{\"@type\":\"ImageObject\",\"inLanguage\":\"sl-SI\",\"@id\":\"https:\/\/mkgroup.rs\/sl\/o-podjetju\/vodstvena-ekipa\/podpredsednik\/#primaryimage\",\"url\":\"https:\/\/mkgroup.rs\/wp-content\/uploads\/2024\/01\/aleksandar-kostic-min.jpg\",\"contentUrl\":\"https:\/\/mkgroup.rs\/wp-content\/uploads\/2024\/01\/aleksandar-kostic-min.jpg\"},{\"@type\":\"BreadcrumbList\",\"@id\":\"https:\/\/mkgroup.rs\/sl\/o-podjetju\/vodstvena-ekipa\/podpredsednik\/#breadcrumb\",\"itemListElement\":[{\"@type\":\"ListItem\",\"position\":1,\"name\":\"Home\",\"item\":\"https:\/\/mkgroup.rs\/sl\/\"},{\"@type\":\"ListItem\",\"position\":2,\"name\":\"O podjetju\",\"item\":\"https:\/\/mkgroup.rs\/sl\/o-podjetju\/\"},{\"@type\":\"ListItem\",\"position\":3,\"name\":\"Vodstvena ekipa\",\"item\":\"https:\/\/mkgroup.rs\/sl\/o-podjetju\/vodstvena-ekipa\/\"},{\"@type\":\"ListItem\",\"position\":4,\"name\":\"Predsednik\"}]},{\"@type\":\"WebSite\",\"@id\":\"https:\/\/mkgroup.rs\/sl\/#website\",\"url\":\"https:\/\/mkgroup.rs\/sl\/\",\"name\":\"MK Group\",\"description\":\"One vision. Smart Decisions.\",\"publisher\":{\"@id\":\"https:\/\/mkgroup.rs\/sl\/#organization\"},\"potentialAction\":[{\"@type\":\"SearchAction\",\"target\":{\"@type\":\"EntryPoint\",\"urlTemplate\":\"https:\/\/mkgroup.rs\/sl\/?s={search_term_string}\"},\"query-input\":{\"@type\":\"PropertyValueSpecification\",\"valueRequired\":true,\"valueName\":\"search_term_string\"}}],\"inLanguage\":\"sl-SI\"},{\"@type\":\"Organization\",\"@id\":\"https:\/\/mkgroup.rs\/sl\/#organization\",\"name\":\"MK Group\",\"url\":\"https:\/\/mkgroup.rs\/sl\/\",\"logo\":{\"@type\":\"ImageObject\",\"inLanguage\":\"sl-SI\",\"@id\":\"https:\/\/mkgroup.rs\/sl\/#\/schema\/logo\/image\/\",\"url\":\"https:\/\/mkgroup.rs\/wp-content\/uploads\/2023\/12\/mk-logo.png\",\"contentUrl\":\"https:\/\/mkgroup.rs\/wp-content\/uploads\/2023\/12\/mk-logo.png\",\"width\":255,\"height\":64,\"caption\":\"MK Group\"},\"image\":{\"@id\":\"https:\/\/mkgroup.rs\/sl\/#\/schema\/logo\/image\/\"},\"sameAs\":[\"https:\/\/www.linkedin.com\/company\/mk-group\/?originalSubdomain=rs\",\"https:\/\/www.youtube.com\/@MKGroupVideo\/featured\"]}]}<\/script>\n<!-- \/ Yoast SEO plugin. -->","yoast_head_json":{"title":"Predsednik - MK Group","description":"Aleksandar Kosti\u0107 je predsednik dru\u017ebe MK Group in podpredsednik upravnega odbora AIK Group.","robots":{"index":"index","follow":"follow","max-snippet":"max-snippet:-1","max-image-preview":"max-image-preview:large","max-video-preview":"max-video-preview:-1"},"canonical":"https:\/\/mkgroup.rs\/sl\/o-podjetju\/vodstvena-ekipa\/podpredsednik\/","og_locale":"sl_SI","og_type":"article","og_title":"Aleksandar Kosti\u0107 - Predsednik MK Group","og_description":"Aleksandar Kosti\u0107 je predsednik dru\u017ebe MK Group in podpredsednik upravnega odbora AIK Group.","og_url":"https:\/\/mkgroup.rs\/sl\/o-podjetju\/vodstvena-ekipa\/podpredsednik\/","og_site_name":"MK Group","article_modified_time":"2025-12-05T12:56:34+00:00","og_image":[{"width":545,"height":634,"url":"https:\/\/mkgroup.rs\/wp-content\/uploads\/2024\/01\/aleksandar-kostic-min.jpg","type":"image\/jpeg"}],"twitter_card":"summary_large_image","twitter_misc":{"Est. reading time":"1 minuta"},"schema":{"@context":"https:\/\/schema.org","@graph":[{"@type":"WebPage","@id":"https:\/\/mkgroup.rs\/sl\/o-podjetju\/vodstvena-ekipa\/podpredsednik\/","url":"https:\/\/mkgroup.rs\/sl\/o-podjetju\/vodstvena-ekipa\/podpredsednik\/","name":"Predsednik - MK Group","isPartOf":{"@id":"https:\/\/mkgroup.rs\/sl\/#website"},"primaryImageOfPage":{"@id":"https:\/\/mkgroup.rs\/sl\/o-podjetju\/vodstvena-ekipa\/podpredsednik\/#primaryimage"},"image":{"@id":"https:\/\/mkgroup.rs\/sl\/o-podjetju\/vodstvena-ekipa\/podpredsednik\/#primaryimage"},"thumbnailUrl":"https:\/\/mkgroup.rs\/wp-content\/uploads\/2024\/01\/aleksandar-kostic-min.jpg","datePublished":"2024-01-22T10:41:52+00:00","dateModified":"2025-12-05T12:56:34+00:00","description":"Aleksandar Kosti\u0107 je predsednik dru\u017ebe MK Group in podpredsednik upravnega odbora AIK Group.","breadcrumb":{"@id":"https:\/\/mkgroup.rs\/sl\/o-podjetju\/vodstvena-ekipa\/podpredsednik\/#breadcrumb"},"inLanguage":"sl-SI","potentialAction":[{"@type":"ReadAction","target":["https:\/\/mkgroup.rs\/sl\/o-podjetju\/vodstvena-ekipa\/podpredsednik\/"]}]},{"@type":"ImageObject","inLanguage":"sl-SI","@id":"https:\/\/mkgroup.rs\/sl\/o-podjetju\/vodstvena-ekipa\/podpredsednik\/#primaryimage","url":"https:\/\/mkgroup.rs\/wp-content\/uploads\/2024\/01\/aleksandar-kostic-min.jpg","contentUrl":"https:\/\/mkgroup.rs\/wp-content\/uploads\/2024\/01\/aleksandar-kostic-min.jpg"},{"@type":"BreadcrumbList","@id":"https:\/\/mkgroup.rs\/sl\/o-podjetju\/vodstvena-ekipa\/podpredsednik\/#breadcrumb","itemListElement":[{"@type":"ListItem","position":1,"name":"Home","item":"https:\/\/mkgroup.rs\/sl\/"},{"@type":"ListItem","position":2,"name":"O podjetju","item":"https:\/\/mkgroup.rs\/sl\/o-podjetju\/"},{"@type":"ListItem","position":3,"name":"Vodstvena ekipa","item":"https:\/\/mkgroup.rs\/sl\/o-podjetju\/vodstvena-ekipa\/"},{"@type":"ListItem","position":4,"name":"Predsednik"}]},{"@type":"WebSite","@id":"https:\/\/mkgroup.rs\/sl\/#website","url":"https:\/\/mkgroup.rs\/sl\/","name":"MK Group","description":"One vision. Smart Decisions.","publisher":{"@id":"https:\/\/mkgroup.rs\/sl\/#organization"},"potentialAction":[{"@type":"SearchAction","target":{"@type":"EntryPoint","urlTemplate":"https:\/\/mkgroup.rs\/sl\/?s={search_term_string}"},"query-input":{"@type":"PropertyValueSpecification","valueRequired":true,"valueName":"search_term_string"}}],"inLanguage":"sl-SI"},{"@type":"Organization","@id":"https:\/\/mkgroup.rs\/sl\/#organization","name":"MK Group","url":"https:\/\/mkgroup.rs\/sl\/","logo":{"@type":"ImageObject","inLanguage":"sl-SI","@id":"https:\/\/mkgroup.rs\/sl\/#\/schema\/logo\/image\/","url":"https:\/\/mkgroup.rs\/wp-content\/uploads\/2023\/12\/mk-logo.png","contentUrl":"https:\/\/mkgroup.rs\/wp-content\/uploads\/2023\/12\/mk-logo.png","width":255,"height":64,"caption":"MK Group"},"image":{"@id":"https:\/\/mkgroup.rs\/sl\/#\/schema\/logo\/image\/"},"sameAs":["https:\/\/www.linkedin.com\/company\/mk-group\/?originalSubdomain=rs","https:\/\/www.youtube.com\/@MKGroupVideo\/featured"]}]}},"_links":{"self":[{"href":"https:\/\/mkgroup.rs\/sl\/wp-json\/wp\/v2\/pages\/10681","targetHints":{"allow":["GET"]}}],"collection":[{"href":"https:\/\/mkgroup.rs\/sl\/wp-json\/wp\/v2\/pages"}],"about":[{"href":"https:\/\/mkgroup.rs\/sl\/wp-json\/wp\/v2\/types\/page"}],"author":[{"embeddable":true,"href":"https:\/\/mkgroup.rs\/sl\/wp-json\/wp\/v2\/users\/1"}],"replies":[{"embeddable":true,"href":"https:\/\/mkgroup.rs\/sl\/wp-json\/wp\/v2\/comments?post=10681"}],"version-history":[{"count":5,"href":"https:\/\/mkgroup.rs\/sl\/wp-json\/wp\/v2\/pages\/10681\/revisions"}],"predecessor-version":[{"id":24310,"href":"https:\/\/mkgroup.rs\/sl\/wp-json\/wp\/v2\/pages\/10681\/revisions\/24310"}],"up":[{"embeddable":true,"href":"https:\/\/mkgroup.rs\/sl\/wp-json\/wp\/v2\/pages\/10673"}],"wp:attachment":[{"href":"https:\/\/mkgroup.rs\/sl\/wp-json\/wp\/v2\/media?parent=10681"}],"curies":[{"name":"wp","href":"https:\/\/api.w.org\/{rel}","templated":true}]}}