{"id":10685,"date":"2024-01-22T10:42:09","date_gmt":"2024-01-22T10:42:09","guid":{"rendered":"https:\/\/mkgroup.rs\/o-podjetju\/vodstvena-ekipa\/generalni-direktor\/"},"modified":"2024-09-13T09:41:58","modified_gmt":"2024-09-13T09:41:58","slug":"generalni-direktor","status":"publish","type":"page","link":"https:\/\/mkgroup.rs\/sl\/o-podjetju\/vodstvena-ekipa\/generalni-direktor\/","title":{"rendered":"Generalni direktor"},"content":{"rendered":"\t\t<div data-elementor-type=\"wp-page\" data-elementor-id=\"10685\" class=\"elementor elementor-10685 elementor-486\" data-elementor-post-type=\"page\">\n\t\t\t\t\t\t<section class=\"elementor-section elementor-top-section elementor-element elementor-element-6d80af7 elementor-section-full_width elementor-section-height-default elementor-section-height-default\" data-id=\"6d80af7\" data-element_type=\"section\" data-e-type=\"section\">\n\t\t\t\t\t\t<div class=\"elementor-container elementor-column-gap-no\">\n\t\t\t\t\t<div class=\"elementor-column elementor-col-100 elementor-top-column elementor-element elementor-element-f9bc03a\" data-id=\"f9bc03a\" data-element_type=\"column\" data-e-type=\"column\">\n\t\t\t<div class=\"elementor-widget-wrap elementor-element-populated\">\n\t\t\t\t\t\t<div class=\"elementor-element elementor-element-c1e534a elementor-widget elementor-widget-template\" data-id=\"c1e534a\" data-element_type=\"widget\" data-e-type=\"widget\" data-widget_type=\"template.default\">\n\t\t\t\t<div class=\"elementor-widget-container\">\n\t\t\t\t\t\t\t<div class=\"elementor-template\">\n\t\t\t\t\t<div data-elementor-type=\"section\" data-elementor-id=\"19875\" class=\"elementor elementor-19875\" data-elementor-post-type=\"elementor_library\">\n\t\t\t\t\t<section class=\"elementor-section elementor-top-section elementor-element elementor-element-f763e60 elementor-section-height-min-height elementor-section-items-top elementor-section-full_width elementor-section-height-default\" data-id=\"f763e60\" data-element_type=\"section\" data-e-type=\"section\" data-settings=\"{&quot;background_background&quot;:&quot;classic&quot;}\">\n\t\t\t\t\t\t\t<div class=\"elementor-background-overlay\"><\/div>\n\t\t\t\t\t\t\t<div class=\"elementor-container elementor-column-gap-no\">\n\t\t\t\t\t<div class=\"elementor-column elementor-col-100 elementor-top-column elementor-element elementor-element-6ca1044\" data-id=\"6ca1044\" data-element_type=\"column\" data-e-type=\"column\" data-settings=\"{&quot;animation_mobile&quot;:&quot;none&quot;}\">\n\t\t\t<div class=\"elementor-widget-wrap\">\n\t\t\t\t\t\t\t<\/div>\n\t\t<\/div>\n\t\t\t\t\t<\/div>\n\t\t<\/section>\n\t\t\t\t<\/div>\n\t\t\t\t<\/div>\n\t\t\t\t\t\t<\/div>\n\t\t\t\t<\/div>\n\t\t\t\t\t<\/div>\n\t\t<\/div>\n\t\t\t\t\t<\/div>\n\t\t<\/section>\n\t\t\t\t<section class=\"elementor-section elementor-top-section elementor-element elementor-element-9bb8fcf elementor-reverse-tablet elementor-reverse-mobile elementor-section-full_width elementor-section-height-default elementor-section-height-default\" data-id=\"9bb8fcf\" data-element_type=\"section\" data-e-type=\"section\">\n\t\t\t\t\t\t<div class=\"elementor-container elementor-column-gap-no\">\n\t\t\t\t\t<div class=\"elementor-column elementor-col-50 elementor-top-column elementor-element elementor-element-b50747c\" data-id=\"b50747c\" data-element_type=\"column\" data-e-type=\"column\">\n\t\t\t<div class=\"elementor-widget-wrap elementor-element-populated\">\n\t\t\t\t\t\t<section class=\"elementor-section elementor-inner-section elementor-element elementor-element-ac94a3c elementor-section-content-top elementor-section-boxed elementor-section-height-default elementor-section-height-default\" data-id=\"ac94a3c\" data-element_type=\"section\" data-e-type=\"section\">\n\t\t\t\t\t\t<div class=\"elementor-container elementor-column-gap-no\">\n\t\t\t\t\t<div class=\"elementor-column elementor-col-50 elementor-inner-column elementor-element elementor-element-7d645ee\" data-id=\"7d645ee\" data-element_type=\"column\" data-e-type=\"column\">\n\t\t\t<div class=\"elementor-widget-wrap elementor-element-populated\">\n\t\t\t\t\t\t<div class=\"elementor-element elementor-element-0f853fb elementor-invisible elementor-widget elementor-widget-heading\" data-id=\"0f853fb\" data-element_type=\"widget\" data-e-type=\"widget\" data-settings=\"{&quot;_animation&quot;:&quot;fadeInLeft&quot;,&quot;_animation_tablet&quot;:&quot;fadeIn&quot;}\" data-widget_type=\"heading.default\">\n\t\t\t\t<div class=\"elementor-widget-container\">\n\t\t\t\t\t<h3 class=\"elementor-heading-title elementor-size-default\">Vodstvena ekipa<\/h3>\t\t\t\t<\/div>\n\t\t\t\t<\/div>\n\t\t\t\t\t<\/div>\n\t\t<\/div>\n\t\t\t\t<div class=\"elementor-column elementor-col-50 elementor-inner-column elementor-element elementor-element-06a8b6e\" data-id=\"06a8b6e\" data-element_type=\"column\" data-e-type=\"column\">\n\t\t\t<div class=\"elementor-widget-wrap elementor-element-populated\">\n\t\t\t\t\t\t<div class=\"elementor-element elementor-element-bc8d2f6 elementor-widget-tablet__width-initial elementor-widget-divider--view-line elementor-widget elementor-widget-divider\" data-id=\"bc8d2f6\" data-element_type=\"widget\" data-e-type=\"widget\" data-widget_type=\"divider.default\">\n\t\t\t\t<div class=\"elementor-widget-container\">\n\t\t\t\t\t\t\t<div class=\"elementor-divider\">\n\t\t\t<span class=\"elementor-divider-separator\">\n\t\t\t\t\t\t<\/span>\n\t\t<\/div>\n\t\t\t\t\t\t<\/div>\n\t\t\t\t<\/div>\n\t\t\t\t\t<\/div>\n\t\t<\/div>\n\t\t\t\t\t<\/div>\n\t\t<\/section>\n\t\t\t\t<section class=\"elementor-section elementor-inner-section elementor-element elementor-element-caaaf84 elementor-section-content-top elementor-section-boxed elementor-section-height-default elementor-section-height-default\" data-id=\"caaaf84\" data-element_type=\"section\" data-e-type=\"section\">\n\t\t\t\t\t\t<div class=\"elementor-container elementor-column-gap-no\">\n\t\t\t\t\t<div class=\"elementor-column elementor-col-100 elementor-inner-column elementor-element elementor-element-c81a635\" data-id=\"c81a635\" data-element_type=\"column\" data-e-type=\"column\">\n\t\t\t<div class=\"elementor-widget-wrap elementor-element-populated\">\n\t\t\t\t\t\t<div class=\"elementor-element elementor-element-2339a04 elementor-invisible elementor-widget elementor-widget-heading\" data-id=\"2339a04\" data-element_type=\"widget\" data-e-type=\"widget\" data-settings=\"{&quot;_animation&quot;:&quot;fadeIn&quot;}\" data-widget_type=\"heading.default\">\n\t\t\t\t<div class=\"elementor-widget-container\">\n\t\t\t\t\t<h2 class=\"elementor-heading-title elementor-size-default\">Mihailo Jankovi\u0107\n<\/h2>\t\t\t\t<\/div>\n\t\t\t\t<\/div>\n\t\t\t\t<div class=\"elementor-element elementor-element-6a64d30 elementor-invisible elementor-widget elementor-widget-heading\" data-id=\"6a64d30\" data-element_type=\"widget\" data-e-type=\"widget\" data-settings=\"{&quot;_animation&quot;:&quot;fadeIn&quot;}\" data-widget_type=\"heading.default\">\n\t\t\t\t<div class=\"elementor-widget-container\">\n\t\t\t\t\t<h2 class=\"elementor-heading-title elementor-size-default\">Generalni direktor MK Group\n<\/h2>\t\t\t\t<\/div>\n\t\t\t\t<\/div>\n\t\t\t\t<div class=\"elementor-element elementor-element-ea60af4 elementor-invisible elementor-widget elementor-widget-text-editor\" data-id=\"ea60af4\" data-element_type=\"widget\" data-e-type=\"widget\" data-settings=\"{&quot;_animation&quot;:&quot;fadeIn&quot;}\" data-widget_type=\"text-editor.default\">\n\t\t\t\t<div class=\"elementor-widget-container\">\n\t\t\t\t\t\t\t\t\t<p>Mihailo Jankovi\u0107 je na polo\u017eaju generalnega direktorja dru\u017ebe MK Group od januarja 2021. Ima bogate izku\u0161nje na podro\u010dju preoblikovanja podjetij in oblikovanja u\u010dinkovitih modelov poslovanja, ki omogo\u010dajo trajnostno rast in razvoj poslovanja. Skupaj z najvi\u0161jim vodstvom dru\u017ebe MK Group deluje pri odlo\u010danju in uresni\u010devanju poslovne in nalo\u017ebene strategije ter doseganju poslovnih ciljev v dr\u017eavi in regiji. Svoje bogate vodstvene in upravljavske izku\u0161nje je pridobil v dveh desetletjih dela za vodilne multinacionalne dru\u017ebe in tudi za dru\u017ebe v lasti zasebnih investicijskih skladov. Strate\u0161ki razvoj poslovanja in kadrov ter upravljanje sprememb so podro\u010dja, ki so zaznamovala njegovo dosedanjo kariero.<\/p><p>Ve\u010dkrat je bil \u010dlan upravnih odborov strokovnih gospodarskih zdru\u017eenj in neprofitnih organizacij v Srbiji. Je predsednik Upravnega odbora SAM (Srbskega zdru\u017eenja managerjev) in je tudi dobitnik nagrade Mened\u017eer leta 2019, ki jo podeljuje to zdru\u017eenje.<\/p><p>Diplomiral je na Ekonomski fakulteti v Beogradu.<\/p>\t\t\t\t\t\t\t\t<\/div>\n\t\t\t\t<\/div>\n\t\t\t\t\t<\/div>\n\t\t<\/div>\n\t\t\t\t\t<\/div>\n\t\t<\/section>\n\t\t\t\t\t<\/div>\n\t\t<\/div>\n\t\t\t\t<div class=\"elementor-column elementor-col-50 elementor-top-column elementor-element elementor-element-5fd56bb\" data-id=\"5fd56bb\" data-element_type=\"column\" data-e-type=\"column\">\n\t\t\t<div class=\"elementor-widget-wrap elementor-element-populated\">\n\t\t\t\t\t\t<div class=\"elementor-element elementor-element-305fd10 elementor-widget elementor-widget-image\" data-id=\"305fd10\" data-element_type=\"widget\" data-e-type=\"widget\" data-widget_type=\"image.default\">\n\t\t\t\t<div class=\"elementor-widget-container\">\n\t\t\t\t\t\t\t\t\t\t\t\t\t\t\t<img fetchpriority=\"high\" decoding=\"async\" width=\"545\" height=\"634\" src=\"https:\/\/mkgroup.rs\/wp-content\/uploads\/2024\/01\/mihajlojankovic-min.jpg\" class=\"attachment-full size-full wp-image-9258\" alt=\"\" srcset=\"https:\/\/mkgroup.rs\/wp-content\/uploads\/2024\/01\/mihajlojankovic-min.jpg 545w, https:\/\/mkgroup.rs\/wp-content\/uploads\/2024\/01\/mihajlojankovic-min-258x300.jpg 258w\" sizes=\"(max-width: 545px) 100vw, 545px\" \/>\t\t\t\t\t\t\t\t\t\t\t\t\t\t\t<\/div>\n\t\t\t\t<\/div>\n\t\t\t\t\t<\/div>\n\t\t<\/div>\n\t\t\t\t\t<\/div>\n\t\t<\/section>\n\t\t\t\t<\/div>\n\t\t","protected":false},"excerpt":{"rendered":"<p>Vodstvena ekipa Mihailo Jankovi\u0107 Generalni direktor MK Group Mihailo Jankovi\u0107 je na polo\u017eaju generalnega direktorja dru\u017ebe MK Group od januarja 2021. Ima bogate izku\u0161nje na podro\u010dju preoblikovanja podjetij in oblikovanja u\u010dinkovitih modelov poslovanja, ki omogo\u010dajo trajnostno rast in razvoj poslovanja. Skupaj z najvi\u0161jim vodstvom dru\u017ebe MK Group deluje pri odlo\u010danju in uresni\u010devanju poslovne in nalo\u017ebene [&hellip;]<\/p>\n","protected":false},"author":1,"featured_media":0,"parent":10673,"menu_order":0,"comment_status":"closed","ping_status":"closed","template":"elementor_header_footer","meta":{"_acf_changed":false,"footnotes":""},"class_list":["post-10685","page","type-page","status-publish","hentry"],"acf":[],"yoast_head":"<!-- This site is optimized with the Yoast SEO plugin v27.1.1 - https:\/\/yoast.com\/product\/yoast-seo-wordpress\/ -->\n<title>Generalni direktor - MK Group<\/title>\n<meta name=\"description\" content=\"Mihailo Jankovi\u0107 je na polo\u017eaju generalnega direktorja dru\u017ebe MK Group od januarja 2021.\" \/>\n<meta name=\"robots\" content=\"index, follow, max-snippet:-1, max-image-preview:large, max-video-preview:-1\" \/>\n<link rel=\"canonical\" href=\"https:\/\/mkgroup.rs\/sl\/o-podjetju\/vodstvena-ekipa\/generalni-direktor\/\" \/>\n<meta property=\"og:locale\" content=\"sl_SI\" \/>\n<meta property=\"og:type\" content=\"article\" \/>\n<meta property=\"og:title\" content=\"Mihailo Jankovi\u0107 - generalni direktor MK Group\" \/>\n<meta property=\"og:description\" content=\"Mihailo Jankovi\u0107 je na polo\u017eaju generalnega direktorja dru\u017ebe MK Group od januarja 2021.\" \/>\n<meta property=\"og:url\" content=\"https:\/\/mkgroup.rs\/sl\/o-podjetju\/vodstvena-ekipa\/generalni-direktor\/\" \/>\n<meta property=\"og:site_name\" content=\"MK Group\" \/>\n<meta property=\"article:modified_time\" content=\"2024-09-13T09:41:58+00:00\" \/>\n<meta property=\"og:image\" content=\"https:\/\/mkgroup.rs\/wp-content\/uploads\/2024\/01\/mihajlojankovic-min.jpg\" \/>\n<meta name=\"twitter:card\" content=\"summary_large_image\" \/>\n<meta name=\"twitter:label1\" content=\"Est. reading time\" \/>\n\t<meta name=\"twitter:data1\" content=\"2 minuti\" \/>\n<script type=\"application\/ld+json\" class=\"yoast-schema-graph\">{\"@context\":\"https:\/\/schema.org\",\"@graph\":[{\"@type\":\"WebPage\",\"@id\":\"https:\/\/mkgroup.rs\/sl\/o-podjetju\/vodstvena-ekipa\/generalni-direktor\/\",\"url\":\"https:\/\/mkgroup.rs\/sl\/o-podjetju\/vodstvena-ekipa\/generalni-direktor\/\",\"name\":\"Generalni direktor - MK Group\",\"isPartOf\":{\"@id\":\"https:\/\/mkgroup.rs\/sl\/#website\"},\"primaryImageOfPage\":{\"@id\":\"https:\/\/mkgroup.rs\/sl\/o-podjetju\/vodstvena-ekipa\/generalni-direktor\/#primaryimage\"},\"image\":{\"@id\":\"https:\/\/mkgroup.rs\/sl\/o-podjetju\/vodstvena-ekipa\/generalni-direktor\/#primaryimage\"},\"thumbnailUrl\":\"https:\/\/mkgroup.rs\/wp-content\/uploads\/2024\/01\/mihajlojankovic-min.jpg\",\"datePublished\":\"2024-01-22T10:42:09+00:00\",\"dateModified\":\"2024-09-13T09:41:58+00:00\",\"description\":\"Mihailo Jankovi\u0107 je na polo\u017eaju generalnega direktorja dru\u017ebe MK Group od januarja 2021.\",\"breadcrumb\":{\"@id\":\"https:\/\/mkgroup.rs\/sl\/o-podjetju\/vodstvena-ekipa\/generalni-direktor\/#breadcrumb\"},\"inLanguage\":\"sl-SI\",\"potentialAction\":[{\"@type\":\"ReadAction\",\"target\":[\"https:\/\/mkgroup.rs\/sl\/o-podjetju\/vodstvena-ekipa\/generalni-direktor\/\"]}]},{\"@type\":\"ImageObject\",\"inLanguage\":\"sl-SI\",\"@id\":\"https:\/\/mkgroup.rs\/sl\/o-podjetju\/vodstvena-ekipa\/generalni-direktor\/#primaryimage\",\"url\":\"https:\/\/mkgroup.rs\/wp-content\/uploads\/2024\/01\/mihajlojankovic-min.jpg\",\"contentUrl\":\"https:\/\/mkgroup.rs\/wp-content\/uploads\/2024\/01\/mihajlojankovic-min.jpg\"},{\"@type\":\"BreadcrumbList\",\"@id\":\"https:\/\/mkgroup.rs\/sl\/o-podjetju\/vodstvena-ekipa\/generalni-direktor\/#breadcrumb\",\"itemListElement\":[{\"@type\":\"ListItem\",\"position\":1,\"name\":\"Home\",\"item\":\"https:\/\/mkgroup.rs\/sl\/\"},{\"@type\":\"ListItem\",\"position\":2,\"name\":\"O podjetju\",\"item\":\"https:\/\/mkgroup.rs\/sl\/o-podjetju\/\"},{\"@type\":\"ListItem\",\"position\":3,\"name\":\"Vodstvena ekipa\",\"item\":\"https:\/\/mkgroup.rs\/sl\/o-podjetju\/vodstvena-ekipa\/\"},{\"@type\":\"ListItem\",\"position\":4,\"name\":\"Generalni direktor\"}]},{\"@type\":\"WebSite\",\"@id\":\"https:\/\/mkgroup.rs\/sl\/#website\",\"url\":\"https:\/\/mkgroup.rs\/sl\/\",\"name\":\"MK Group\",\"description\":\"One vision. Smart Decisions.\",\"publisher\":{\"@id\":\"https:\/\/mkgroup.rs\/sl\/#organization\"},\"potentialAction\":[{\"@type\":\"SearchAction\",\"target\":{\"@type\":\"EntryPoint\",\"urlTemplate\":\"https:\/\/mkgroup.rs\/sl\/?s={search_term_string}\"},\"query-input\":{\"@type\":\"PropertyValueSpecification\",\"valueRequired\":true,\"valueName\":\"search_term_string\"}}],\"inLanguage\":\"sl-SI\"},{\"@type\":\"Organization\",\"@id\":\"https:\/\/mkgroup.rs\/sl\/#organization\",\"name\":\"MK Group\",\"url\":\"https:\/\/mkgroup.rs\/sl\/\",\"logo\":{\"@type\":\"ImageObject\",\"inLanguage\":\"sl-SI\",\"@id\":\"https:\/\/mkgroup.rs\/sl\/#\/schema\/logo\/image\/\",\"url\":\"https:\/\/mkgroup.rs\/wp-content\/uploads\/2023\/12\/mk-logo.png\",\"contentUrl\":\"https:\/\/mkgroup.rs\/wp-content\/uploads\/2023\/12\/mk-logo.png\",\"width\":255,\"height\":64,\"caption\":\"MK Group\"},\"image\":{\"@id\":\"https:\/\/mkgroup.rs\/sl\/#\/schema\/logo\/image\/\"},\"sameAs\":[\"https:\/\/www.linkedin.com\/company\/mk-group\/?originalSubdomain=rs\",\"https:\/\/www.youtube.com\/@MKGroupVideo\/featured\"]}]}<\/script>\n<!-- \/ Yoast SEO plugin. -->","yoast_head_json":{"title":"Generalni direktor - MK Group","description":"Mihailo Jankovi\u0107 je na polo\u017eaju generalnega direktorja dru\u017ebe MK Group od januarja 2021.","robots":{"index":"index","follow":"follow","max-snippet":"max-snippet:-1","max-image-preview":"max-image-preview:large","max-video-preview":"max-video-preview:-1"},"canonical":"https:\/\/mkgroup.rs\/sl\/o-podjetju\/vodstvena-ekipa\/generalni-direktor\/","og_locale":"sl_SI","og_type":"article","og_title":"Mihailo Jankovi\u0107 - generalni direktor MK Group","og_description":"Mihailo Jankovi\u0107 je na polo\u017eaju generalnega direktorja dru\u017ebe MK Group od januarja 2021.","og_url":"https:\/\/mkgroup.rs\/sl\/o-podjetju\/vodstvena-ekipa\/generalni-direktor\/","og_site_name":"MK Group","article_modified_time":"2024-09-13T09:41:58+00:00","og_image":[{"url":"https:\/\/mkgroup.rs\/wp-content\/uploads\/2024\/01\/mihajlojankovic-min.jpg","type":"","width":"","height":""}],"twitter_card":"summary_large_image","twitter_misc":{"Est. reading time":"2 minuti"},"schema":{"@context":"https:\/\/schema.org","@graph":[{"@type":"WebPage","@id":"https:\/\/mkgroup.rs\/sl\/o-podjetju\/vodstvena-ekipa\/generalni-direktor\/","url":"https:\/\/mkgroup.rs\/sl\/o-podjetju\/vodstvena-ekipa\/generalni-direktor\/","name":"Generalni direktor - MK Group","isPartOf":{"@id":"https:\/\/mkgroup.rs\/sl\/#website"},"primaryImageOfPage":{"@id":"https:\/\/mkgroup.rs\/sl\/o-podjetju\/vodstvena-ekipa\/generalni-direktor\/#primaryimage"},"image":{"@id":"https:\/\/mkgroup.rs\/sl\/o-podjetju\/vodstvena-ekipa\/generalni-direktor\/#primaryimage"},"thumbnailUrl":"https:\/\/mkgroup.rs\/wp-content\/uploads\/2024\/01\/mihajlojankovic-min.jpg","datePublished":"2024-01-22T10:42:09+00:00","dateModified":"2024-09-13T09:41:58+00:00","description":"Mihailo Jankovi\u0107 je na polo\u017eaju generalnega direktorja dru\u017ebe MK Group od januarja 2021.","breadcrumb":{"@id":"https:\/\/mkgroup.rs\/sl\/o-podjetju\/vodstvena-ekipa\/generalni-direktor\/#breadcrumb"},"inLanguage":"sl-SI","potentialAction":[{"@type":"ReadAction","target":["https:\/\/mkgroup.rs\/sl\/o-podjetju\/vodstvena-ekipa\/generalni-direktor\/"]}]},{"@type":"ImageObject","inLanguage":"sl-SI","@id":"https:\/\/mkgroup.rs\/sl\/o-podjetju\/vodstvena-ekipa\/generalni-direktor\/#primaryimage","url":"https:\/\/mkgroup.rs\/wp-content\/uploads\/2024\/01\/mihajlojankovic-min.jpg","contentUrl":"https:\/\/mkgroup.rs\/wp-content\/uploads\/2024\/01\/mihajlojankovic-min.jpg"},{"@type":"BreadcrumbList","@id":"https:\/\/mkgroup.rs\/sl\/o-podjetju\/vodstvena-ekipa\/generalni-direktor\/#breadcrumb","itemListElement":[{"@type":"ListItem","position":1,"name":"Home","item":"https:\/\/mkgroup.rs\/sl\/"},{"@type":"ListItem","position":2,"name":"O podjetju","item":"https:\/\/mkgroup.rs\/sl\/o-podjetju\/"},{"@type":"ListItem","position":3,"name":"Vodstvena ekipa","item":"https:\/\/mkgroup.rs\/sl\/o-podjetju\/vodstvena-ekipa\/"},{"@type":"ListItem","position":4,"name":"Generalni direktor"}]},{"@type":"WebSite","@id":"https:\/\/mkgroup.rs\/sl\/#website","url":"https:\/\/mkgroup.rs\/sl\/","name":"MK Group","description":"One vision. Smart Decisions.","publisher":{"@id":"https:\/\/mkgroup.rs\/sl\/#organization"},"potentialAction":[{"@type":"SearchAction","target":{"@type":"EntryPoint","urlTemplate":"https:\/\/mkgroup.rs\/sl\/?s={search_term_string}"},"query-input":{"@type":"PropertyValueSpecification","valueRequired":true,"valueName":"search_term_string"}}],"inLanguage":"sl-SI"},{"@type":"Organization","@id":"https:\/\/mkgroup.rs\/sl\/#organization","name":"MK Group","url":"https:\/\/mkgroup.rs\/sl\/","logo":{"@type":"ImageObject","inLanguage":"sl-SI","@id":"https:\/\/mkgroup.rs\/sl\/#\/schema\/logo\/image\/","url":"https:\/\/mkgroup.rs\/wp-content\/uploads\/2023\/12\/mk-logo.png","contentUrl":"https:\/\/mkgroup.rs\/wp-content\/uploads\/2023\/12\/mk-logo.png","width":255,"height":64,"caption":"MK Group"},"image":{"@id":"https:\/\/mkgroup.rs\/sl\/#\/schema\/logo\/image\/"},"sameAs":["https:\/\/www.linkedin.com\/company\/mk-group\/?originalSubdomain=rs","https:\/\/www.youtube.com\/@MKGroupVideo\/featured"]}]}},"_links":{"self":[{"href":"https:\/\/mkgroup.rs\/sl\/wp-json\/wp\/v2\/pages\/10685","targetHints":{"allow":["GET"]}}],"collection":[{"href":"https:\/\/mkgroup.rs\/sl\/wp-json\/wp\/v2\/pages"}],"about":[{"href":"https:\/\/mkgroup.rs\/sl\/wp-json\/wp\/v2\/types\/page"}],"author":[{"embeddable":true,"href":"https:\/\/mkgroup.rs\/sl\/wp-json\/wp\/v2\/users\/1"}],"replies":[{"embeddable":true,"href":"https:\/\/mkgroup.rs\/sl\/wp-json\/wp\/v2\/comments?post=10685"}],"version-history":[{"count":5,"href":"https:\/\/mkgroup.rs\/sl\/wp-json\/wp\/v2\/pages\/10685\/revisions"}],"predecessor-version":[{"id":21849,"href":"https:\/\/mkgroup.rs\/sl\/wp-json\/wp\/v2\/pages\/10685\/revisions\/21849"}],"up":[{"embeddable":true,"href":"https:\/\/mkgroup.rs\/sl\/wp-json\/wp\/v2\/pages\/10673"}],"wp:attachment":[{"href":"https:\/\/mkgroup.rs\/sl\/wp-json\/wp\/v2\/media?parent=10685"}],"curies":[{"name":"wp","href":"https:\/\/api.w.org\/{rel}","templated":true}]}}