{"id":10689,"date":"2024-01-22T10:42:35","date_gmt":"2024-01-22T10:42:35","guid":{"rendered":"https:\/\/mkgroup.rs\/o-podjetju\/vodstvena-ekipa\/direktor-druzbe-in-direktor-sektorja-pravnih-in-splosnih-zadev\/"},"modified":"2024-03-18T12:12:14","modified_gmt":"2024-03-18T12:12:14","slug":"direktor-druzbe-in-direktor-sektorja-pravnih-in-splosnih-zadev","status":"publish","type":"page","link":"https:\/\/mkgroup.rs\/sl\/o-podjetju\/vodstvena-ekipa\/direktor-druzbe-in-direktor-sektorja-pravnih-in-splosnih-zadev\/","title":{"rendered":"Direktor pravnih in splo\u0161nih zadev"},"content":{"rendered":"\t\t<div data-elementor-type=\"wp-page\" data-elementor-id=\"10689\" class=\"elementor elementor-10689 elementor-490\" data-elementor-post-type=\"page\">\n\t\t\t\t\t\t<section class=\"elementor-section elementor-top-section elementor-element elementor-element-321772d elementor-section-full_width elementor-section-height-default elementor-section-height-default\" data-id=\"321772d\" data-element_type=\"section\" data-e-type=\"section\">\n\t\t\t\t\t\t<div class=\"elementor-container elementor-column-gap-no\">\n\t\t\t\t\t<div class=\"elementor-column elementor-col-100 elementor-top-column elementor-element elementor-element-227d609\" data-id=\"227d609\" data-element_type=\"column\" data-e-type=\"column\">\n\t\t\t<div class=\"elementor-widget-wrap elementor-element-populated\">\n\t\t\t\t\t\t<div class=\"elementor-element elementor-element-cb891bb elementor-widget elementor-widget-template\" data-id=\"cb891bb\" data-element_type=\"widget\" data-e-type=\"widget\" data-widget_type=\"template.default\">\n\t\t\t\t<div class=\"elementor-widget-container\">\n\t\t\t\t\t\t\t<div class=\"elementor-template\">\n\t\t\t\t\t<div data-elementor-type=\"section\" data-elementor-id=\"19875\" class=\"elementor elementor-19875\" data-elementor-post-type=\"elementor_library\">\n\t\t\t\t\t<section class=\"elementor-section elementor-top-section elementor-element elementor-element-f763e60 elementor-section-height-min-height elementor-section-items-top elementor-section-full_width elementor-section-height-default\" data-id=\"f763e60\" data-element_type=\"section\" data-e-type=\"section\" data-settings=\"{&quot;background_background&quot;:&quot;classic&quot;}\">\n\t\t\t\t\t\t\t<div class=\"elementor-background-overlay\"><\/div>\n\t\t\t\t\t\t\t<div class=\"elementor-container elementor-column-gap-no\">\n\t\t\t\t\t<div class=\"elementor-column elementor-col-100 elementor-top-column elementor-element elementor-element-6ca1044\" data-id=\"6ca1044\" data-element_type=\"column\" data-e-type=\"column\" data-settings=\"{&quot;animation_mobile&quot;:&quot;none&quot;}\">\n\t\t\t<div class=\"elementor-widget-wrap\">\n\t\t\t\t\t\t\t<\/div>\n\t\t<\/div>\n\t\t\t\t\t<\/div>\n\t\t<\/section>\n\t\t\t\t<\/div>\n\t\t\t\t<\/div>\n\t\t\t\t\t\t<\/div>\n\t\t\t\t<\/div>\n\t\t\t\t\t<\/div>\n\t\t<\/div>\n\t\t\t\t\t<\/div>\n\t\t<\/section>\n\t\t\t\t<section class=\"elementor-section elementor-top-section elementor-element elementor-element-4bdcf45 elementor-reverse-tablet elementor-reverse-mobile elementor-section-full_width elementor-section-height-default elementor-section-height-default\" data-id=\"4bdcf45\" data-element_type=\"section\" data-e-type=\"section\">\n\t\t\t\t\t\t<div class=\"elementor-container elementor-column-gap-no\">\n\t\t\t\t\t<div class=\"elementor-column elementor-col-50 elementor-top-column elementor-element elementor-element-f7cd25c\" data-id=\"f7cd25c\" data-element_type=\"column\" data-e-type=\"column\">\n\t\t\t<div class=\"elementor-widget-wrap elementor-element-populated\">\n\t\t\t\t\t\t<section class=\"elementor-section elementor-inner-section elementor-element elementor-element-eafeb4b elementor-section-content-top elementor-section-boxed elementor-section-height-default elementor-section-height-default\" data-id=\"eafeb4b\" data-element_type=\"section\" data-e-type=\"section\">\n\t\t\t\t\t\t<div class=\"elementor-container elementor-column-gap-no\">\n\t\t\t\t\t<div class=\"elementor-column elementor-col-50 elementor-inner-column elementor-element elementor-element-6a39cb8\" data-id=\"6a39cb8\" data-element_type=\"column\" data-e-type=\"column\">\n\t\t\t<div class=\"elementor-widget-wrap elementor-element-populated\">\n\t\t\t\t\t\t<div class=\"elementor-element elementor-element-e50378c elementor-invisible elementor-widget elementor-widget-heading\" data-id=\"e50378c\" data-element_type=\"widget\" data-e-type=\"widget\" data-settings=\"{&quot;_animation&quot;:&quot;fadeInLeft&quot;,&quot;_animation_tablet&quot;:&quot;fadeIn&quot;}\" data-widget_type=\"heading.default\">\n\t\t\t\t<div class=\"elementor-widget-container\">\n\t\t\t\t\t<h3 class=\"elementor-heading-title elementor-size-default\">Vodstvena ekipa<\/h3>\t\t\t\t<\/div>\n\t\t\t\t<\/div>\n\t\t\t\t\t<\/div>\n\t\t<\/div>\n\t\t\t\t<div class=\"elementor-column elementor-col-50 elementor-inner-column elementor-element elementor-element-1316f33\" data-id=\"1316f33\" data-element_type=\"column\" data-e-type=\"column\">\n\t\t\t<div class=\"elementor-widget-wrap elementor-element-populated\">\n\t\t\t\t\t\t<div class=\"elementor-element elementor-element-2c8911b elementor-widget-tablet__width-initial elementor-widget-divider--view-line elementor-widget elementor-widget-divider\" data-id=\"2c8911b\" data-element_type=\"widget\" data-e-type=\"widget\" data-widget_type=\"divider.default\">\n\t\t\t\t<div class=\"elementor-widget-container\">\n\t\t\t\t\t\t\t<div class=\"elementor-divider\">\n\t\t\t<span class=\"elementor-divider-separator\">\n\t\t\t\t\t\t<\/span>\n\t\t<\/div>\n\t\t\t\t\t\t<\/div>\n\t\t\t\t<\/div>\n\t\t\t\t\t<\/div>\n\t\t<\/div>\n\t\t\t\t\t<\/div>\n\t\t<\/section>\n\t\t\t\t<section class=\"elementor-section elementor-inner-section elementor-element elementor-element-e0f48e1 elementor-section-content-top elementor-section-boxed elementor-section-height-default elementor-section-height-default\" data-id=\"e0f48e1\" data-element_type=\"section\" data-e-type=\"section\">\n\t\t\t\t\t\t<div class=\"elementor-container elementor-column-gap-no\">\n\t\t\t\t\t<div class=\"elementor-column elementor-col-100 elementor-inner-column elementor-element elementor-element-9874444\" data-id=\"9874444\" data-element_type=\"column\" data-e-type=\"column\">\n\t\t\t<div class=\"elementor-widget-wrap elementor-element-populated\">\n\t\t\t\t\t\t<div class=\"elementor-element elementor-element-b98a118 elementor-invisible elementor-widget elementor-widget-heading\" data-id=\"b98a118\" data-element_type=\"widget\" data-e-type=\"widget\" data-settings=\"{&quot;_animation&quot;:&quot;fadeIn&quot;}\" data-widget_type=\"heading.default\">\n\t\t\t\t<div class=\"elementor-widget-container\">\n\t\t\t\t\t<h2 class=\"elementor-heading-title elementor-size-default\">Jovan Purar\n<\/h2>\t\t\t\t<\/div>\n\t\t\t\t<\/div>\n\t\t\t\t<div class=\"elementor-element elementor-element-8224b34 elementor-invisible elementor-widget elementor-widget-heading\" data-id=\"8224b34\" data-element_type=\"widget\" data-e-type=\"widget\" data-settings=\"{&quot;_animation&quot;:&quot;fadeIn&quot;}\" data-widget_type=\"heading.default\">\n\t\t\t\t<div class=\"elementor-widget-container\">\n\t\t\t\t\t<h2 class=\"elementor-heading-title elementor-size-default\">\nDirektor pravnih in splo\u0161nih zadev MK Group<\/h2>\t\t\t\t<\/div>\n\t\t\t\t<\/div>\n\t\t\t\t<div class=\"elementor-element elementor-element-2846342 elementor-invisible elementor-widget elementor-widget-text-editor\" data-id=\"2846342\" data-element_type=\"widget\" data-e-type=\"widget\" data-settings=\"{&quot;_animation&quot;:&quot;fadeIn&quot;}\" data-widget_type=\"text-editor.default\">\n\t\t\t\t<div class=\"elementor-widget-container\">\n\t\t\t\t\t\t\t\t\t<p>Jovan Purar, direktor dru\u017ebe in direktor resorja za pravne in korporativne zadeve dru\u017ebe MK Group, \u017ee polnih dvajset let predstavlja dru\u017ebo pred sodstvom, dr\u017eavnimi in javnimi institucijami. Zaradi njegovega predanega dela je imela dru\u017eba MK Group pri vseh prevzemih in poslovnih podvigih trdne potrditve legitimnosti na evropskem in drugih trgih. Jovan Purar je zadol\u017een za pravno svetovanje v postopkih lastninjenja, pravno svetovanje pri sklepanju pogodb in drugih pravnih zadevah, za organizacijo in sistemizacijo, pravno svetovanje, pregled in nadzor pravnih storitev ter uresni\u010devanje in za\u0161\u010dito premo\u017eenjsko-pravnih in poslovnih interesov \u010dlanic sistema MK Group.<\/p>\n<p>Diplomiral je na Pravni fakulteti v Osijeku.<\/p>\n\t\t\t\t\t\t\t\t<\/div>\n\t\t\t\t<\/div>\n\t\t\t\t\t<\/div>\n\t\t<\/div>\n\t\t\t\t\t<\/div>\n\t\t<\/section>\n\t\t\t\t\t<\/div>\n\t\t<\/div>\n\t\t\t\t<div class=\"elementor-column elementor-col-50 elementor-top-column elementor-element elementor-element-00643f5\" data-id=\"00643f5\" data-element_type=\"column\" data-e-type=\"column\">\n\t\t\t<div class=\"elementor-widget-wrap elementor-element-populated\">\n\t\t\t\t\t\t<div class=\"elementor-element elementor-element-3812a62 elementor-widget elementor-widget-image\" data-id=\"3812a62\" data-element_type=\"widget\" data-e-type=\"widget\" data-widget_type=\"image.default\">\n\t\t\t\t<div class=\"elementor-widget-container\">\n\t\t\t\t\t\t\t\t\t\t\t\t\t\t\t<img fetchpriority=\"high\" decoding=\"async\" width=\"545\" height=\"634\" src=\"https:\/\/mkgroup.rs\/wp-content\/uploads\/2024\/01\/jovan-purar-min.jpg\" class=\"attachment-full size-full wp-image-9254\" alt=\"\" srcset=\"https:\/\/mkgroup.rs\/wp-content\/uploads\/2024\/01\/jovan-purar-min.jpg 545w, https:\/\/mkgroup.rs\/wp-content\/uploads\/2024\/01\/jovan-purar-min-258x300.jpg 258w\" sizes=\"(max-width: 545px) 100vw, 545px\" \/>\t\t\t\t\t\t\t\t\t\t\t\t\t\t\t<\/div>\n\t\t\t\t<\/div>\n\t\t\t\t\t<\/div>\n\t\t<\/div>\n\t\t\t\t\t<\/div>\n\t\t<\/section>\n\t\t\t\t<\/div>\n\t\t","protected":false},"excerpt":{"rendered":"<p>Vodstvena ekipa Jovan Purar Direktor pravnih in splo\u0161nih zadev MK Group Jovan Purar, direktor dru\u017ebe in direktor resorja za pravne in korporativne zadeve dru\u017ebe MK Group, \u017ee polnih dvajset let predstavlja dru\u017ebo pred sodstvom, dr\u017eavnimi in javnimi institucijami. Zaradi njegovega predanega dela je imela dru\u017eba MK Group pri vseh prevzemih in poslovnih podvigih trdne potrditve [&hellip;]<\/p>\n","protected":false},"author":1,"featured_media":0,"parent":10673,"menu_order":0,"comment_status":"closed","ping_status":"closed","template":"elementor_header_footer","meta":{"_acf_changed":false,"footnotes":""},"class_list":["post-10689","page","type-page","status-publish","hentry"],"acf":[],"yoast_head":"<!-- This site is optimized with the Yoast SEO plugin v27.1.1 - https:\/\/yoast.com\/product\/yoast-seo-wordpress\/ -->\n<title>Direktor pravnih in splo\u0161nih zadev - MK Group<\/title>\n<meta name=\"description\" content=\"Jovan Purar, direktor dru\u017ebe in direktor resorja za pravne in korporativne zadeve dru\u017ebe MK Group, \u017ee polnih dvajset let predstavlja dru\u017ebo pred sodstvom, dr\u017eavnimi in javnimi institucijami.\" \/>\n<meta name=\"robots\" content=\"index, follow, max-snippet:-1, max-image-preview:large, max-video-preview:-1\" \/>\n<link rel=\"canonical\" href=\"https:\/\/mkgroup.rs\/sl\/o-podjetju\/vodstvena-ekipa\/direktor-druzbe-in-direktor-sektorja-pravnih-in-splosnih-zadev\/\" \/>\n<meta property=\"og:locale\" content=\"sl_SI\" \/>\n<meta property=\"og:type\" content=\"article\" \/>\n<meta property=\"og:title\" content=\"Jovan Purar - direktor pravnih in splo\u0161nih zadev MK Group\" \/>\n<meta property=\"og:description\" content=\"Jovan Purar, direktor dru\u017ebe in direktor resorja za pravne in korporativne zadeve dru\u017ebe MK Group, \u017ee polnih dvajset let predstavlja dru\u017ebo pred sodstvom, dr\u017eavnimi in javnimi institucijami.\" \/>\n<meta property=\"og:url\" content=\"https:\/\/mkgroup.rs\/sl\/o-podjetju\/vodstvena-ekipa\/direktor-druzbe-in-direktor-sektorja-pravnih-in-splosnih-zadev\/\" \/>\n<meta property=\"og:site_name\" content=\"MK Group\" \/>\n<meta property=\"article:modified_time\" content=\"2024-03-18T12:12:14+00:00\" \/>\n<meta property=\"og:image\" content=\"https:\/\/mkgroup.rs\/wp-content\/uploads\/2024\/01\/jovan-purar-min.jpg\" \/>\n<meta name=\"twitter:card\" content=\"summary_large_image\" \/>\n<meta name=\"twitter:label1\" content=\"Est. reading time\" \/>\n\t<meta name=\"twitter:data1\" content=\"1 minuta\" \/>\n<script type=\"application\/ld+json\" class=\"yoast-schema-graph\">{\"@context\":\"https:\/\/schema.org\",\"@graph\":[{\"@type\":\"WebPage\",\"@id\":\"https:\/\/mkgroup.rs\/sl\/o-podjetju\/vodstvena-ekipa\/direktor-druzbe-in-direktor-sektorja-pravnih-in-splosnih-zadev\/\",\"url\":\"https:\/\/mkgroup.rs\/sl\/o-podjetju\/vodstvena-ekipa\/direktor-druzbe-in-direktor-sektorja-pravnih-in-splosnih-zadev\/\",\"name\":\"Direktor pravnih in splo\u0161nih zadev - MK Group\",\"isPartOf\":{\"@id\":\"https:\/\/mkgroup.rs\/sl\/#website\"},\"primaryImageOfPage\":{\"@id\":\"https:\/\/mkgroup.rs\/sl\/o-podjetju\/vodstvena-ekipa\/direktor-druzbe-in-direktor-sektorja-pravnih-in-splosnih-zadev\/#primaryimage\"},\"image\":{\"@id\":\"https:\/\/mkgroup.rs\/sl\/o-podjetju\/vodstvena-ekipa\/direktor-druzbe-in-direktor-sektorja-pravnih-in-splosnih-zadev\/#primaryimage\"},\"thumbnailUrl\":\"https:\/\/mkgroup.rs\/wp-content\/uploads\/2024\/01\/jovan-purar-min.jpg\",\"datePublished\":\"2024-01-22T10:42:35+00:00\",\"dateModified\":\"2024-03-18T12:12:14+00:00\",\"description\":\"Jovan Purar, direktor dru\u017ebe in direktor resorja za pravne in korporativne zadeve dru\u017ebe MK Group, \u017ee polnih dvajset let predstavlja dru\u017ebo pred sodstvom, dr\u017eavnimi in javnimi institucijami.\",\"breadcrumb\":{\"@id\":\"https:\/\/mkgroup.rs\/sl\/o-podjetju\/vodstvena-ekipa\/direktor-druzbe-in-direktor-sektorja-pravnih-in-splosnih-zadev\/#breadcrumb\"},\"inLanguage\":\"sl-SI\",\"potentialAction\":[{\"@type\":\"ReadAction\",\"target\":[\"https:\/\/mkgroup.rs\/sl\/o-podjetju\/vodstvena-ekipa\/direktor-druzbe-in-direktor-sektorja-pravnih-in-splosnih-zadev\/\"]}]},{\"@type\":\"ImageObject\",\"inLanguage\":\"sl-SI\",\"@id\":\"https:\/\/mkgroup.rs\/sl\/o-podjetju\/vodstvena-ekipa\/direktor-druzbe-in-direktor-sektorja-pravnih-in-splosnih-zadev\/#primaryimage\",\"url\":\"https:\/\/mkgroup.rs\/wp-content\/uploads\/2024\/01\/jovan-purar-min.jpg\",\"contentUrl\":\"https:\/\/mkgroup.rs\/wp-content\/uploads\/2024\/01\/jovan-purar-min.jpg\"},{\"@type\":\"BreadcrumbList\",\"@id\":\"https:\/\/mkgroup.rs\/sl\/o-podjetju\/vodstvena-ekipa\/direktor-druzbe-in-direktor-sektorja-pravnih-in-splosnih-zadev\/#breadcrumb\",\"itemListElement\":[{\"@type\":\"ListItem\",\"position\":1,\"name\":\"Home\",\"item\":\"https:\/\/mkgroup.rs\/sl\/\"},{\"@type\":\"ListItem\",\"position\":2,\"name\":\"O podjetju\",\"item\":\"https:\/\/mkgroup.rs\/sl\/o-podjetju\/\"},{\"@type\":\"ListItem\",\"position\":3,\"name\":\"Vodstvena ekipa\",\"item\":\"https:\/\/mkgroup.rs\/sl\/o-podjetju\/vodstvena-ekipa\/\"},{\"@type\":\"ListItem\",\"position\":4,\"name\":\"Direktor pravnih in splo\u0161nih zadev\"}]},{\"@type\":\"WebSite\",\"@id\":\"https:\/\/mkgroup.rs\/sl\/#website\",\"url\":\"https:\/\/mkgroup.rs\/sl\/\",\"name\":\"MK Group\",\"description\":\"One vision. Smart Decisions.\",\"publisher\":{\"@id\":\"https:\/\/mkgroup.rs\/sl\/#organization\"},\"potentialAction\":[{\"@type\":\"SearchAction\",\"target\":{\"@type\":\"EntryPoint\",\"urlTemplate\":\"https:\/\/mkgroup.rs\/sl\/?s={search_term_string}\"},\"query-input\":{\"@type\":\"PropertyValueSpecification\",\"valueRequired\":true,\"valueName\":\"search_term_string\"}}],\"inLanguage\":\"sl-SI\"},{\"@type\":\"Organization\",\"@id\":\"https:\/\/mkgroup.rs\/sl\/#organization\",\"name\":\"MK Group\",\"url\":\"https:\/\/mkgroup.rs\/sl\/\",\"logo\":{\"@type\":\"ImageObject\",\"inLanguage\":\"sl-SI\",\"@id\":\"https:\/\/mkgroup.rs\/sl\/#\/schema\/logo\/image\/\",\"url\":\"https:\/\/mkgroup.rs\/wp-content\/uploads\/2023\/12\/mk-logo.png\",\"contentUrl\":\"https:\/\/mkgroup.rs\/wp-content\/uploads\/2023\/12\/mk-logo.png\",\"width\":255,\"height\":64,\"caption\":\"MK Group\"},\"image\":{\"@id\":\"https:\/\/mkgroup.rs\/sl\/#\/schema\/logo\/image\/\"},\"sameAs\":[\"https:\/\/www.linkedin.com\/company\/mk-group\/?originalSubdomain=rs\",\"https:\/\/www.youtube.com\/@MKGroupVideo\/featured\"]}]}<\/script>\n<!-- \/ Yoast SEO plugin. -->","yoast_head_json":{"title":"Direktor pravnih in splo\u0161nih zadev - MK Group","description":"Jovan Purar, direktor dru\u017ebe in direktor resorja za pravne in korporativne zadeve dru\u017ebe MK Group, \u017ee polnih dvajset let predstavlja dru\u017ebo pred sodstvom, dr\u017eavnimi in javnimi institucijami.","robots":{"index":"index","follow":"follow","max-snippet":"max-snippet:-1","max-image-preview":"max-image-preview:large","max-video-preview":"max-video-preview:-1"},"canonical":"https:\/\/mkgroup.rs\/sl\/o-podjetju\/vodstvena-ekipa\/direktor-druzbe-in-direktor-sektorja-pravnih-in-splosnih-zadev\/","og_locale":"sl_SI","og_type":"article","og_title":"Jovan Purar - direktor pravnih in splo\u0161nih zadev MK Group","og_description":"Jovan Purar, direktor dru\u017ebe in direktor resorja za pravne in korporativne zadeve dru\u017ebe MK Group, \u017ee polnih dvajset let predstavlja dru\u017ebo pred sodstvom, dr\u017eavnimi in javnimi institucijami.","og_url":"https:\/\/mkgroup.rs\/sl\/o-podjetju\/vodstvena-ekipa\/direktor-druzbe-in-direktor-sektorja-pravnih-in-splosnih-zadev\/","og_site_name":"MK Group","article_modified_time":"2024-03-18T12:12:14+00:00","og_image":[{"url":"https:\/\/mkgroup.rs\/wp-content\/uploads\/2024\/01\/jovan-purar-min.jpg","type":"","width":"","height":""}],"twitter_card":"summary_large_image","twitter_misc":{"Est. reading time":"1 minuta"},"schema":{"@context":"https:\/\/schema.org","@graph":[{"@type":"WebPage","@id":"https:\/\/mkgroup.rs\/sl\/o-podjetju\/vodstvena-ekipa\/direktor-druzbe-in-direktor-sektorja-pravnih-in-splosnih-zadev\/","url":"https:\/\/mkgroup.rs\/sl\/o-podjetju\/vodstvena-ekipa\/direktor-druzbe-in-direktor-sektorja-pravnih-in-splosnih-zadev\/","name":"Direktor pravnih in splo\u0161nih zadev - MK Group","isPartOf":{"@id":"https:\/\/mkgroup.rs\/sl\/#website"},"primaryImageOfPage":{"@id":"https:\/\/mkgroup.rs\/sl\/o-podjetju\/vodstvena-ekipa\/direktor-druzbe-in-direktor-sektorja-pravnih-in-splosnih-zadev\/#primaryimage"},"image":{"@id":"https:\/\/mkgroup.rs\/sl\/o-podjetju\/vodstvena-ekipa\/direktor-druzbe-in-direktor-sektorja-pravnih-in-splosnih-zadev\/#primaryimage"},"thumbnailUrl":"https:\/\/mkgroup.rs\/wp-content\/uploads\/2024\/01\/jovan-purar-min.jpg","datePublished":"2024-01-22T10:42:35+00:00","dateModified":"2024-03-18T12:12:14+00:00","description":"Jovan Purar, direktor dru\u017ebe in direktor resorja za pravne in korporativne zadeve dru\u017ebe MK Group, \u017ee polnih dvajset let predstavlja dru\u017ebo pred sodstvom, dr\u017eavnimi in javnimi institucijami.","breadcrumb":{"@id":"https:\/\/mkgroup.rs\/sl\/o-podjetju\/vodstvena-ekipa\/direktor-druzbe-in-direktor-sektorja-pravnih-in-splosnih-zadev\/#breadcrumb"},"inLanguage":"sl-SI","potentialAction":[{"@type":"ReadAction","target":["https:\/\/mkgroup.rs\/sl\/o-podjetju\/vodstvena-ekipa\/direktor-druzbe-in-direktor-sektorja-pravnih-in-splosnih-zadev\/"]}]},{"@type":"ImageObject","inLanguage":"sl-SI","@id":"https:\/\/mkgroup.rs\/sl\/o-podjetju\/vodstvena-ekipa\/direktor-druzbe-in-direktor-sektorja-pravnih-in-splosnih-zadev\/#primaryimage","url":"https:\/\/mkgroup.rs\/wp-content\/uploads\/2024\/01\/jovan-purar-min.jpg","contentUrl":"https:\/\/mkgroup.rs\/wp-content\/uploads\/2024\/01\/jovan-purar-min.jpg"},{"@type":"BreadcrumbList","@id":"https:\/\/mkgroup.rs\/sl\/o-podjetju\/vodstvena-ekipa\/direktor-druzbe-in-direktor-sektorja-pravnih-in-splosnih-zadev\/#breadcrumb","itemListElement":[{"@type":"ListItem","position":1,"name":"Home","item":"https:\/\/mkgroup.rs\/sl\/"},{"@type":"ListItem","position":2,"name":"O podjetju","item":"https:\/\/mkgroup.rs\/sl\/o-podjetju\/"},{"@type":"ListItem","position":3,"name":"Vodstvena ekipa","item":"https:\/\/mkgroup.rs\/sl\/o-podjetju\/vodstvena-ekipa\/"},{"@type":"ListItem","position":4,"name":"Direktor pravnih in splo\u0161nih zadev"}]},{"@type":"WebSite","@id":"https:\/\/mkgroup.rs\/sl\/#website","url":"https:\/\/mkgroup.rs\/sl\/","name":"MK Group","description":"One vision. Smart Decisions.","publisher":{"@id":"https:\/\/mkgroup.rs\/sl\/#organization"},"potentialAction":[{"@type":"SearchAction","target":{"@type":"EntryPoint","urlTemplate":"https:\/\/mkgroup.rs\/sl\/?s={search_term_string}"},"query-input":{"@type":"PropertyValueSpecification","valueRequired":true,"valueName":"search_term_string"}}],"inLanguage":"sl-SI"},{"@type":"Organization","@id":"https:\/\/mkgroup.rs\/sl\/#organization","name":"MK Group","url":"https:\/\/mkgroup.rs\/sl\/","logo":{"@type":"ImageObject","inLanguage":"sl-SI","@id":"https:\/\/mkgroup.rs\/sl\/#\/schema\/logo\/image\/","url":"https:\/\/mkgroup.rs\/wp-content\/uploads\/2023\/12\/mk-logo.png","contentUrl":"https:\/\/mkgroup.rs\/wp-content\/uploads\/2023\/12\/mk-logo.png","width":255,"height":64,"caption":"MK Group"},"image":{"@id":"https:\/\/mkgroup.rs\/sl\/#\/schema\/logo\/image\/"},"sameAs":["https:\/\/www.linkedin.com\/company\/mk-group\/?originalSubdomain=rs","https:\/\/www.youtube.com\/@MKGroupVideo\/featured"]}]}},"_links":{"self":[{"href":"https:\/\/mkgroup.rs\/sl\/wp-json\/wp\/v2\/pages\/10689","targetHints":{"allow":["GET"]}}],"collection":[{"href":"https:\/\/mkgroup.rs\/sl\/wp-json\/wp\/v2\/pages"}],"about":[{"href":"https:\/\/mkgroup.rs\/sl\/wp-json\/wp\/v2\/types\/page"}],"author":[{"embeddable":true,"href":"https:\/\/mkgroup.rs\/sl\/wp-json\/wp\/v2\/users\/1"}],"replies":[{"embeddable":true,"href":"https:\/\/mkgroup.rs\/sl\/wp-json\/wp\/v2\/comments?post=10689"}],"version-history":[{"count":5,"href":"https:\/\/mkgroup.rs\/sl\/wp-json\/wp\/v2\/pages\/10689\/revisions"}],"predecessor-version":[{"id":20068,"href":"https:\/\/mkgroup.rs\/sl\/wp-json\/wp\/v2\/pages\/10689\/revisions\/20068"}],"up":[{"embeddable":true,"href":"https:\/\/mkgroup.rs\/sl\/wp-json\/wp\/v2\/pages\/10673"}],"wp:attachment":[{"href":"https:\/\/mkgroup.rs\/sl\/wp-json\/wp\/v2\/media?parent=10689"}],"curies":[{"name":"wp","href":"https:\/\/api.w.org\/{rel}","templated":true}]}}