{"id":15258,"date":"2024-01-26T08:27:10","date_gmt":"2024-01-26T08:27:10","guid":{"rendered":"https:\/\/mkgroup.rs\/budvanska-riviera-in-sveti-stefan\/"},"modified":"2024-02-23T13:04:40","modified_gmt":"2024-02-23T13:04:40","slug":"budvanska-riviera-in-sveti-stefan","status":"publish","type":"page","link":"https:\/\/mkgroup.rs\/sl\/portfelj\/mk-toursim-real-estate\/budvanska-riviera-in-sveti-stefan\/","title":{"rendered":"Budvanska Riviera <br>in Sveti Stefan"},"content":{"rendered":"\t\t<div data-elementor-type=\"wp-page\" data-elementor-id=\"15258\" class=\"elementor elementor-15258 elementor-1999\" data-elementor-post-type=\"page\">\n\t\t\t\t\t\t<section class=\"elementor-section elementor-top-section elementor-element elementor-element-311ac16 elementor-section-height-min-height elementor-section-items-stretch elementor-section-full_width elementor-section-height-default\" data-id=\"311ac16\" data-element_type=\"section\" data-e-type=\"section\" data-settings=\"{&quot;background_background&quot;:&quot;classic&quot;}\">\n\t\t\t\t\t\t\t<div class=\"elementor-background-overlay\"><\/div>\n\t\t\t\t\t\t\t<div class=\"elementor-container elementor-column-gap-no\">\n\t\t\t\t\t<div class=\"elementor-column elementor-col-50 elementor-top-column elementor-element elementor-element-71d5f18\" data-id=\"71d5f18\" data-element_type=\"column\" data-e-type=\"column\">\n\t\t\t<div class=\"elementor-widget-wrap elementor-element-populated\">\n\t\t\t\t\t\t<section class=\"elementor-section elementor-inner-section elementor-element elementor-element-410aaa0 elementor-section-content-bottom elementor-section-height-min-height elementor-section-boxed elementor-section-height-default\" data-id=\"410aaa0\" data-element_type=\"section\" data-e-type=\"section\">\n\t\t\t\t\t\t<div class=\"elementor-container elementor-column-gap-no\">\n\t\t\t\t\t<div class=\"elementor-column elementor-col-100 elementor-inner-column elementor-element elementor-element-438290e\" data-id=\"438290e\" data-element_type=\"column\" data-e-type=\"column\">\n\t\t\t<div class=\"elementor-widget-wrap elementor-element-populated\">\n\t\t\t\t\t\t<div class=\"elementor-element elementor-element-940a222 elementor-widget elementor-widget-heading\" data-id=\"940a222\" data-element_type=\"widget\" data-e-type=\"widget\" data-widget_type=\"heading.default\">\n\t\t\t\t<div class=\"elementor-widget-container\">\n\t\t\t\t\t<h2 class=\"elementor-heading-title elementor-size-default\">Budvanska Riviera <br>in Sveti Stefan<\/h2>\t\t\t\t<\/div>\n\t\t\t\t<\/div>\n\t\t\t\t<div class=\"elementor-element elementor-element-8b72a7c elementor-invisible elementor-widget elementor-widget-text-editor\" data-id=\"8b72a7c\" data-element_type=\"widget\" data-e-type=\"widget\" data-settings=\"{&quot;_animation&quot;:&quot;fadeInUp&quot;}\" data-widget_type=\"text-editor.default\">\n\t\t\t\t<div class=\"elementor-widget-container\">\n\t\t\t\t\t\t\t\t\t<p>BUDVA, \u010cRNA GORA<\/p>\n\t\t\t\t\t\t\t\t<\/div>\n\t\t\t\t<\/div>\n\t\t\t\t\t<\/div>\n\t\t<\/div>\n\t\t\t\t\t<\/div>\n\t\t<\/section>\n\t\t\t\t\t<\/div>\n\t\t<\/div>\n\t\t\t\t<div class=\"elementor-column elementor-col-50 elementor-top-column elementor-element elementor-element-5c5db34\" data-id=\"5c5db34\" data-element_type=\"column\" data-e-type=\"column\">\n\t\t\t<div class=\"elementor-widget-wrap elementor-element-populated\">\n\t\t\t\t\t\t<section class=\"elementor-section elementor-inner-section elementor-element elementor-element-f163279 elementor-section-height-min-height elementor-section-content-bottom elementor-section-boxed elementor-section-height-default\" data-id=\"f163279\" data-element_type=\"section\" data-e-type=\"section\">\n\t\t\t\t\t\t<div class=\"elementor-container elementor-column-gap-no\">\n\t\t\t\t\t<div class=\"elementor-column elementor-col-100 elementor-inner-column elementor-element elementor-element-cc24b53\" data-id=\"cc24b53\" data-element_type=\"column\" data-e-type=\"column\">\n\t\t\t<div class=\"elementor-widget-wrap elementor-element-populated\">\n\t\t\t\t\t\t<div class=\"elementor-element elementor-element-bce25d0 elementor-invisible elementor-widget elementor-widget-image\" data-id=\"bce25d0\" data-element_type=\"widget\" data-e-type=\"widget\" data-settings=\"{&quot;_animation&quot;:&quot;fadeInUp&quot;}\" data-widget_type=\"image.default\">\n\t\t\t\t<div class=\"elementor-widget-container\">\n\t\t\t\t\t\t\t\t\t\t\t\t\t\t\t\t<a href=\"#about-us\">\n\t\t\t\t\t\t\t<img decoding=\"async\" width=\"73\" height=\"98\" src=\"https:\/\/mkgroup.rs\/wp-content\/uploads\/2023\/12\/scroll-button.png\" class=\"elementor-animation-float attachment-large size-large wp-image-8932\" alt=\"\" \/>\t\t\t\t\t\t\t\t<\/a>\n\t\t\t\t\t\t\t\t\t\t\t\t\t\t\t<\/div>\n\t\t\t\t<\/div>\n\t\t\t\t\t<\/div>\n\t\t<\/div>\n\t\t\t\t\t<\/div>\n\t\t<\/section>\n\t\t\t\t\t<\/div>\n\t\t<\/div>\n\t\t\t\t\t<\/div>\n\t\t<\/section>\n\t\t\t\t<section class=\"elementor-section elementor-top-section elementor-element elementor-element-3968469 elementor-section-boxed elementor-section-height-default elementor-section-height-default\" data-id=\"3968469\" data-element_type=\"section\" data-e-type=\"section\" data-settings=\"{&quot;background_background&quot;:&quot;video&quot;,&quot;background_play_on_mobile&quot;:&quot;yes&quot;}\">\n\t\t\t\t\t\t<div class=\"elementor-container elementor-column-gap-no\">\n\t\t\t\t\t<div class=\"elementor-column elementor-col-100 elementor-top-column elementor-element elementor-element-e143d4e\" data-id=\"e143d4e\" data-element_type=\"column\" data-e-type=\"column\">\n\t\t\t<div class=\"elementor-widget-wrap elementor-element-populated\">\n\t\t\t\t\t\t<div class=\"elementor-element elementor-element-070419b elementor-widget elementor-widget-menu-anchor\" data-id=\"070419b\" data-element_type=\"widget\" data-e-type=\"widget\" data-widget_type=\"menu-anchor.default\">\n\t\t\t\t<div class=\"elementor-widget-container\">\n\t\t\t\t\t\t\t<div class=\"elementor-menu-anchor\" id=\"about-us\"><\/div>\n\t\t\t\t\t\t<\/div>\n\t\t\t\t<\/div>\n\t\t\t\t\t<\/div>\n\t\t<\/div>\n\t\t\t\t\t<\/div>\n\t\t<\/section>\n\t\t\t\t<section class=\"elementor-section elementor-top-section elementor-element elementor-element-acf70ea elementor-section-full_width elementor-section-height-min-height elementor-section-items-stretch elementor-section-height-default\" data-id=\"acf70ea\" data-element_type=\"section\" data-e-type=\"section\">\n\t\t\t\t\t\t<div class=\"elementor-container elementor-column-gap-no\">\n\t\t\t\t\t<div class=\"elementor-column elementor-col-50 elementor-top-column elementor-element elementor-element-5d8b999\" data-id=\"5d8b999\" data-element_type=\"column\" data-e-type=\"column\">\n\t\t\t<div class=\"elementor-widget-wrap elementor-element-populated\">\n\t\t\t\t\t\t<section class=\"elementor-section elementor-inner-section elementor-element elementor-element-abc54cb elementor-section-content-top elementor-section-boxed elementor-section-height-default elementor-section-height-default\" data-id=\"abc54cb\" data-element_type=\"section\" data-e-type=\"section\">\n\t\t\t\t\t\t<div class=\"elementor-container elementor-column-gap-no\">\n\t\t\t\t\t<div class=\"elementor-column elementor-col-50 elementor-inner-column elementor-element elementor-element-68b43b3\" data-id=\"68b43b3\" data-element_type=\"column\" data-e-type=\"column\">\n\t\t\t<div class=\"elementor-widget-wrap elementor-element-populated\">\n\t\t\t\t\t\t<div class=\"elementor-element elementor-element-3a526df elementor-invisible elementor-widget elementor-widget-heading\" data-id=\"3a526df\" data-element_type=\"widget\" data-e-type=\"widget\" data-settings=\"{&quot;_animation&quot;:&quot;fadeInLeft&quot;,&quot;_animation_tablet&quot;:&quot;fadeIn&quot;}\" data-widget_type=\"heading.default\">\n\t\t\t\t<div class=\"elementor-widget-container\">\n\t\t\t\t\t<h3 class=\"elementor-heading-title elementor-size-default\">MK TOURISM &amp; REAL ESTATE<\/h3>\t\t\t\t<\/div>\n\t\t\t\t<\/div>\n\t\t\t\t\t<\/div>\n\t\t<\/div>\n\t\t\t\t<div class=\"elementor-column elementor-col-50 elementor-inner-column elementor-element elementor-element-704d304\" data-id=\"704d304\" data-element_type=\"column\" data-e-type=\"column\">\n\t\t\t<div class=\"elementor-widget-wrap elementor-element-populated\">\n\t\t\t\t\t\t<div class=\"elementor-element elementor-element-9c6f03a elementor-widget-tablet__width-initial elementor-widget-divider--view-line elementor-widget elementor-widget-divider\" data-id=\"9c6f03a\" data-element_type=\"widget\" data-e-type=\"widget\" data-widget_type=\"divider.default\">\n\t\t\t\t<div class=\"elementor-widget-container\">\n\t\t\t\t\t\t\t<div class=\"elementor-divider\">\n\t\t\t<span class=\"elementor-divider-separator\">\n\t\t\t\t\t\t<\/span>\n\t\t<\/div>\n\t\t\t\t\t\t<\/div>\n\t\t\t\t<\/div>\n\t\t\t\t\t<\/div>\n\t\t<\/div>\n\t\t\t\t\t<\/div>\n\t\t<\/section>\n\t\t\t\t<section class=\"elementor-section elementor-inner-section elementor-element elementor-element-b74be6b elementor-section-content-top elementor-section-boxed elementor-section-height-default elementor-section-height-default\" data-id=\"b74be6b\" data-element_type=\"section\" data-e-type=\"section\">\n\t\t\t\t\t\t<div class=\"elementor-container elementor-column-gap-no\">\n\t\t\t\t\t<div class=\"elementor-column elementor-col-100 elementor-inner-column elementor-element elementor-element-9127fd7\" data-id=\"9127fd7\" data-element_type=\"column\" data-e-type=\"column\">\n\t\t\t<div class=\"elementor-widget-wrap elementor-element-populated\">\n\t\t\t\t\t\t<div class=\"elementor-element elementor-element-d618ede elementor-invisible elementor-widget elementor-widget-heading\" data-id=\"d618ede\" data-element_type=\"widget\" data-e-type=\"widget\" data-settings=\"{&quot;_animation&quot;:&quot;fadeIn&quot;}\" data-widget_type=\"heading.default\">\n\t\t\t\t<div class=\"elementor-widget-container\">\n\t\t\t\t\t<h2 class=\"elementor-heading-title elementor-size-default\">Budvanska Riviera in Sveti Stefan<\/h2>\t\t\t\t<\/div>\n\t\t\t\t<\/div>\n\t\t\t\t<div class=\"elementor-element elementor-element-a8b009d elementor-invisible elementor-widget elementor-widget-text-editor\" data-id=\"a8b009d\" data-element_type=\"widget\" data-e-type=\"widget\" data-settings=\"{&quot;_animation&quot;:&quot;fadeIn&quot;}\" data-widget_type=\"text-editor.default\">\n\t\t\t\t<div class=\"elementor-widget-container\">\n\t\t\t\t\t\t\t\t\t<p>MK Group je prepoznal velik turisti\u010dni potencial \u010drnogorske obale Jadranskega morja. Dru\u017eba je manj\u0161inski lastnik dveh presti\u017enih hotelskih kompleksov \u2013 Budvanska Riviera in Sveti Stefan.<\/p>\n<p>Hotelska skupina Budvanska Riviera se razprostira vzdol\u017e pla\u017ee v dol\u017eini 12,5 km in je najve\u010dje turisti\u010dno podjetje v \u010crni gori. Kompleks zajema \u0161est hotelov: Slovensko pla\u017eo, Aleksandar hotel, hotel Mogren, Castellastva hotel Petrovac, Palas hotel in Palas Lux Petrovac.<\/p>\n<p>Hoteli Sveti Stefan u\u017eivajo sloves najbolj luksuznega letovi\u0161\u010da \u010drnogorskega primorja.<\/p>\n\t\t\t\t\t\t\t\t<\/div>\n\t\t\t\t<\/div>\n\t\t\t\t\t<\/div>\n\t\t<\/div>\n\t\t\t\t\t<\/div>\n\t\t<\/section>\n\t\t\t\t\t<\/div>\n\t\t<\/div>\n\t\t\t\t<div class=\"elementor-column elementor-col-50 elementor-top-column elementor-element elementor-element-2cae183\" data-id=\"2cae183\" data-element_type=\"column\" data-e-type=\"column\" data-settings=\"{&quot;background_background&quot;:&quot;classic&quot;}\">\n\t\t\t<div class=\"elementor-widget-wrap elementor-element-populated\">\n\t\t\t\t\t\t<div class=\"elementor-element elementor-element-42425de elementor-hidden-desktop elementor-widget elementor-widget-image\" data-id=\"42425de\" data-element_type=\"widget\" data-e-type=\"widget\" data-widget_type=\"image.default\">\n\t\t\t\t<div class=\"elementor-widget-container\">\n\t\t\t\t\t\t\t\t\t\t\t\t\t\t\t<img fetchpriority=\"high\" decoding=\"async\" width=\"1920\" height=\"1280\" src=\"https:\/\/mkgroup.rs\/wp-content\/uploads\/2024\/01\/Prvi-blok-Sveti-Stefan-1.jpg\" class=\"attachment-full size-full wp-image-9728\" alt=\"\" srcset=\"https:\/\/mkgroup.rs\/wp-content\/uploads\/2024\/01\/Prvi-blok-Sveti-Stefan-1.jpg 1920w, https:\/\/mkgroup.rs\/wp-content\/uploads\/2024\/01\/Prvi-blok-Sveti-Stefan-1-300x200.jpg 300w, https:\/\/mkgroup.rs\/wp-content\/uploads\/2024\/01\/Prvi-blok-Sveti-Stefan-1-1024x683.jpg 1024w, https:\/\/mkgroup.rs\/wp-content\/uploads\/2024\/01\/Prvi-blok-Sveti-Stefan-1-768x512.jpg 768w, https:\/\/mkgroup.rs\/wp-content\/uploads\/2024\/01\/Prvi-blok-Sveti-Stefan-1-1536x1024.jpg 1536w\" sizes=\"(max-width: 1920px) 100vw, 1920px\" \/>\t\t\t\t\t\t\t\t\t\t\t\t\t\t\t<\/div>\n\t\t\t\t<\/div>\n\t\t\t\t\t<\/div>\n\t\t<\/div>\n\t\t\t\t\t<\/div>\n\t\t<\/section>\n\t\t\t\t<\/div>\n\t\t","protected":false},"excerpt":{"rendered":"<p>BUDVA, \u010cRNA GORA MK TOURISM &amp; REAL ESTATE Budvanska Riviera in Sveti Stefan MK Group je prepoznal velik turisti\u010dni potencial \u010drnogorske obale Jadranskega morja. Dru\u017eba je manj\u0161inski lastnik dveh presti\u017enih hotelskih kompleksov \u2013 Budvanska Riviera in Sveti Stefan. Hotelska skupina Budvanska Riviera se razprostira vzdol\u017e pla\u017ee v dol\u017eini 12,5 km in je najve\u010dje turisti\u010dno podjetje [&hellip;]<\/p>\n","protected":false},"author":1,"featured_media":0,"parent":11794,"menu_order":0,"comment_status":"closed","ping_status":"closed","template":"elementor_header_footer","meta":{"_acf_changed":false,"footnotes":""},"class_list":["post-15258","page","type-page","status-publish","hentry"],"acf":[],"yoast_head":"<!-- This site is optimized with the Yoast SEO plugin v27.1.1 - https:\/\/yoast.com\/product\/yoast-seo-wordpress\/ -->\n<title>Budvanska Riviera in Sveti Stefan - MK Group<\/title>\n<meta name=\"robots\" content=\"index, follow, max-snippet:-1, max-image-preview:large, max-video-preview:-1\" \/>\n<link rel=\"canonical\" href=\"https:\/\/mkgroup.rs\/sl\/portfelj\/mk-toursim-real-estate\/budvanska-riviera-in-sveti-stefan\/\" \/>\n<meta property=\"og:locale\" content=\"sl_SI\" \/>\n<meta property=\"og:type\" content=\"article\" \/>\n<meta property=\"og:title\" content=\"Budvanska Riviera in Sveti Stefan - MK Group\" \/>\n<meta property=\"og:description\" content=\"BUDVA, \u010cRNA GORA MK TOURISM &amp; REAL ESTATE Budvanska Riviera in Sveti Stefan MK Group je prepoznal velik turisti\u010dni potencial \u010drnogorske obale Jadranskega morja. Dru\u017eba je manj\u0161inski lastnik dveh presti\u017enih hotelskih kompleksov \u2013 Budvanska Riviera in Sveti Stefan. Hotelska skupina Budvanska Riviera se razprostira vzdol\u017e pla\u017ee v dol\u017eini 12,5 km in je najve\u010dje turisti\u010dno podjetje [&hellip;]\" \/>\n<meta property=\"og:url\" content=\"https:\/\/mkgroup.rs\/sl\/portfelj\/mk-toursim-real-estate\/budvanska-riviera-in-sveti-stefan\/\" \/>\n<meta property=\"og:site_name\" content=\"MK Group\" \/>\n<meta property=\"article:modified_time\" content=\"2024-02-23T13:04:40+00:00\" \/>\n<meta property=\"og:image\" content=\"https:\/\/mkgroup.rs\/wp-content\/uploads\/2023\/12\/scroll-button.png\" \/>\n<meta name=\"twitter:card\" content=\"summary_large_image\" \/>\n<script type=\"application\/ld+json\" class=\"yoast-schema-graph\">{\"@context\":\"https:\/\/schema.org\",\"@graph\":[{\"@type\":\"WebPage\",\"@id\":\"https:\/\/mkgroup.rs\/sl\/portfelj\/mk-toursim-real-estate\/budvanska-riviera-in-sveti-stefan\/\",\"url\":\"https:\/\/mkgroup.rs\/sl\/portfelj\/mk-toursim-real-estate\/budvanska-riviera-in-sveti-stefan\/\",\"name\":\"Budvanska Riviera in Sveti Stefan - MK Group\",\"isPartOf\":{\"@id\":\"https:\/\/mkgroup.rs\/sl\/#website\"},\"primaryImageOfPage\":{\"@id\":\"https:\/\/mkgroup.rs\/sl\/portfelj\/mk-toursim-real-estate\/budvanska-riviera-in-sveti-stefan\/#primaryimage\"},\"image\":{\"@id\":\"https:\/\/mkgroup.rs\/sl\/portfelj\/mk-toursim-real-estate\/budvanska-riviera-in-sveti-stefan\/#primaryimage\"},\"thumbnailUrl\":\"https:\/\/mkgroup.rs\/wp-content\/uploads\/2023\/12\/scroll-button.png\",\"datePublished\":\"2024-01-26T08:27:10+00:00\",\"dateModified\":\"2024-02-23T13:04:40+00:00\",\"breadcrumb\":{\"@id\":\"https:\/\/mkgroup.rs\/sl\/portfelj\/mk-toursim-real-estate\/budvanska-riviera-in-sveti-stefan\/#breadcrumb\"},\"inLanguage\":\"sl-SI\",\"potentialAction\":[{\"@type\":\"ReadAction\",\"target\":[\"https:\/\/mkgroup.rs\/sl\/portfelj\/mk-toursim-real-estate\/budvanska-riviera-in-sveti-stefan\/\"]}]},{\"@type\":\"ImageObject\",\"inLanguage\":\"sl-SI\",\"@id\":\"https:\/\/mkgroup.rs\/sl\/portfelj\/mk-toursim-real-estate\/budvanska-riviera-in-sveti-stefan\/#primaryimage\",\"url\":\"https:\/\/mkgroup.rs\/wp-content\/uploads\/2023\/12\/scroll-button.png\",\"contentUrl\":\"https:\/\/mkgroup.rs\/wp-content\/uploads\/2023\/12\/scroll-button.png\"},{\"@type\":\"BreadcrumbList\",\"@id\":\"https:\/\/mkgroup.rs\/sl\/portfelj\/mk-toursim-real-estate\/budvanska-riviera-in-sveti-stefan\/#breadcrumb\",\"itemListElement\":[{\"@type\":\"ListItem\",\"position\":1,\"name\":\"Home\",\"item\":\"https:\/\/mkgroup.rs\/sl\/\"},{\"@type\":\"ListItem\",\"position\":2,\"name\":\"Portfelj\",\"item\":\"https:\/\/mkgroup.rs\/sl\/portfolio\/\"},{\"@type\":\"ListItem\",\"position\":3,\"name\":\"MK Toursim &amp; Real estate\",\"item\":\"https:\/\/mkgroup.rs\/sl\/portfolio\/mk-tourism-real-estate\/\"},{\"@type\":\"ListItem\",\"position\":4,\"name\":\"Budvanska Riviera in Sveti Stefan\"}]},{\"@type\":\"WebSite\",\"@id\":\"https:\/\/mkgroup.rs\/sl\/#website\",\"url\":\"https:\/\/mkgroup.rs\/sl\/\",\"name\":\"MK Group\",\"description\":\"One vision. Smart Decisions.\",\"publisher\":{\"@id\":\"https:\/\/mkgroup.rs\/sl\/#organization\"},\"potentialAction\":[{\"@type\":\"SearchAction\",\"target\":{\"@type\":\"EntryPoint\",\"urlTemplate\":\"https:\/\/mkgroup.rs\/sl\/?s={search_term_string}\"},\"query-input\":{\"@type\":\"PropertyValueSpecification\",\"valueRequired\":true,\"valueName\":\"search_term_string\"}}],\"inLanguage\":\"sl-SI\"},{\"@type\":\"Organization\",\"@id\":\"https:\/\/mkgroup.rs\/sl\/#organization\",\"name\":\"MK Group\",\"url\":\"https:\/\/mkgroup.rs\/sl\/\",\"logo\":{\"@type\":\"ImageObject\",\"inLanguage\":\"sl-SI\",\"@id\":\"https:\/\/mkgroup.rs\/sl\/#\/schema\/logo\/image\/\",\"url\":\"https:\/\/mkgroup.rs\/wp-content\/uploads\/2023\/12\/mk-logo.png\",\"contentUrl\":\"https:\/\/mkgroup.rs\/wp-content\/uploads\/2023\/12\/mk-logo.png\",\"width\":255,\"height\":64,\"caption\":\"MK Group\"},\"image\":{\"@id\":\"https:\/\/mkgroup.rs\/sl\/#\/schema\/logo\/image\/\"},\"sameAs\":[\"https:\/\/www.linkedin.com\/company\/mk-group\/?originalSubdomain=rs\",\"https:\/\/www.youtube.com\/@MKGroupVideo\/featured\"]}]}<\/script>\n<!-- \/ Yoast SEO plugin. -->","yoast_head_json":{"title":"Budvanska Riviera in Sveti Stefan - MK Group","robots":{"index":"index","follow":"follow","max-snippet":"max-snippet:-1","max-image-preview":"max-image-preview:large","max-video-preview":"max-video-preview:-1"},"canonical":"https:\/\/mkgroup.rs\/sl\/portfelj\/mk-toursim-real-estate\/budvanska-riviera-in-sveti-stefan\/","og_locale":"sl_SI","og_type":"article","og_title":"Budvanska Riviera in Sveti Stefan - MK Group","og_description":"BUDVA, \u010cRNA GORA MK TOURISM &amp; REAL ESTATE Budvanska Riviera in Sveti Stefan MK Group je prepoznal velik turisti\u010dni potencial \u010drnogorske obale Jadranskega morja. Dru\u017eba je manj\u0161inski lastnik dveh presti\u017enih hotelskih kompleksov \u2013 Budvanska Riviera in Sveti Stefan. Hotelska skupina Budvanska Riviera se razprostira vzdol\u017e pla\u017ee v dol\u017eini 12,5 km in je najve\u010dje turisti\u010dno podjetje [&hellip;]","og_url":"https:\/\/mkgroup.rs\/sl\/portfelj\/mk-toursim-real-estate\/budvanska-riviera-in-sveti-stefan\/","og_site_name":"MK Group","article_modified_time":"2024-02-23T13:04:40+00:00","og_image":[{"url":"https:\/\/mkgroup.rs\/wp-content\/uploads\/2023\/12\/scroll-button.png","type":"","width":"","height":""}],"twitter_card":"summary_large_image","schema":{"@context":"https:\/\/schema.org","@graph":[{"@type":"WebPage","@id":"https:\/\/mkgroup.rs\/sl\/portfelj\/mk-toursim-real-estate\/budvanska-riviera-in-sveti-stefan\/","url":"https:\/\/mkgroup.rs\/sl\/portfelj\/mk-toursim-real-estate\/budvanska-riviera-in-sveti-stefan\/","name":"Budvanska Riviera in Sveti Stefan - MK Group","isPartOf":{"@id":"https:\/\/mkgroup.rs\/sl\/#website"},"primaryImageOfPage":{"@id":"https:\/\/mkgroup.rs\/sl\/portfelj\/mk-toursim-real-estate\/budvanska-riviera-in-sveti-stefan\/#primaryimage"},"image":{"@id":"https:\/\/mkgroup.rs\/sl\/portfelj\/mk-toursim-real-estate\/budvanska-riviera-in-sveti-stefan\/#primaryimage"},"thumbnailUrl":"https:\/\/mkgroup.rs\/wp-content\/uploads\/2023\/12\/scroll-button.png","datePublished":"2024-01-26T08:27:10+00:00","dateModified":"2024-02-23T13:04:40+00:00","breadcrumb":{"@id":"https:\/\/mkgroup.rs\/sl\/portfelj\/mk-toursim-real-estate\/budvanska-riviera-in-sveti-stefan\/#breadcrumb"},"inLanguage":"sl-SI","potentialAction":[{"@type":"ReadAction","target":["https:\/\/mkgroup.rs\/sl\/portfelj\/mk-toursim-real-estate\/budvanska-riviera-in-sveti-stefan\/"]}]},{"@type":"ImageObject","inLanguage":"sl-SI","@id":"https:\/\/mkgroup.rs\/sl\/portfelj\/mk-toursim-real-estate\/budvanska-riviera-in-sveti-stefan\/#primaryimage","url":"https:\/\/mkgroup.rs\/wp-content\/uploads\/2023\/12\/scroll-button.png","contentUrl":"https:\/\/mkgroup.rs\/wp-content\/uploads\/2023\/12\/scroll-button.png"},{"@type":"BreadcrumbList","@id":"https:\/\/mkgroup.rs\/sl\/portfelj\/mk-toursim-real-estate\/budvanska-riviera-in-sveti-stefan\/#breadcrumb","itemListElement":[{"@type":"ListItem","position":1,"name":"Home","item":"https:\/\/mkgroup.rs\/sl\/"},{"@type":"ListItem","position":2,"name":"Portfelj","item":"https:\/\/mkgroup.rs\/sl\/portfolio\/"},{"@type":"ListItem","position":3,"name":"MK Toursim &amp; Real estate","item":"https:\/\/mkgroup.rs\/sl\/portfolio\/mk-tourism-real-estate\/"},{"@type":"ListItem","position":4,"name":"Budvanska Riviera in Sveti Stefan"}]},{"@type":"WebSite","@id":"https:\/\/mkgroup.rs\/sl\/#website","url":"https:\/\/mkgroup.rs\/sl\/","name":"MK Group","description":"One vision. Smart Decisions.","publisher":{"@id":"https:\/\/mkgroup.rs\/sl\/#organization"},"potentialAction":[{"@type":"SearchAction","target":{"@type":"EntryPoint","urlTemplate":"https:\/\/mkgroup.rs\/sl\/?s={search_term_string}"},"query-input":{"@type":"PropertyValueSpecification","valueRequired":true,"valueName":"search_term_string"}}],"inLanguage":"sl-SI"},{"@type":"Organization","@id":"https:\/\/mkgroup.rs\/sl\/#organization","name":"MK Group","url":"https:\/\/mkgroup.rs\/sl\/","logo":{"@type":"ImageObject","inLanguage":"sl-SI","@id":"https:\/\/mkgroup.rs\/sl\/#\/schema\/logo\/image\/","url":"https:\/\/mkgroup.rs\/wp-content\/uploads\/2023\/12\/mk-logo.png","contentUrl":"https:\/\/mkgroup.rs\/wp-content\/uploads\/2023\/12\/mk-logo.png","width":255,"height":64,"caption":"MK Group"},"image":{"@id":"https:\/\/mkgroup.rs\/sl\/#\/schema\/logo\/image\/"},"sameAs":["https:\/\/www.linkedin.com\/company\/mk-group\/?originalSubdomain=rs","https:\/\/www.youtube.com\/@MKGroupVideo\/featured"]}]}},"_links":{"self":[{"href":"https:\/\/mkgroup.rs\/sl\/wp-json\/wp\/v2\/pages\/15258","targetHints":{"allow":["GET"]}}],"collection":[{"href":"https:\/\/mkgroup.rs\/sl\/wp-json\/wp\/v2\/pages"}],"about":[{"href":"https:\/\/mkgroup.rs\/sl\/wp-json\/wp\/v2\/types\/page"}],"author":[{"embeddable":true,"href":"https:\/\/mkgroup.rs\/sl\/wp-json\/wp\/v2\/users\/1"}],"replies":[{"embeddable":true,"href":"https:\/\/mkgroup.rs\/sl\/wp-json\/wp\/v2\/comments?post=15258"}],"version-history":[{"count":0,"href":"https:\/\/mkgroup.rs\/sl\/wp-json\/wp\/v2\/pages\/15258\/revisions"}],"up":[{"embeddable":true,"href":"https:\/\/mkgroup.rs\/sl\/wp-json\/wp\/v2\/pages\/11794"}],"wp:attachment":[{"href":"https:\/\/mkgroup.rs\/sl\/wp-json\/wp\/v2\/media?parent=15258"}],"curies":[{"name":"wp","href":"https:\/\/api.w.org\/{rel}","templated":true}]}}