{"id":18474,"date":"2024-02-12T09:42:49","date_gmt":"2024-02-12T09:42:49","guid":{"rendered":"https:\/\/mkgroup.rs\/politika-zasebnosti\/"},"modified":"2024-06-05T10:36:13","modified_gmt":"2024-06-05T10:36:13","slug":"politika-zasebnosti","status":"publish","type":"page","link":"https:\/\/mkgroup.rs\/sl\/politika-zasebnosti\/","title":{"rendered":"Politika zasebnosti"},"content":{"rendered":"\t\t<div data-elementor-type=\"wp-page\" data-elementor-id=\"18474\" class=\"elementor elementor-18474 elementor-8829\" data-elementor-post-type=\"page\">\n\t\t\t\t\t\t<section class=\"elementor-section elementor-top-section elementor-element elementor-element-c675aaa elementor-section-full_width elementor-section-height-default elementor-section-height-default\" data-id=\"c675aaa\" data-element_type=\"section\" data-e-type=\"section\">\n\t\t\t\t\t\t<div class=\"elementor-container elementor-column-gap-no\">\n\t\t\t\t\t<div class=\"elementor-column elementor-col-100 elementor-top-column elementor-element elementor-element-45224fc\" data-id=\"45224fc\" data-element_type=\"column\" data-e-type=\"column\">\n\t\t\t<div class=\"elementor-widget-wrap elementor-element-populated\">\n\t\t\t\t\t\t<div class=\"elementor-element elementor-element-e177a0c elementor-widget elementor-widget-template\" data-id=\"e177a0c\" data-element_type=\"widget\" data-e-type=\"widget\" data-widget_type=\"template.default\">\n\t\t\t\t<div class=\"elementor-widget-container\">\n\t\t\t\t\t\t\t<div class=\"elementor-template\">\n\t\t\t\t\t<div data-elementor-type=\"section\" data-elementor-id=\"19875\" class=\"elementor elementor-19875\" data-elementor-post-type=\"elementor_library\">\n\t\t\t\t\t<section class=\"elementor-section elementor-top-section elementor-element elementor-element-f763e60 elementor-section-height-min-height elementor-section-items-top elementor-section-full_width elementor-section-height-default\" data-id=\"f763e60\" data-element_type=\"section\" data-e-type=\"section\" data-settings=\"{&quot;background_background&quot;:&quot;classic&quot;}\">\n\t\t\t\t\t\t\t<div class=\"elementor-background-overlay\"><\/div>\n\t\t\t\t\t\t\t<div class=\"elementor-container elementor-column-gap-no\">\n\t\t\t\t\t<div class=\"elementor-column elementor-col-100 elementor-top-column elementor-element elementor-element-6ca1044\" data-id=\"6ca1044\" data-element_type=\"column\" data-e-type=\"column\" data-settings=\"{&quot;animation_mobile&quot;:&quot;none&quot;}\">\n\t\t\t<div class=\"elementor-widget-wrap\">\n\t\t\t\t\t\t\t<\/div>\n\t\t<\/div>\n\t\t\t\t\t<\/div>\n\t\t<\/section>\n\t\t\t\t<\/div>\n\t\t\t\t<\/div>\n\t\t\t\t\t\t<\/div>\n\t\t\t\t<\/div>\n\t\t\t\t\t<\/div>\n\t\t<\/div>\n\t\t\t\t\t<\/div>\n\t\t<\/section>\n\t\t\t\t<section class=\"elementor-section elementor-top-section elementor-element elementor-element-b5d3742 elementor-section-boxed elementor-section-height-default elementor-section-height-default\" data-id=\"b5d3742\" data-element_type=\"section\" data-e-type=\"section\">\n\t\t\t\t\t\t<div class=\"elementor-container elementor-column-gap-no\">\n\t\t\t\t\t<div class=\"elementor-column elementor-col-100 elementor-top-column elementor-element elementor-element-6ef4100\" data-id=\"6ef4100\" data-element_type=\"column\" data-e-type=\"column\">\n\t\t\t<div class=\"elementor-widget-wrap elementor-element-populated\">\n\t\t\t\t\t\t<div class=\"elementor-element elementor-element-681c15f elementor-widget elementor-widget-heading\" data-id=\"681c15f\" data-element_type=\"widget\" data-e-type=\"widget\" data-widget_type=\"heading.default\">\n\t\t\t\t<div class=\"elementor-widget-container\">\n\t\t\t\t\t<h2 class=\"elementor-heading-title elementor-size-default\">Politika zasebnosti<\/h2>\t\t\t\t<\/div>\n\t\t\t\t<\/div>\n\t\t\t\t<div class=\"elementor-element elementor-element-5134326 elementor-widget elementor-widget-text-editor\" data-id=\"5134326\" data-element_type=\"widget\" data-e-type=\"widget\" data-widget_type=\"text-editor.default\">\n\t\t\t\t<div class=\"elementor-widget-container\">\n\t\t\t\t\t\t\t\t\t<p>Spo\u0161tovani,<\/p><p>Podjetje MK GROUP d.o.o. Beograd, Bulevar Arsenija \u010carnojevi\u0107a 59b, MB: 08179107 (v nadaljevanju: &#8220;Podjetje&#8221;), ki izpolnjuje dol\u017enost upravljavca, v skladu z dolo\u010dbami veljavnega zakona, ki ureja varstvo osebnih podatkov, vas obve\u0161\u010da, da zbira osebne podatke o osebe, ki dostopajo do spletne strani \u2013 spletne strani dru\u017ebe (v nadaljevanju: \u00bbspletna stran\u00ab), v skladu z zakonskimi predpisi.<\/p><p>Podjetje varuje osebne podatke vseh obiskovalcev te spletne strani, dostop do njih pa je pogojen s Politiko zasebnosti.<\/p><p>Dru\u017eba vas obve\u0161\u010da, da se lahko v primeru potrebe obrnete nanjo na: <a href=\"mailto:info@mkgroup.rs\" target=\"_blank\" rel=\"noopener\">info@mkgroup.rs<\/a> ali po po\u0161ti na zgornji naslov sede\u017ea dru\u017ebe, zaradi zagotavljanja skladnosti z Zakonom o varstvu osebnih podatkov.<\/p><p><strong>Uporaba informacij<\/strong><\/p><p>Vsi uporabniki interneta lahko obi\u0161\u010dejo spletno stran dru\u017ebe, ne da bi razkrili kakr\u0161ne koli osebne podatke o sebi. Vse podatke, ki jih zberemo, uporabljamo za la\u017ejo uporabo spletne strani ter za prepre\u010devanje zlorab in nezakonitih dejavnosti na njej.<\/p><p>Zbiramo samo podatke o uporabi spletnega mesta, kot so \u0161tevilo prenosov dolo\u010denih datotek, dnevno \u0161tevilo uporabnikov, \u0161tevilo ogledanih strani, IP naslov ra\u010dunalnika. Ti podatki se zbirajo brez individualne identifikacije, \u010deprav se lahko naslovi IP uporabijo za identifikacijo v primerih prepre\u010devanja zlorab in nezakonitih dejavnosti. Te podatke uporabljamo za izbolj\u0161anje na\u0161ega spletnega mesta in zagotavljanje najbolj ustrezne izku\u0161nje na\u0161im uporabnikom.<\/p><p><strong>Zbiranje osebnih podatkov<\/strong><\/p><p>V primeru, da vas prosimo za druge osebne podatke, vas bomo za privolitev zaprosili tudi preko spletnega obrazca ali elektronske po\u0161te.<\/p><p>Osebne podatke, ki nam jih posredujete ali jih pridobimo prek te spletne strani, bomo uporabili izklju\u010dno za odgovore na va\u0161a vpra\u0161anja in\/ali za izbolj\u0161anje na\u0161ih storitev.<\/p><p>Poudarjamo, da lahko Dru\u017eba zbira osebne podatke uporabnikov spletne strani izklju\u010dno v skladu z dolo\u010dbami zakona, ki ureja podro\u010dje varstva osebnih podatkov.<\/p><p><strong>Dostop do informacij<\/strong><\/p><p>Vsi podatki, ki nam jih posredujete, so shranjeni na na\u0161em stre\u017eniku in do njih lahko dostopajo samo poobla\u0161\u010dene osebe za obdelavo podatkov, v zakonitem interesu dru\u017ebe in za namene, dolo\u010dene v tej Politiki, kot tudi za druge namene, za katere vi, kot uporabniki spletnega mesta so dali dovoljenje.<\/p><p>Va\u0161i podatki bodo obdelani in shranjeni, dokler obstaja va\u0161e soglasje.<\/p><p><strong>Uporaba pi\u0161kotkov<\/strong><\/p><p>Ta spletna stran uporablja pi\u0161kotke. Pi\u0161kotki so majhne besedilne datoteke, ki jih lahko spletna mesta uporabljajo za u\u010dinkovitej\u0161o uporabni\u0161ko izku\u0161njo.<\/p><p>Pi\u0161kotke uporabljamo za omogo\u010danje normalnega delovanja strani, zagotavljanje funkcij dru\u017ebenih medijev in analizo prometa. \u010ce nadaljujete z uporabo na\u0161ih spletnih strani, se strinjate z na\u0161o uporabo pi\u0161kotkov.<\/p><p>To spletno mesto uporablja razli\u010dne vrste pi\u0161kotkov. Nekatere pi\u0161kotke, ki se pojavljajo na straneh na\u0161ega spletnega mesta, nastavijo tretje osebe, tj. na\u0161i partnerji.<\/p><p>Zakon dolo\u010da, da lahko na va\u0161o napravo shranimo pi\u0161kotke, \u010de so nujno potrebni za uporabo te strani. Za vse druge vrste pi\u0161kotkov potrebujemo va\u0161e soglasje.<\/p><p>Spletna stran lahko uporablja tudi pi\u0161kotke, ki niso potrebni za njeno delovanje. Tak\u0161nih pi\u0161kotkov ne uporabljamo za spremljanje obna\u0161anja posameznih uporabnikov ali za njihovo identifikacijo, temve\u010d za pridobivanje koristnih informacij o tem, kako se spletna stran uporablja, da jo lahko izbolj\u0161amo za obiskovalce.<\/p><p>Po mnenju uporabnikov se lahko za\u010dasni in trajni pi\u0161kotki uporabljajo za bolj\u0161e razumevanje interakcije uporabnikov s spletno stranjo, za spremljanje celotne uporabe in usmerjanja internetnega prometa na strani, za izbolj\u0161anje strani in njenih funkcionalnosti.<\/p><p>Za\u010dasni pi\u0161kotki omogo\u010dajo dolo\u010dene funkcije spletnega mesta in se izbri\u0161ejo iz ra\u010dunalnika, ko uporabnik prekine povezavo ali zapusti spletno mesto.<\/p><p>Trajni pi\u0161kotki ostanejo tudi po zaprtju spletnega brskalnika in se lahko uporabljajo ob nadaljnjih obiskih portala\/aplikacije. Trajne pi\u0161kotke lahko odstranite tako, da sledite navodilom za pomo\u010d v samem internetnem brskalniku. Poleg tega ve\u010dina internetnih brskalnikov samodejno sprejema pi\u0161kotke, vendar je mo\u017eno spremeniti mo\u017enosti samega brskalnika, tako da jih ne sprejema brez predhodne avtorizacije za vse internetne strani, ki jih uporabnik obi\u0161\u010de.<\/p><p>Uporabnik lahko onemogo\u010di shranjevanje pi\u0161kotkov tako, da ustrezno nastavi svoj brskalnik.<\/p><p><strong>Pravice intelektualne lastnine<\/strong><\/p><p>Celotna vsebina spletnih strani dru\u017ebe (vsa besedila, logotipi, fotografije, avdio vsebine in video gradivo na tem spletnem mestu) je intelektualna last dru\u017ebe oziroma se uporablja v skladu z zavarovanim dovoljenjem poobla\u0161\u010denega imetnika pravic intelektualne lastnine.<\/p><p>Uporaba vsebine, ki ni opisana v tem pravilniku, je brez pisnega dovoljenja lastnika vsebine strogo prepovedana.<\/p><p><strong>Delovanje spletnega mesta<\/strong><\/p><p>Podjetje ne jam\u010di, da bo spletna stran delovala brez motenj in napak, vendar se bo trudila napake odpraviti v najkraj\u0161em mo\u017enem \u010dasu.<\/p><p>Podjetje ne odgovarja za materialno ali nematerialno \u0161kodo, ki bi utegnila nastati z uporabo spletnega mesta ali njegove vsebine. Na\u0161e spletno mesto lahko vsebuje tudi povezave do drugih spletnih mest, ki so neodvisna od podjetja in zato zanje ne velja ta politika zasebnosti, zato podjetje ne more biti odgovorno za vsebino, pogoje uporabe, politiko zasebnosti ali varnost drugih spletnih mest.<\/p><p><strong>Sprememba politike zasebnosti spletnega mesta<\/strong><\/p><p>Podjetje si pridr\u017euje pravico, da kadar koli spremeni Politiko zasebnosti te spletne strani.<\/p>\t\t\t\t\t\t\t\t<\/div>\n\t\t\t\t<\/div>\n\t\t\t\t\t<\/div>\n\t\t<\/div>\n\t\t\t\t\t<\/div>\n\t\t<\/section>\n\t\t\t\t<\/div>\n\t\t","protected":false},"excerpt":{"rendered":"<p>Politika zasebnosti Spo\u0161tovani, Podjetje MK GROUP d.o.o. Beograd, Bulevar Arsenija \u010carnojevi\u0107a 59b, MB: 08179107 (v nadaljevanju: &#8220;Podjetje&#8221;), ki izpolnjuje dol\u017enost upravljavca, v skladu z dolo\u010dbami veljavnega zakona, ki ureja varstvo osebnih podatkov, vas obve\u0161\u010da, da zbira osebne podatke o osebe, ki dostopajo do spletne strani \u2013 spletne strani dru\u017ebe (v nadaljevanju: \u00bbspletna stran\u00ab), v skladu [&hellip;]<\/p>\n","protected":false},"author":1,"featured_media":0,"parent":0,"menu_order":0,"comment_status":"closed","ping_status":"closed","template":"elementor_header_footer","meta":{"_acf_changed":false,"footnotes":""},"class_list":["post-18474","page","type-page","status-publish","hentry"],"acf":[],"yoast_head":"<!-- This site is optimized with the Yoast SEO plugin v27.4 - https:\/\/yoast.com\/product\/yoast-seo-wordpress\/ -->\n<title>Politika zasebnosti - MK Group<\/title>\n<meta name=\"robots\" content=\"index, follow, max-snippet:-1, max-image-preview:large, max-video-preview:-1\" \/>\n<link rel=\"canonical\" href=\"https:\/\/mkgroup.rs\/sl\/politika-zasebnosti\/\" \/>\n<meta property=\"og:locale\" content=\"sl_SI\" \/>\n<meta property=\"og:type\" content=\"article\" \/>\n<meta property=\"og:title\" content=\"Politika zasebnosti - MK Group\" \/>\n<meta property=\"og:description\" content=\"Politika zasebnosti Spo\u0161tovani, Podjetje MK GROUP d.o.o. Beograd, Bulevar Arsenija \u010carnojevi\u0107a 59b, MB: 08179107 (v nadaljevanju: &#8220;Podjetje&#8221;), ki izpolnjuje dol\u017enost upravljavca, v skladu z dolo\u010dbami veljavnega zakona, ki ureja varstvo osebnih podatkov, vas obve\u0161\u010da, da zbira osebne podatke o osebe, ki dostopajo do spletne strani \u2013 spletne strani dru\u017ebe (v nadaljevanju: \u00bbspletna stran\u00ab), v skladu [&hellip;]\" \/>\n<meta property=\"og:url\" content=\"https:\/\/mkgroup.rs\/sl\/politika-zasebnosti\/\" \/>\n<meta property=\"og:site_name\" content=\"MK Group\" \/>\n<meta property=\"article:modified_time\" content=\"2024-06-05T10:36:13+00:00\" \/>\n<meta name=\"twitter:card\" content=\"summary_large_image\" \/>\n<meta name=\"twitter:label1\" content=\"Est. reading time\" \/>\n\t<meta name=\"twitter:data1\" content=\"5 minut\" \/>\n<script type=\"application\/ld+json\" class=\"yoast-schema-graph\">{\"@context\":\"https:\\\/\\\/schema.org\",\"@graph\":[{\"@type\":\"WebPage\",\"@id\":\"https:\\\/\\\/mkgroup.rs\\\/sl\\\/politika-zasebnosti\\\/\",\"url\":\"https:\\\/\\\/mkgroup.rs\\\/sl\\\/politika-zasebnosti\\\/\",\"name\":\"Politika zasebnosti - MK Group\",\"isPartOf\":{\"@id\":\"https:\\\/\\\/mkgroup.rs\\\/sl\\\/#website\"},\"datePublished\":\"2024-02-12T09:42:49+00:00\",\"dateModified\":\"2024-06-05T10:36:13+00:00\",\"breadcrumb\":{\"@id\":\"https:\\\/\\\/mkgroup.rs\\\/sl\\\/politika-zasebnosti\\\/#breadcrumb\"},\"inLanguage\":\"sl-SI\",\"potentialAction\":[{\"@type\":\"ReadAction\",\"target\":[\"https:\\\/\\\/mkgroup.rs\\\/sl\\\/politika-zasebnosti\\\/\"]}]},{\"@type\":\"BreadcrumbList\",\"@id\":\"https:\\\/\\\/mkgroup.rs\\\/sl\\\/politika-zasebnosti\\\/#breadcrumb\",\"itemListElement\":[{\"@type\":\"ListItem\",\"position\":1,\"name\":\"Home\",\"item\":\"https:\\\/\\\/mkgroup.rs\\\/sl\\\/\"},{\"@type\":\"ListItem\",\"position\":2,\"name\":\"Politika zasebnosti\"}]},{\"@type\":\"WebSite\",\"@id\":\"https:\\\/\\\/mkgroup.rs\\\/sl\\\/#website\",\"url\":\"https:\\\/\\\/mkgroup.rs\\\/sl\\\/\",\"name\":\"MK Group\",\"description\":\"One vision. Smart Decisions.\",\"publisher\":{\"@id\":\"https:\\\/\\\/mkgroup.rs\\\/sl\\\/#organization\"},\"potentialAction\":[{\"@type\":\"SearchAction\",\"target\":{\"@type\":\"EntryPoint\",\"urlTemplate\":\"https:\\\/\\\/mkgroup.rs\\\/sl\\\/?s={search_term_string}\"},\"query-input\":{\"@type\":\"PropertyValueSpecification\",\"valueRequired\":true,\"valueName\":\"search_term_string\"}}],\"inLanguage\":\"sl-SI\"},{\"@type\":\"Organization\",\"@id\":\"https:\\\/\\\/mkgroup.rs\\\/sl\\\/#organization\",\"name\":\"MK Group\",\"url\":\"https:\\\/\\\/mkgroup.rs\\\/sl\\\/\",\"logo\":{\"@type\":\"ImageObject\",\"inLanguage\":\"sl-SI\",\"@id\":\"https:\\\/\\\/mkgroup.rs\\\/sl\\\/#\\\/schema\\\/logo\\\/image\\\/\",\"url\":\"https:\\\/\\\/mkgroup.rs\\\/wp-content\\\/uploads\\\/2023\\\/12\\\/mk-logo.png\",\"contentUrl\":\"https:\\\/\\\/mkgroup.rs\\\/wp-content\\\/uploads\\\/2023\\\/12\\\/mk-logo.png\",\"width\":255,\"height\":64,\"caption\":\"MK Group\"},\"image\":{\"@id\":\"https:\\\/\\\/mkgroup.rs\\\/sl\\\/#\\\/schema\\\/logo\\\/image\\\/\"},\"sameAs\":[\"https:\\\/\\\/www.linkedin.com\\\/company\\\/mk-group\\\/?originalSubdomain=rs\",\"https:\\\/\\\/www.youtube.com\\\/@MKGroupVideo\\\/featured\"]}]}<\/script>\n<!-- \/ Yoast SEO plugin. -->","yoast_head_json":{"title":"Politika zasebnosti - MK Group","robots":{"index":"index","follow":"follow","max-snippet":"max-snippet:-1","max-image-preview":"max-image-preview:large","max-video-preview":"max-video-preview:-1"},"canonical":"https:\/\/mkgroup.rs\/sl\/politika-zasebnosti\/","og_locale":"sl_SI","og_type":"article","og_title":"Politika zasebnosti - MK Group","og_description":"Politika zasebnosti Spo\u0161tovani, Podjetje MK GROUP d.o.o. Beograd, Bulevar Arsenija \u010carnojevi\u0107a 59b, MB: 08179107 (v nadaljevanju: &#8220;Podjetje&#8221;), ki izpolnjuje dol\u017enost upravljavca, v skladu z dolo\u010dbami veljavnega zakona, ki ureja varstvo osebnih podatkov, vas obve\u0161\u010da, da zbira osebne podatke o osebe, ki dostopajo do spletne strani \u2013 spletne strani dru\u017ebe (v nadaljevanju: \u00bbspletna stran\u00ab), v skladu [&hellip;]","og_url":"https:\/\/mkgroup.rs\/sl\/politika-zasebnosti\/","og_site_name":"MK Group","article_modified_time":"2024-06-05T10:36:13+00:00","twitter_card":"summary_large_image","twitter_misc":{"Est. reading time":"5 minut"},"schema":{"@context":"https:\/\/schema.org","@graph":[{"@type":"WebPage","@id":"https:\/\/mkgroup.rs\/sl\/politika-zasebnosti\/","url":"https:\/\/mkgroup.rs\/sl\/politika-zasebnosti\/","name":"Politika zasebnosti - MK Group","isPartOf":{"@id":"https:\/\/mkgroup.rs\/sl\/#website"},"datePublished":"2024-02-12T09:42:49+00:00","dateModified":"2024-06-05T10:36:13+00:00","breadcrumb":{"@id":"https:\/\/mkgroup.rs\/sl\/politika-zasebnosti\/#breadcrumb"},"inLanguage":"sl-SI","potentialAction":[{"@type":"ReadAction","target":["https:\/\/mkgroup.rs\/sl\/politika-zasebnosti\/"]}]},{"@type":"BreadcrumbList","@id":"https:\/\/mkgroup.rs\/sl\/politika-zasebnosti\/#breadcrumb","itemListElement":[{"@type":"ListItem","position":1,"name":"Home","item":"https:\/\/mkgroup.rs\/sl\/"},{"@type":"ListItem","position":2,"name":"Politika zasebnosti"}]},{"@type":"WebSite","@id":"https:\/\/mkgroup.rs\/sl\/#website","url":"https:\/\/mkgroup.rs\/sl\/","name":"MK Group","description":"One vision. Smart Decisions.","publisher":{"@id":"https:\/\/mkgroup.rs\/sl\/#organization"},"potentialAction":[{"@type":"SearchAction","target":{"@type":"EntryPoint","urlTemplate":"https:\/\/mkgroup.rs\/sl\/?s={search_term_string}"},"query-input":{"@type":"PropertyValueSpecification","valueRequired":true,"valueName":"search_term_string"}}],"inLanguage":"sl-SI"},{"@type":"Organization","@id":"https:\/\/mkgroup.rs\/sl\/#organization","name":"MK Group","url":"https:\/\/mkgroup.rs\/sl\/","logo":{"@type":"ImageObject","inLanguage":"sl-SI","@id":"https:\/\/mkgroup.rs\/sl\/#\/schema\/logo\/image\/","url":"https:\/\/mkgroup.rs\/wp-content\/uploads\/2023\/12\/mk-logo.png","contentUrl":"https:\/\/mkgroup.rs\/wp-content\/uploads\/2023\/12\/mk-logo.png","width":255,"height":64,"caption":"MK Group"},"image":{"@id":"https:\/\/mkgroup.rs\/sl\/#\/schema\/logo\/image\/"},"sameAs":["https:\/\/www.linkedin.com\/company\/mk-group\/?originalSubdomain=rs","https:\/\/www.youtube.com\/@MKGroupVideo\/featured"]}]}},"_links":{"self":[{"href":"https:\/\/mkgroup.rs\/sl\/wp-json\/wp\/v2\/pages\/18474","targetHints":{"allow":["GET"]}}],"collection":[{"href":"https:\/\/mkgroup.rs\/sl\/wp-json\/wp\/v2\/pages"}],"about":[{"href":"https:\/\/mkgroup.rs\/sl\/wp-json\/wp\/v2\/types\/page"}],"author":[{"embeddable":true,"href":"https:\/\/mkgroup.rs\/sl\/wp-json\/wp\/v2\/users\/1"}],"replies":[{"embeddable":true,"href":"https:\/\/mkgroup.rs\/sl\/wp-json\/wp\/v2\/comments?post=18474"}],"version-history":[{"count":5,"href":"https:\/\/mkgroup.rs\/sl\/wp-json\/wp\/v2\/pages\/18474\/revisions"}],"predecessor-version":[{"id":21119,"href":"https:\/\/mkgroup.rs\/sl\/wp-json\/wp\/v2\/pages\/18474\/revisions\/21119"}],"wp:attachment":[{"href":"https:\/\/mkgroup.rs\/sl\/wp-json\/wp\/v2\/media?parent=18474"}],"curies":[{"name":"wp","href":"https:\/\/api.w.org\/{rel}","templated":true}]}}