{"id":23508,"date":"2025-04-23T09:58:28","date_gmt":"2025-04-23T09:58:28","guid":{"rendered":"https:\/\/mkgroup.rs\/?page_id=23508"},"modified":"2025-04-24T14:51:26","modified_gmt":"2025-04-24T14:51:26","slug":"grupna-direktorica-financ","status":"publish","type":"page","link":"https:\/\/mkgroup.rs\/sl\/o-podjetju\/vodstvena-ekipa\/grupna-direktorica-financ\/","title":{"rendered":"Grupna direktorica financ"},"content":{"rendered":"\t\t<div data-elementor-type=\"wp-page\" data-elementor-id=\"23508\" class=\"elementor elementor-23508 elementor-23507\" data-elementor-post-type=\"page\">\n\t\t\t\t\t\t<section class=\"elementor-section elementor-top-section elementor-element elementor-element-8c38ec3 elementor-section-full_width elementor-section-height-default elementor-section-height-default\" data-id=\"8c38ec3\" data-element_type=\"section\" data-e-type=\"section\">\n\t\t\t\t\t\t<div class=\"elementor-container elementor-column-gap-no\">\n\t\t\t\t\t<div class=\"elementor-column elementor-col-100 elementor-top-column elementor-element elementor-element-cf48343\" data-id=\"cf48343\" data-element_type=\"column\" data-e-type=\"column\">\n\t\t\t<div class=\"elementor-widget-wrap elementor-element-populated\">\n\t\t\t\t\t\t<div class=\"elementor-element elementor-element-8151778 elementor-widget elementor-widget-template\" data-id=\"8151778\" data-element_type=\"widget\" data-e-type=\"widget\" data-widget_type=\"template.default\">\n\t\t\t\t<div class=\"elementor-widget-container\">\n\t\t\t\t\t\t\t<div class=\"elementor-template\">\n\t\t\t\t\t<div data-elementor-type=\"section\" data-elementor-id=\"19875\" class=\"elementor elementor-19875\" data-elementor-post-type=\"elementor_library\">\n\t\t\t\t\t<section class=\"elementor-section elementor-top-section elementor-element elementor-element-f763e60 elementor-section-height-min-height elementor-section-items-top elementor-section-full_width elementor-section-height-default\" data-id=\"f763e60\" data-element_type=\"section\" data-e-type=\"section\" data-settings=\"{&quot;background_background&quot;:&quot;classic&quot;}\">\n\t\t\t\t\t\t\t<div class=\"elementor-background-overlay\"><\/div>\n\t\t\t\t\t\t\t<div class=\"elementor-container elementor-column-gap-no\">\n\t\t\t\t\t<div class=\"elementor-column elementor-col-100 elementor-top-column elementor-element elementor-element-6ca1044\" data-id=\"6ca1044\" data-element_type=\"column\" data-e-type=\"column\" data-settings=\"{&quot;animation_mobile&quot;:&quot;none&quot;}\">\n\t\t\t<div class=\"elementor-widget-wrap\">\n\t\t\t\t\t\t\t<\/div>\n\t\t<\/div>\n\t\t\t\t\t<\/div>\n\t\t<\/section>\n\t\t\t\t<\/div>\n\t\t\t\t<\/div>\n\t\t\t\t\t\t<\/div>\n\t\t\t\t<\/div>\n\t\t\t\t\t<\/div>\n\t\t<\/div>\n\t\t\t\t\t<\/div>\n\t\t<\/section>\n\t\t\t\t<section class=\"elementor-section elementor-top-section elementor-element elementor-element-00eb89b elementor-reverse-tablet elementor-reverse-mobile elementor-section-full_width elementor-section-height-default elementor-section-height-default\" data-id=\"00eb89b\" data-element_type=\"section\" data-e-type=\"section\">\n\t\t\t\t\t\t<div class=\"elementor-container elementor-column-gap-no\">\n\t\t\t\t\t<div class=\"elementor-column elementor-col-50 elementor-top-column elementor-element elementor-element-2fce106\" data-id=\"2fce106\" data-element_type=\"column\" data-e-type=\"column\">\n\t\t\t<div class=\"elementor-widget-wrap elementor-element-populated\">\n\t\t\t\t\t\t<section class=\"elementor-section elementor-inner-section elementor-element elementor-element-77249cb elementor-section-content-top elementor-section-boxed elementor-section-height-default elementor-section-height-default\" data-id=\"77249cb\" data-element_type=\"section\" data-e-type=\"section\">\n\t\t\t\t\t\t<div class=\"elementor-container elementor-column-gap-no\">\n\t\t\t\t\t<div class=\"elementor-column elementor-col-50 elementor-inner-column elementor-element elementor-element-0c0cd4a\" data-id=\"0c0cd4a\" data-element_type=\"column\" data-e-type=\"column\">\n\t\t\t<div class=\"elementor-widget-wrap elementor-element-populated\">\n\t\t\t\t\t\t<div class=\"elementor-element elementor-element-5f042a4 elementor-invisible elementor-widget elementor-widget-heading\" data-id=\"5f042a4\" data-element_type=\"widget\" data-e-type=\"widget\" data-settings=\"{&quot;_animation&quot;:&quot;fadeInLeft&quot;,&quot;_animation_tablet&quot;:&quot;fadeIn&quot;}\" data-widget_type=\"heading.default\">\n\t\t\t\t<div class=\"elementor-widget-container\">\n\t\t\t\t\t<h3 class=\"elementor-heading-title elementor-size-default\">Vodstvena ekipa<\/h3>\t\t\t\t<\/div>\n\t\t\t\t<\/div>\n\t\t\t\t\t<\/div>\n\t\t<\/div>\n\t\t\t\t<div class=\"elementor-column elementor-col-50 elementor-inner-column elementor-element elementor-element-e087e56\" data-id=\"e087e56\" data-element_type=\"column\" data-e-type=\"column\">\n\t\t\t<div class=\"elementor-widget-wrap elementor-element-populated\">\n\t\t\t\t\t\t<div class=\"elementor-element elementor-element-be8b740 elementor-widget-tablet__width-initial elementor-widget-divider--view-line elementor-widget elementor-widget-divider\" data-id=\"be8b740\" data-element_type=\"widget\" data-e-type=\"widget\" data-widget_type=\"divider.default\">\n\t\t\t\t<div class=\"elementor-widget-container\">\n\t\t\t\t\t\t\t<div class=\"elementor-divider\">\n\t\t\t<span class=\"elementor-divider-separator\">\n\t\t\t\t\t\t<\/span>\n\t\t<\/div>\n\t\t\t\t\t\t<\/div>\n\t\t\t\t<\/div>\n\t\t\t\t\t<\/div>\n\t\t<\/div>\n\t\t\t\t\t<\/div>\n\t\t<\/section>\n\t\t\t\t<section class=\"elementor-section elementor-inner-section elementor-element elementor-element-c6d1553 elementor-section-content-top elementor-section-boxed elementor-section-height-default elementor-section-height-default\" data-id=\"c6d1553\" data-element_type=\"section\" data-e-type=\"section\">\n\t\t\t\t\t\t<div class=\"elementor-container elementor-column-gap-no\">\n\t\t\t\t\t<div class=\"elementor-column elementor-col-100 elementor-inner-column elementor-element elementor-element-8a29f3e\" data-id=\"8a29f3e\" data-element_type=\"column\" data-e-type=\"column\">\n\t\t\t<div class=\"elementor-widget-wrap elementor-element-populated\">\n\t\t\t\t\t\t<div class=\"elementor-element elementor-element-9ee4d9a elementor-invisible elementor-widget elementor-widget-heading\" data-id=\"9ee4d9a\" data-element_type=\"widget\" data-e-type=\"widget\" data-settings=\"{&quot;_animation&quot;:&quot;fadeIn&quot;}\" data-widget_type=\"heading.default\">\n\t\t\t\t<div class=\"elementor-widget-container\">\n\t\t\t\t\t<h2 class=\"elementor-heading-title elementor-size-default\">Violeta Kova\u010devi\u0107<\/h2>\t\t\t\t<\/div>\n\t\t\t\t<\/div>\n\t\t\t\t<div class=\"elementor-element elementor-element-42924ca elementor-invisible elementor-widget elementor-widget-heading\" data-id=\"42924ca\" data-element_type=\"widget\" data-e-type=\"widget\" data-settings=\"{&quot;_animation&quot;:&quot;fadeIn&quot;}\" data-widget_type=\"heading.default\">\n\t\t\t\t<div class=\"elementor-widget-container\">\n\t\t\t\t\t<h2 class=\"elementor-heading-title elementor-size-default\">\nGrupna direktorica financ\n<\/h2>\t\t\t\t<\/div>\n\t\t\t\t<\/div>\n\t\t\t\t<div class=\"elementor-element elementor-element-2d8c8fe elementor-invisible elementor-widget elementor-widget-text-editor\" data-id=\"2d8c8fe\" data-element_type=\"widget\" data-e-type=\"widget\" data-settings=\"{&quot;_animation&quot;:&quot;fadeIn&quot;}\" data-widget_type=\"text-editor.default\">\n\t\t\t\t<div class=\"elementor-widget-container\">\n\t\t\t\t\t\t\t\t\t<p>Violeta Kova\u010devi\u0107 ima ve\u010d kot 20 let izku\u0161enj v industriji FMCG in se je v letu 2025 pridru\u017eila vodstveni ekipi MK Group kot grupna direktorica financ celotnega sistema. Z obse\u017enim poznavanjem trga Srbije in regije Violeta prina\u0161a bogate izku\u0161nje na podro\u010dju prevzemov, postintegracijskih procesov in restrukturiranja. V svoji karieri je zasedala klju\u010dne funkcije, vklju\u010dno s polo\u017eajem izvr\u0161ne direktorice za finance, IT in pravne zadeve, pa tudi direktorice podjetja, v katerih je sodelovala pri oblikovanju strategije, razvoju ljudi ter izbolj\u0161anju organizacijske kulture, kot tudi pri procesu digitalne transformacije. Znotraj MK Group je Violeta odgovorna za razvoj strategije financ.    <br><br>Violeta ima magisterij na Ekonomski fakulteti v Novem Sadu.<\/p>\t\t\t\t\t\t\t\t<\/div>\n\t\t\t\t<\/div>\n\t\t\t\t\t<\/div>\n\t\t<\/div>\n\t\t\t\t\t<\/div>\n\t\t<\/section>\n\t\t\t\t\t<\/div>\n\t\t<\/div>\n\t\t\t\t<div class=\"elementor-column elementor-col-50 elementor-top-column elementor-element elementor-element-a8174f8\" data-id=\"a8174f8\" data-element_type=\"column\" data-e-type=\"column\">\n\t\t\t<div class=\"elementor-widget-wrap elementor-element-populated\">\n\t\t\t\t\t\t<div class=\"elementor-element elementor-element-beffc67 elementor-widget elementor-widget-image\" data-id=\"beffc67\" data-element_type=\"widget\" data-e-type=\"widget\" data-widget_type=\"image.default\">\n\t\t\t\t<div class=\"elementor-widget-container\">\n\t\t\t\t\t\t\t\t\t\t\t\t\t\t\t<img fetchpriority=\"high\" decoding=\"async\" width=\"545\" height=\"634\" src=\"https:\/\/mkgroup.rs\/wp-content\/uploads\/2025\/04\/Violeta-Kovacevic-MK-Group-1.jpg\" class=\"attachment-full size-full wp-image-23594\" alt=\"\" srcset=\"https:\/\/mkgroup.rs\/wp-content\/uploads\/2025\/04\/Violeta-Kovacevic-MK-Group-1.jpg 545w, https:\/\/mkgroup.rs\/wp-content\/uploads\/2025\/04\/Violeta-Kovacevic-MK-Group-1-258x300.jpg 258w\" sizes=\"(max-width: 545px) 100vw, 545px\" \/>\t\t\t\t\t\t\t\t\t\t\t\t\t\t\t<\/div>\n\t\t\t\t<\/div>\n\t\t\t\t\t<\/div>\n\t\t<\/div>\n\t\t\t\t\t<\/div>\n\t\t<\/section>\n\t\t\t\t<section class=\"elementor-section elementor-top-section elementor-element elementor-element-bc23e09 elementor-section-boxed elementor-section-height-default elementor-section-height-default\" data-id=\"bc23e09\" data-element_type=\"section\" data-e-type=\"section\">\n\t\t\t\t\t\t<div class=\"elementor-container elementor-column-gap-default\">\n\t\t\t\t\t<div class=\"elementor-column elementor-col-100 elementor-top-column elementor-element elementor-element-c0bd719\" data-id=\"c0bd719\" data-element_type=\"column\" data-e-type=\"column\">\n\t\t\t<div class=\"elementor-widget-wrap elementor-element-populated\">\n\t\t\t\t\t\t<section class=\"elementor-section elementor-inner-section elementor-element elementor-element-0a98981 elementor-section-boxed elementor-section-height-default elementor-section-height-default\" data-id=\"0a98981\" data-element_type=\"section\" data-e-type=\"section\">\n\t\t\t\t\t\t<div class=\"elementor-container elementor-column-gap-default\">\n\t\t\t\t\t<div class=\"elementor-column elementor-col-50 elementor-inner-column elementor-element elementor-element-261a0df\" data-id=\"261a0df\" data-element_type=\"column\" data-e-type=\"column\">\n\t\t\t<div class=\"elementor-widget-wrap\">\n\t\t\t\t\t\t\t<\/div>\n\t\t<\/div>\n\t\t\t\t<div class=\"elementor-column elementor-col-50 elementor-inner-column elementor-element elementor-element-a9caeb9\" data-id=\"a9caeb9\" data-element_type=\"column\" data-e-type=\"column\">\n\t\t\t<div class=\"elementor-widget-wrap\">\n\t\t\t\t\t\t\t<\/div>\n\t\t<\/div>\n\t\t\t\t\t<\/div>\n\t\t<\/section>\n\t\t\t\t\t<\/div>\n\t\t<\/div>\n\t\t\t\t\t<\/div>\n\t\t<\/section>\n\t\t\t\t<\/div>\n\t\t","protected":false},"excerpt":{"rendered":"<p>Vodstvena ekipa Violeta Kova\u010devi\u0107 Grupna direktorica financ Violeta Kova\u010devi\u0107 ima ve\u010d kot 20 let izku\u0161enj v industriji FMCG in se je v letu 2025 pridru\u017eila vodstveni ekipi MK Group kot grupna direktorica financ celotnega sistema. Z obse\u017enim poznavanjem trga Srbije in regije Violeta prina\u0161a bogate izku\u0161nje na podro\u010dju prevzemov, postintegracijskih procesov in restrukturiranja. V svoji [&hellip;]<\/p>\n","protected":false},"author":3,"featured_media":0,"parent":10673,"menu_order":0,"comment_status":"closed","ping_status":"closed","template":"elementor_header_footer","meta":{"_acf_changed":false,"footnotes":""},"class_list":["post-23508","page","type-page","status-publish","hentry"],"acf":[],"yoast_head":"<!-- This site is optimized with the Yoast SEO plugin v27.4 - https:\/\/yoast.com\/product\/yoast-seo-wordpress\/ -->\n<title>Grupna direktorica financ - MK Group<\/title>\n<meta name=\"description\" content=\"Aleksandra Stojanovi\u0107 je direktorica Sektorja za korporativne zadeve in \u010dlanica Odbora direktorjev dru\u017ebe MK Group.\" \/>\n<meta name=\"robots\" content=\"index, follow, max-snippet:-1, max-image-preview:large, max-video-preview:-1\" \/>\n<link rel=\"canonical\" href=\"https:\/\/mkgroup.rs\/sl\/o-podjetju\/vodstvena-ekipa\/grupna-direktorica-financ\/\" \/>\n<meta property=\"og:locale\" content=\"sl_SI\" \/>\n<meta property=\"og:type\" content=\"article\" \/>\n<meta property=\"og:title\" content=\"Aleksandra Stojanovi\u0107 - direktorica korporativnih zadev, MK Group\" \/>\n<meta property=\"og:description\" content=\"Aleksandra Stojanovi\u0107 je direktorica Sektorja za korporativne zadeve in \u010dlanica Odbora direktorjev dru\u017ebe MK Group.\" \/>\n<meta property=\"og:url\" content=\"https:\/\/mkgroup.rs\/sl\/o-podjetju\/vodstvena-ekipa\/grupna-direktorica-financ\/\" \/>\n<meta property=\"og:site_name\" content=\"MK Group\" \/>\n<meta property=\"article:modified_time\" content=\"2025-04-24T14:51:26+00:00\" \/>\n<meta property=\"og:image\" content=\"https:\/\/mkgroup.rs\/wp-content\/uploads\/2025\/04\/Violeta-Kovacevic-MK-Group-1.jpg\" \/>\n\t<meta property=\"og:image:width\" content=\"545\" \/>\n\t<meta property=\"og:image:height\" content=\"634\" \/>\n\t<meta property=\"og:image:type\" content=\"image\/jpeg\" \/>\n<meta name=\"twitter:card\" content=\"summary_large_image\" \/>\n<meta name=\"twitter:label1\" content=\"Est. reading time\" \/>\n\t<meta name=\"twitter:data1\" content=\"1 minuta\" \/>\n<script type=\"application\/ld+json\" class=\"yoast-schema-graph\">{\"@context\":\"https:\\\/\\\/schema.org\",\"@graph\":[{\"@type\":\"WebPage\",\"@id\":\"https:\\\/\\\/mkgroup.rs\\\/sl\\\/o-podjetju\\\/vodstvena-ekipa\\\/grupna-direktorica-financ\\\/\",\"url\":\"https:\\\/\\\/mkgroup.rs\\\/sl\\\/o-podjetju\\\/vodstvena-ekipa\\\/grupna-direktorica-financ\\\/\",\"name\":\"Grupna direktorica financ - MK Group\",\"isPartOf\":{\"@id\":\"https:\\\/\\\/mkgroup.rs\\\/sl\\\/#website\"},\"primaryImageOfPage\":{\"@id\":\"https:\\\/\\\/mkgroup.rs\\\/sl\\\/o-podjetju\\\/vodstvena-ekipa\\\/grupna-direktorica-financ\\\/#primaryimage\"},\"image\":{\"@id\":\"https:\\\/\\\/mkgroup.rs\\\/sl\\\/o-podjetju\\\/vodstvena-ekipa\\\/grupna-direktorica-financ\\\/#primaryimage\"},\"thumbnailUrl\":\"https:\\\/\\\/mkgroup.rs\\\/wp-content\\\/uploads\\\/2025\\\/04\\\/Violeta-Kovacevic-MK-Group-1.jpg\",\"datePublished\":\"2025-04-23T09:58:28+00:00\",\"dateModified\":\"2025-04-24T14:51:26+00:00\",\"description\":\"Aleksandra Stojanovi\u0107 je direktorica Sektorja za korporativne zadeve in \u010dlanica Odbora direktorjev dru\u017ebe MK Group.\",\"breadcrumb\":{\"@id\":\"https:\\\/\\\/mkgroup.rs\\\/sl\\\/o-podjetju\\\/vodstvena-ekipa\\\/grupna-direktorica-financ\\\/#breadcrumb\"},\"inLanguage\":\"sl-SI\",\"potentialAction\":[{\"@type\":\"ReadAction\",\"target\":[\"https:\\\/\\\/mkgroup.rs\\\/sl\\\/o-podjetju\\\/vodstvena-ekipa\\\/grupna-direktorica-financ\\\/\"]}]},{\"@type\":\"ImageObject\",\"inLanguage\":\"sl-SI\",\"@id\":\"https:\\\/\\\/mkgroup.rs\\\/sl\\\/o-podjetju\\\/vodstvena-ekipa\\\/grupna-direktorica-financ\\\/#primaryimage\",\"url\":\"https:\\\/\\\/mkgroup.rs\\\/wp-content\\\/uploads\\\/2025\\\/04\\\/Violeta-Kovacevic-MK-Group-1.jpg\",\"contentUrl\":\"https:\\\/\\\/mkgroup.rs\\\/wp-content\\\/uploads\\\/2025\\\/04\\\/Violeta-Kovacevic-MK-Group-1.jpg\"},{\"@type\":\"BreadcrumbList\",\"@id\":\"https:\\\/\\\/mkgroup.rs\\\/sl\\\/o-podjetju\\\/vodstvena-ekipa\\\/grupna-direktorica-financ\\\/#breadcrumb\",\"itemListElement\":[{\"@type\":\"ListItem\",\"position\":1,\"name\":\"Home\",\"item\":\"https:\\\/\\\/mkgroup.rs\\\/sl\\\/\"},{\"@type\":\"ListItem\",\"position\":2,\"name\":\"O podjetju\",\"item\":\"https:\\\/\\\/mkgroup.rs\\\/sl\\\/o-podjetju\\\/\"},{\"@type\":\"ListItem\",\"position\":3,\"name\":\"Vodstvena ekipa\",\"item\":\"https:\\\/\\\/mkgroup.rs\\\/sl\\\/o-podjetju\\\/vodstvena-ekipa\\\/\"},{\"@type\":\"ListItem\",\"position\":4,\"name\":\"Grupna direktorica financ\"}]},{\"@type\":\"WebSite\",\"@id\":\"https:\\\/\\\/mkgroup.rs\\\/sl\\\/#website\",\"url\":\"https:\\\/\\\/mkgroup.rs\\\/sl\\\/\",\"name\":\"MK Group\",\"description\":\"One vision. Smart Decisions.\",\"publisher\":{\"@id\":\"https:\\\/\\\/mkgroup.rs\\\/sl\\\/#organization\"},\"potentialAction\":[{\"@type\":\"SearchAction\",\"target\":{\"@type\":\"EntryPoint\",\"urlTemplate\":\"https:\\\/\\\/mkgroup.rs\\\/sl\\\/?s={search_term_string}\"},\"query-input\":{\"@type\":\"PropertyValueSpecification\",\"valueRequired\":true,\"valueName\":\"search_term_string\"}}],\"inLanguage\":\"sl-SI\"},{\"@type\":\"Organization\",\"@id\":\"https:\\\/\\\/mkgroup.rs\\\/sl\\\/#organization\",\"name\":\"MK Group\",\"url\":\"https:\\\/\\\/mkgroup.rs\\\/sl\\\/\",\"logo\":{\"@type\":\"ImageObject\",\"inLanguage\":\"sl-SI\",\"@id\":\"https:\\\/\\\/mkgroup.rs\\\/sl\\\/#\\\/schema\\\/logo\\\/image\\\/\",\"url\":\"https:\\\/\\\/mkgroup.rs\\\/wp-content\\\/uploads\\\/2023\\\/12\\\/mk-logo.png\",\"contentUrl\":\"https:\\\/\\\/mkgroup.rs\\\/wp-content\\\/uploads\\\/2023\\\/12\\\/mk-logo.png\",\"width\":255,\"height\":64,\"caption\":\"MK Group\"},\"image\":{\"@id\":\"https:\\\/\\\/mkgroup.rs\\\/sl\\\/#\\\/schema\\\/logo\\\/image\\\/\"},\"sameAs\":[\"https:\\\/\\\/www.linkedin.com\\\/company\\\/mk-group\\\/?originalSubdomain=rs\",\"https:\\\/\\\/www.youtube.com\\\/@MKGroupVideo\\\/featured\"]}]}<\/script>\n<!-- \/ Yoast SEO plugin. -->","yoast_head_json":{"title":"Grupna direktorica financ - MK Group","description":"Aleksandra Stojanovi\u0107 je direktorica Sektorja za korporativne zadeve in \u010dlanica Odbora direktorjev dru\u017ebe MK Group.","robots":{"index":"index","follow":"follow","max-snippet":"max-snippet:-1","max-image-preview":"max-image-preview:large","max-video-preview":"max-video-preview:-1"},"canonical":"https:\/\/mkgroup.rs\/sl\/o-podjetju\/vodstvena-ekipa\/grupna-direktorica-financ\/","og_locale":"sl_SI","og_type":"article","og_title":"Aleksandra Stojanovi\u0107 - direktorica korporativnih zadev, MK Group","og_description":"Aleksandra Stojanovi\u0107 je direktorica Sektorja za korporativne zadeve in \u010dlanica Odbora direktorjev dru\u017ebe MK Group.","og_url":"https:\/\/mkgroup.rs\/sl\/o-podjetju\/vodstvena-ekipa\/grupna-direktorica-financ\/","og_site_name":"MK Group","article_modified_time":"2025-04-24T14:51:26+00:00","og_image":[{"width":545,"height":634,"url":"https:\/\/mkgroup.rs\/wp-content\/uploads\/2025\/04\/Violeta-Kovacevic-MK-Group-1.jpg","type":"image\/jpeg"}],"twitter_card":"summary_large_image","twitter_misc":{"Est. reading time":"1 minuta"},"schema":{"@context":"https:\/\/schema.org","@graph":[{"@type":"WebPage","@id":"https:\/\/mkgroup.rs\/sl\/o-podjetju\/vodstvena-ekipa\/grupna-direktorica-financ\/","url":"https:\/\/mkgroup.rs\/sl\/o-podjetju\/vodstvena-ekipa\/grupna-direktorica-financ\/","name":"Grupna direktorica financ - MK Group","isPartOf":{"@id":"https:\/\/mkgroup.rs\/sl\/#website"},"primaryImageOfPage":{"@id":"https:\/\/mkgroup.rs\/sl\/o-podjetju\/vodstvena-ekipa\/grupna-direktorica-financ\/#primaryimage"},"image":{"@id":"https:\/\/mkgroup.rs\/sl\/o-podjetju\/vodstvena-ekipa\/grupna-direktorica-financ\/#primaryimage"},"thumbnailUrl":"https:\/\/mkgroup.rs\/wp-content\/uploads\/2025\/04\/Violeta-Kovacevic-MK-Group-1.jpg","datePublished":"2025-04-23T09:58:28+00:00","dateModified":"2025-04-24T14:51:26+00:00","description":"Aleksandra Stojanovi\u0107 je direktorica Sektorja za korporativne zadeve in \u010dlanica Odbora direktorjev dru\u017ebe MK Group.","breadcrumb":{"@id":"https:\/\/mkgroup.rs\/sl\/o-podjetju\/vodstvena-ekipa\/grupna-direktorica-financ\/#breadcrumb"},"inLanguage":"sl-SI","potentialAction":[{"@type":"ReadAction","target":["https:\/\/mkgroup.rs\/sl\/o-podjetju\/vodstvena-ekipa\/grupna-direktorica-financ\/"]}]},{"@type":"ImageObject","inLanguage":"sl-SI","@id":"https:\/\/mkgroup.rs\/sl\/o-podjetju\/vodstvena-ekipa\/grupna-direktorica-financ\/#primaryimage","url":"https:\/\/mkgroup.rs\/wp-content\/uploads\/2025\/04\/Violeta-Kovacevic-MK-Group-1.jpg","contentUrl":"https:\/\/mkgroup.rs\/wp-content\/uploads\/2025\/04\/Violeta-Kovacevic-MK-Group-1.jpg"},{"@type":"BreadcrumbList","@id":"https:\/\/mkgroup.rs\/sl\/o-podjetju\/vodstvena-ekipa\/grupna-direktorica-financ\/#breadcrumb","itemListElement":[{"@type":"ListItem","position":1,"name":"Home","item":"https:\/\/mkgroup.rs\/sl\/"},{"@type":"ListItem","position":2,"name":"O podjetju","item":"https:\/\/mkgroup.rs\/sl\/o-podjetju\/"},{"@type":"ListItem","position":3,"name":"Vodstvena ekipa","item":"https:\/\/mkgroup.rs\/sl\/o-podjetju\/vodstvena-ekipa\/"},{"@type":"ListItem","position":4,"name":"Grupna direktorica financ"}]},{"@type":"WebSite","@id":"https:\/\/mkgroup.rs\/sl\/#website","url":"https:\/\/mkgroup.rs\/sl\/","name":"MK Group","description":"One vision. Smart Decisions.","publisher":{"@id":"https:\/\/mkgroup.rs\/sl\/#organization"},"potentialAction":[{"@type":"SearchAction","target":{"@type":"EntryPoint","urlTemplate":"https:\/\/mkgroup.rs\/sl\/?s={search_term_string}"},"query-input":{"@type":"PropertyValueSpecification","valueRequired":true,"valueName":"search_term_string"}}],"inLanguage":"sl-SI"},{"@type":"Organization","@id":"https:\/\/mkgroup.rs\/sl\/#organization","name":"MK Group","url":"https:\/\/mkgroup.rs\/sl\/","logo":{"@type":"ImageObject","inLanguage":"sl-SI","@id":"https:\/\/mkgroup.rs\/sl\/#\/schema\/logo\/image\/","url":"https:\/\/mkgroup.rs\/wp-content\/uploads\/2023\/12\/mk-logo.png","contentUrl":"https:\/\/mkgroup.rs\/wp-content\/uploads\/2023\/12\/mk-logo.png","width":255,"height":64,"caption":"MK Group"},"image":{"@id":"https:\/\/mkgroup.rs\/sl\/#\/schema\/logo\/image\/"},"sameAs":["https:\/\/www.linkedin.com\/company\/mk-group\/?originalSubdomain=rs","https:\/\/www.youtube.com\/@MKGroupVideo\/featured"]}]}},"_links":{"self":[{"href":"https:\/\/mkgroup.rs\/sl\/wp-json\/wp\/v2\/pages\/23508","targetHints":{"allow":["GET"]}}],"collection":[{"href":"https:\/\/mkgroup.rs\/sl\/wp-json\/wp\/v2\/pages"}],"about":[{"href":"https:\/\/mkgroup.rs\/sl\/wp-json\/wp\/v2\/types\/page"}],"author":[{"embeddable":true,"href":"https:\/\/mkgroup.rs\/sl\/wp-json\/wp\/v2\/users\/3"}],"replies":[{"embeddable":true,"href":"https:\/\/mkgroup.rs\/sl\/wp-json\/wp\/v2\/comments?post=23508"}],"version-history":[{"count":5,"href":"https:\/\/mkgroup.rs\/sl\/wp-json\/wp\/v2\/pages\/23508\/revisions"}],"predecessor-version":[{"id":23606,"href":"https:\/\/mkgroup.rs\/sl\/wp-json\/wp\/v2\/pages\/23508\/revisions\/23606"}],"up":[{"embeddable":true,"href":"https:\/\/mkgroup.rs\/sl\/wp-json\/wp\/v2\/pages\/10673"}],"wp:attachment":[{"href":"https:\/\/mkgroup.rs\/sl\/wp-json\/wp\/v2\/media?parent=23508"}],"curies":[{"name":"wp","href":"https:\/\/api.w.org\/{rel}","templated":true}]}}