{"id":24548,"date":"2025-12-10T09:56:49","date_gmt":"2025-12-10T09:56:49","guid":{"rendered":"https:\/\/mkgroup.rs\/?page_id=24548"},"modified":"2025-12-10T11:18:18","modified_gmt":"2025-12-10T11:18:18","slug":"rukovodilac-divizije-mk-agri-food","status":"publish","type":"page","link":"https:\/\/mkgroup.rs\/sl\/o-podjetju\/vodstvena-ekipa\/rukovodilac-divizije-mk-agri-food\/","title":{"rendered":"Rukovodilac divizije MK Agri &#8211; Food"},"content":{"rendered":"\t\t<div data-elementor-type=\"wp-page\" data-elementor-id=\"24548\" class=\"elementor elementor-24548 elementor-24547\" data-elementor-post-type=\"page\">\n\t\t\t\t\t\t<section class=\"elementor-section elementor-top-section elementor-element elementor-element-7895ab1 elementor-section-full_width elementor-section-height-default elementor-section-height-default\" data-id=\"7895ab1\" data-element_type=\"section\" data-e-type=\"section\">\n\t\t\t\t\t\t<div class=\"elementor-container elementor-column-gap-no\">\n\t\t\t\t\t<div class=\"elementor-column elementor-col-100 elementor-top-column elementor-element elementor-element-cb4ecd1\" data-id=\"cb4ecd1\" data-element_type=\"column\" data-e-type=\"column\">\n\t\t\t<div class=\"elementor-widget-wrap elementor-element-populated\">\n\t\t\t\t\t\t<div class=\"elementor-element elementor-element-897f907 elementor-widget elementor-widget-template\" data-id=\"897f907\" data-element_type=\"widget\" data-e-type=\"widget\" data-widget_type=\"template.default\">\n\t\t\t\t<div class=\"elementor-widget-container\">\n\t\t\t\t\t\t\t<div class=\"elementor-template\">\n\t\t\t\t\t<div data-elementor-type=\"section\" data-elementor-id=\"19875\" class=\"elementor elementor-19875\" data-elementor-post-type=\"elementor_library\">\n\t\t\t\t\t<section class=\"elementor-section elementor-top-section elementor-element elementor-element-f763e60 elementor-section-height-min-height elementor-section-items-top elementor-section-full_width elementor-section-height-default\" data-id=\"f763e60\" data-element_type=\"section\" data-e-type=\"section\" data-settings=\"{&quot;background_background&quot;:&quot;classic&quot;}\">\n\t\t\t\t\t\t\t<div class=\"elementor-background-overlay\"><\/div>\n\t\t\t\t\t\t\t<div class=\"elementor-container elementor-column-gap-no\">\n\t\t\t\t\t<div class=\"elementor-column elementor-col-100 elementor-top-column elementor-element elementor-element-6ca1044\" data-id=\"6ca1044\" data-element_type=\"column\" data-e-type=\"column\" data-settings=\"{&quot;animation_mobile&quot;:&quot;none&quot;}\">\n\t\t\t<div class=\"elementor-widget-wrap\">\n\t\t\t\t\t\t\t<\/div>\n\t\t<\/div>\n\t\t\t\t\t<\/div>\n\t\t<\/section>\n\t\t\t\t<\/div>\n\t\t\t\t<\/div>\n\t\t\t\t\t\t<\/div>\n\t\t\t\t<\/div>\n\t\t\t\t\t<\/div>\n\t\t<\/div>\n\t\t\t\t\t<\/div>\n\t\t<\/section>\n\t\t\t\t<section class=\"elementor-section elementor-top-section elementor-element elementor-element-18de0f2 elementor-reverse-tablet elementor-reverse-mobile elementor-section-full_width elementor-section-height-default elementor-section-height-default\" data-id=\"18de0f2\" data-element_type=\"section\" data-e-type=\"section\">\n\t\t\t\t\t\t<div class=\"elementor-container elementor-column-gap-no\">\n\t\t\t\t\t<div class=\"elementor-column elementor-col-50 elementor-top-column elementor-element elementor-element-c0e31c3\" data-id=\"c0e31c3\" data-element_type=\"column\" data-e-type=\"column\">\n\t\t\t<div class=\"elementor-widget-wrap elementor-element-populated\">\n\t\t\t\t\t\t<section class=\"elementor-section elementor-inner-section elementor-element elementor-element-fb0c631 elementor-section-content-top elementor-section-boxed elementor-section-height-default elementor-section-height-default\" data-id=\"fb0c631\" data-element_type=\"section\" data-e-type=\"section\">\n\t\t\t\t\t\t<div class=\"elementor-container elementor-column-gap-no\">\n\t\t\t\t\t<div class=\"elementor-column elementor-col-50 elementor-inner-column elementor-element elementor-element-0350785\" data-id=\"0350785\" data-element_type=\"column\" data-e-type=\"column\">\n\t\t\t<div class=\"elementor-widget-wrap elementor-element-populated\">\n\t\t\t\t\t\t<div class=\"elementor-element elementor-element-c653727 elementor-invisible elementor-widget elementor-widget-heading\" data-id=\"c653727\" data-element_type=\"widget\" data-e-type=\"widget\" data-settings=\"{&quot;_animation&quot;:&quot;fadeInLeft&quot;,&quot;_animation_tablet&quot;:&quot;fadeIn&quot;}\" data-widget_type=\"heading.default\">\n\t\t\t\t<div class=\"elementor-widget-container\">\n\t\t\t\t\t<h3 class=\"elementor-heading-title elementor-size-default\">Vodstvena ekipa<\/h3>\t\t\t\t<\/div>\n\t\t\t\t<\/div>\n\t\t\t\t\t<\/div>\n\t\t<\/div>\n\t\t\t\t<div class=\"elementor-column elementor-col-50 elementor-inner-column elementor-element elementor-element-44c2f50\" data-id=\"44c2f50\" data-element_type=\"column\" data-e-type=\"column\">\n\t\t\t<div class=\"elementor-widget-wrap elementor-element-populated\">\n\t\t\t\t\t\t<div class=\"elementor-element elementor-element-4e45199 elementor-widget-tablet__width-initial elementor-widget-divider--view-line elementor-widget elementor-widget-divider\" data-id=\"4e45199\" data-element_type=\"widget\" data-e-type=\"widget\" data-widget_type=\"divider.default\">\n\t\t\t\t<div class=\"elementor-widget-container\">\n\t\t\t\t\t\t\t<div class=\"elementor-divider\">\n\t\t\t<span class=\"elementor-divider-separator\">\n\t\t\t\t\t\t<\/span>\n\t\t<\/div>\n\t\t\t\t\t\t<\/div>\n\t\t\t\t<\/div>\n\t\t\t\t\t<\/div>\n\t\t<\/div>\n\t\t\t\t\t<\/div>\n\t\t<\/section>\n\t\t\t\t<section class=\"elementor-section elementor-inner-section elementor-element elementor-element-fcc36e8 elementor-section-content-top elementor-section-boxed elementor-section-height-default elementor-section-height-default\" data-id=\"fcc36e8\" data-element_type=\"section\" data-e-type=\"section\">\n\t\t\t\t\t\t<div class=\"elementor-container elementor-column-gap-no\">\n\t\t\t\t\t<div class=\"elementor-column elementor-col-100 elementor-inner-column elementor-element elementor-element-dfc6869\" data-id=\"dfc6869\" data-element_type=\"column\" data-e-type=\"column\">\n\t\t\t<div class=\"elementor-widget-wrap elementor-element-populated\">\n\t\t\t\t\t\t<div class=\"elementor-element elementor-element-0822505 elementor-invisible elementor-widget elementor-widget-heading\" data-id=\"0822505\" data-element_type=\"widget\" data-e-type=\"widget\" data-settings=\"{&quot;_animation&quot;:&quot;fadeIn&quot;}\" data-widget_type=\"heading.default\">\n\t\t\t\t<div class=\"elementor-widget-container\">\n\t\t\t\t\t<h2 class=\"elementor-heading-title elementor-size-default\">Ivan Zekovi\u0107<\/h2>\t\t\t\t<\/div>\n\t\t\t\t<\/div>\n\t\t\t\t<div class=\"elementor-element elementor-element-da53b81 elementor-invisible elementor-widget elementor-widget-heading\" data-id=\"da53b81\" data-element_type=\"widget\" data-e-type=\"widget\" data-settings=\"{&quot;_animation&quot;:&quot;fadeIn&quot;}\" data-widget_type=\"heading.default\">\n\t\t\t\t<div class=\"elementor-widget-container\">\n\t\t\t\t\t<h2 class=\"elementor-heading-title elementor-size-default\">Rukovodilac divizije MK Agri - Food<\/h2>\t\t\t\t<\/div>\n\t\t\t\t<\/div>\n\t\t\t\t<div class=\"elementor-element elementor-element-f4ce8a4 elementor-invisible elementor-widget elementor-widget-text-editor\" data-id=\"f4ce8a4\" data-element_type=\"widget\" data-e-type=\"widget\" data-settings=\"{&quot;_animation&quot;:&quot;fadeIn&quot;}\" data-widget_type=\"text-editor.default\">\n\t\t\t\t<div class=\"elementor-widget-container\">\n\t\t\t\t\t\t\t\t\t<p>Ivan Zekovi\u0107 od leta 2025 zaseda mesto direktorja divizije MK Agri &#8211; Food. Pred tem je tri leta opravljal funkcijo generalnega direktorja podjetja Carnex. Vodstvu mesne industrije se je pridru\u017eil po desetih letih izku\u0161enj v oljni industriji. Prispeval je k revitalizaciji kmetij in avtomatizaciji procesov na kmetijah ter s tem k vodilnemu polo\u017eaju podjetja Carnex na trgu. Z opredeljeno strategijo upravlja na\u010drtovane nalo\u017ebe in uvajanje inovacij s ciljem izbolj\u0161anja poslovanja ob hkratni optimizaciji portfelja vseh podjetij, ki delujejo v okviru divizije MK Agri &#8211; Food. Ivan Zekovi\u0107 velik del svojega anga\u017eiranja usmerja v krepitev podjetij, ki delujejo v okviru te divizije, ter v ustvarjanje nove energije in spodbujanje skupnega dela.      <\/p><p>Diplomiral je na Fakulteti za kmetijstvo v Novem Sadu.<\/p>\t\t\t\t\t\t\t\t<\/div>\n\t\t\t\t<\/div>\n\t\t\t\t\t<\/div>\n\t\t<\/div>\n\t\t\t\t\t<\/div>\n\t\t<\/section>\n\t\t\t\t\t<\/div>\n\t\t<\/div>\n\t\t\t\t<div class=\"elementor-column elementor-col-50 elementor-top-column elementor-element elementor-element-bd8c732\" data-id=\"bd8c732\" data-element_type=\"column\" data-e-type=\"column\">\n\t\t\t<div class=\"elementor-widget-wrap elementor-element-populated\">\n\t\t\t\t\t\t<div class=\"elementor-element elementor-element-a56eb7d elementor-widget elementor-widget-image\" data-id=\"a56eb7d\" data-element_type=\"widget\" data-e-type=\"widget\" data-widget_type=\"image.default\">\n\t\t\t\t<div class=\"elementor-widget-container\">\n\t\t\t\t\t\t\t\t\t\t\t\t\t\t\t<img fetchpriority=\"high\" decoding=\"async\" width=\"545\" height=\"634\" src=\"https:\/\/mkgroup.rs\/wp-content\/uploads\/2024\/01\/ivan-zekovic-min.jpg\" class=\"attachment-full size-full wp-image-9252\" alt=\"\" srcset=\"https:\/\/mkgroup.rs\/wp-content\/uploads\/2024\/01\/ivan-zekovic-min.jpg 545w, https:\/\/mkgroup.rs\/wp-content\/uploads\/2024\/01\/ivan-zekovic-min-258x300.jpg 258w\" sizes=\"(max-width: 545px) 100vw, 545px\" \/>\t\t\t\t\t\t\t\t\t\t\t\t\t\t\t<\/div>\n\t\t\t\t<\/div>\n\t\t\t\t\t<\/div>\n\t\t<\/div>\n\t\t\t\t\t<\/div>\n\t\t<\/section>\n\t\t\t\t<\/div>\n\t\t","protected":false},"excerpt":{"rendered":"<p>Vodstvena ekipa Ivan Zekovi\u0107 Rukovodilac divizije MK Agri &#8211; Food Ivan Zekovi\u0107 od leta 2025 zaseda mesto direktorja divizije MK Agri &#8211; Food. Pred tem je tri leta opravljal funkcijo generalnega direktorja podjetja Carnex. Vodstvu mesne industrije se je pridru\u017eil po desetih letih izku\u0161enj v oljni industriji. Prispeval je k revitalizaciji kmetij in avtomatizaciji procesov [&hellip;]<\/p>\n","protected":false},"author":2,"featured_media":0,"parent":10673,"menu_order":0,"comment_status":"closed","ping_status":"closed","template":"elementor_header_footer","meta":{"_acf_changed":false,"footnotes":""},"class_list":["post-24548","page","type-page","status-publish","hentry"],"acf":[],"yoast_head":"<!-- This site is optimized with the Yoast SEO plugin v27.1.1 - https:\/\/yoast.com\/product\/yoast-seo-wordpress\/ -->\n<title>Rukovodilac divizije MK Agri - Food - MK Group<\/title>\n<meta name=\"description\" content=\"Ivan Zekovi\u0107 je od leta 2025 na polo\u017eaju direktorja divizije MK Agri \u2013 Food.\" \/>\n<meta name=\"robots\" content=\"index, follow, max-snippet:-1, max-image-preview:large, max-video-preview:-1\" \/>\n<link rel=\"canonical\" href=\"https:\/\/mkgroup.rs\/sl\/o-podjetju\/vodstvena-ekipa\/rukovodilac-divizije-mk-agri-food\/\" \/>\n<meta property=\"og:locale\" content=\"sl_SI\" \/>\n<meta property=\"og:type\" content=\"article\" \/>\n<meta property=\"og:title\" content=\"Ivan Zekovi\u0107 - Rukovodilac divizije MK Agri - Food\" \/>\n<meta property=\"og:description\" content=\"Ivan Zekovi\u0107 je od leta 2025 na polo\u017eaju direktorja divizije MK Agri \u2013 Food.\" \/>\n<meta property=\"og:url\" content=\"https:\/\/mkgroup.rs\/sl\/o-podjetju\/vodstvena-ekipa\/rukovodilac-divizije-mk-agri-food\/\" \/>\n<meta property=\"og:site_name\" content=\"MK Group\" \/>\n<meta property=\"article:modified_time\" content=\"2025-12-10T11:18:18+00:00\" \/>\n<meta property=\"og:image\" content=\"https:\/\/mkgroup.rs\/wp-content\/uploads\/2024\/01\/ivan-zekovic-min.jpg\" \/>\n\t<meta property=\"og:image:width\" content=\"545\" \/>\n\t<meta property=\"og:image:height\" content=\"634\" \/>\n\t<meta property=\"og:image:type\" content=\"image\/jpeg\" \/>\n<meta name=\"twitter:card\" content=\"summary_large_image\" \/>\n<meta name=\"twitter:label1\" content=\"Est. reading time\" \/>\n\t<meta name=\"twitter:data1\" content=\"1 minuta\" \/>\n<script type=\"application\/ld+json\" class=\"yoast-schema-graph\">{\"@context\":\"https:\/\/schema.org\",\"@graph\":[{\"@type\":\"WebPage\",\"@id\":\"https:\/\/mkgroup.rs\/sl\/o-podjetju\/vodstvena-ekipa\/rukovodilac-divizije-mk-agri-food\/\",\"url\":\"https:\/\/mkgroup.rs\/sl\/o-podjetju\/vodstvena-ekipa\/rukovodilac-divizije-mk-agri-food\/\",\"name\":\"Rukovodilac divizije MK Agri - Food - MK Group\",\"isPartOf\":{\"@id\":\"https:\/\/mkgroup.rs\/sl\/#website\"},\"primaryImageOfPage\":{\"@id\":\"https:\/\/mkgroup.rs\/sl\/o-podjetju\/vodstvena-ekipa\/rukovodilac-divizije-mk-agri-food\/#primaryimage\"},\"image\":{\"@id\":\"https:\/\/mkgroup.rs\/sl\/o-podjetju\/vodstvena-ekipa\/rukovodilac-divizije-mk-agri-food\/#primaryimage\"},\"thumbnailUrl\":\"https:\/\/mkgroup.rs\/wp-content\/uploads\/2024\/01\/ivan-zekovic-min.jpg\",\"datePublished\":\"2025-12-10T09:56:49+00:00\",\"dateModified\":\"2025-12-10T11:18:18+00:00\",\"description\":\"Ivan Zekovi\u0107 je od leta 2025 na polo\u017eaju direktorja divizije MK Agri \u2013 Food.\",\"breadcrumb\":{\"@id\":\"https:\/\/mkgroup.rs\/sl\/o-podjetju\/vodstvena-ekipa\/rukovodilac-divizije-mk-agri-food\/#breadcrumb\"},\"inLanguage\":\"sl-SI\",\"potentialAction\":[{\"@type\":\"ReadAction\",\"target\":[\"https:\/\/mkgroup.rs\/sl\/o-podjetju\/vodstvena-ekipa\/rukovodilac-divizije-mk-agri-food\/\"]}]},{\"@type\":\"ImageObject\",\"inLanguage\":\"sl-SI\",\"@id\":\"https:\/\/mkgroup.rs\/sl\/o-podjetju\/vodstvena-ekipa\/rukovodilac-divizije-mk-agri-food\/#primaryimage\",\"url\":\"https:\/\/mkgroup.rs\/wp-content\/uploads\/2024\/01\/ivan-zekovic-min.jpg\",\"contentUrl\":\"https:\/\/mkgroup.rs\/wp-content\/uploads\/2024\/01\/ivan-zekovic-min.jpg\"},{\"@type\":\"BreadcrumbList\",\"@id\":\"https:\/\/mkgroup.rs\/sl\/o-podjetju\/vodstvena-ekipa\/rukovodilac-divizije-mk-agri-food\/#breadcrumb\",\"itemListElement\":[{\"@type\":\"ListItem\",\"position\":1,\"name\":\"Home\",\"item\":\"https:\/\/mkgroup.rs\/sl\/\"},{\"@type\":\"ListItem\",\"position\":2,\"name\":\"O podjetju\",\"item\":\"https:\/\/mkgroup.rs\/sl\/o-podjetju\/\"},{\"@type\":\"ListItem\",\"position\":3,\"name\":\"Vodstvena ekipa\",\"item\":\"https:\/\/mkgroup.rs\/sl\/o-podjetju\/vodstvena-ekipa\/\"},{\"@type\":\"ListItem\",\"position\":4,\"name\":\"Rukovodilac divizije MK Agri &#8211; Food\"}]},{\"@type\":\"WebSite\",\"@id\":\"https:\/\/mkgroup.rs\/sl\/#website\",\"url\":\"https:\/\/mkgroup.rs\/sl\/\",\"name\":\"MK Group\",\"description\":\"One vision. Smart Decisions.\",\"publisher\":{\"@id\":\"https:\/\/mkgroup.rs\/sl\/#organization\"},\"potentialAction\":[{\"@type\":\"SearchAction\",\"target\":{\"@type\":\"EntryPoint\",\"urlTemplate\":\"https:\/\/mkgroup.rs\/sl\/?s={search_term_string}\"},\"query-input\":{\"@type\":\"PropertyValueSpecification\",\"valueRequired\":true,\"valueName\":\"search_term_string\"}}],\"inLanguage\":\"sl-SI\"},{\"@type\":\"Organization\",\"@id\":\"https:\/\/mkgroup.rs\/sl\/#organization\",\"name\":\"MK Group\",\"url\":\"https:\/\/mkgroup.rs\/sl\/\",\"logo\":{\"@type\":\"ImageObject\",\"inLanguage\":\"sl-SI\",\"@id\":\"https:\/\/mkgroup.rs\/sl\/#\/schema\/logo\/image\/\",\"url\":\"https:\/\/mkgroup.rs\/wp-content\/uploads\/2023\/12\/mk-logo.png\",\"contentUrl\":\"https:\/\/mkgroup.rs\/wp-content\/uploads\/2023\/12\/mk-logo.png\",\"width\":255,\"height\":64,\"caption\":\"MK Group\"},\"image\":{\"@id\":\"https:\/\/mkgroup.rs\/sl\/#\/schema\/logo\/image\/\"},\"sameAs\":[\"https:\/\/www.linkedin.com\/company\/mk-group\/?originalSubdomain=rs\",\"https:\/\/www.youtube.com\/@MKGroupVideo\/featured\"]}]}<\/script>\n<!-- \/ Yoast SEO plugin. -->","yoast_head_json":{"title":"Rukovodilac divizije MK Agri - Food - MK Group","description":"Ivan Zekovi\u0107 je od leta 2025 na polo\u017eaju direktorja divizije MK Agri \u2013 Food.","robots":{"index":"index","follow":"follow","max-snippet":"max-snippet:-1","max-image-preview":"max-image-preview:large","max-video-preview":"max-video-preview:-1"},"canonical":"https:\/\/mkgroup.rs\/sl\/o-podjetju\/vodstvena-ekipa\/rukovodilac-divizije-mk-agri-food\/","og_locale":"sl_SI","og_type":"article","og_title":"Ivan Zekovi\u0107 - Rukovodilac divizije MK Agri - Food","og_description":"Ivan Zekovi\u0107 je od leta 2025 na polo\u017eaju direktorja divizije MK Agri \u2013 Food.","og_url":"https:\/\/mkgroup.rs\/sl\/o-podjetju\/vodstvena-ekipa\/rukovodilac-divizije-mk-agri-food\/","og_site_name":"MK Group","article_modified_time":"2025-12-10T11:18:18+00:00","og_image":[{"width":545,"height":634,"url":"https:\/\/mkgroup.rs\/wp-content\/uploads\/2024\/01\/ivan-zekovic-min.jpg","type":"image\/jpeg"}],"twitter_card":"summary_large_image","twitter_misc":{"Est. reading time":"1 minuta"},"schema":{"@context":"https:\/\/schema.org","@graph":[{"@type":"WebPage","@id":"https:\/\/mkgroup.rs\/sl\/o-podjetju\/vodstvena-ekipa\/rukovodilac-divizije-mk-agri-food\/","url":"https:\/\/mkgroup.rs\/sl\/o-podjetju\/vodstvena-ekipa\/rukovodilac-divizije-mk-agri-food\/","name":"Rukovodilac divizije MK Agri - Food - MK Group","isPartOf":{"@id":"https:\/\/mkgroup.rs\/sl\/#website"},"primaryImageOfPage":{"@id":"https:\/\/mkgroup.rs\/sl\/o-podjetju\/vodstvena-ekipa\/rukovodilac-divizije-mk-agri-food\/#primaryimage"},"image":{"@id":"https:\/\/mkgroup.rs\/sl\/o-podjetju\/vodstvena-ekipa\/rukovodilac-divizije-mk-agri-food\/#primaryimage"},"thumbnailUrl":"https:\/\/mkgroup.rs\/wp-content\/uploads\/2024\/01\/ivan-zekovic-min.jpg","datePublished":"2025-12-10T09:56:49+00:00","dateModified":"2025-12-10T11:18:18+00:00","description":"Ivan Zekovi\u0107 je od leta 2025 na polo\u017eaju direktorja divizije MK Agri \u2013 Food.","breadcrumb":{"@id":"https:\/\/mkgroup.rs\/sl\/o-podjetju\/vodstvena-ekipa\/rukovodilac-divizije-mk-agri-food\/#breadcrumb"},"inLanguage":"sl-SI","potentialAction":[{"@type":"ReadAction","target":["https:\/\/mkgroup.rs\/sl\/o-podjetju\/vodstvena-ekipa\/rukovodilac-divizije-mk-agri-food\/"]}]},{"@type":"ImageObject","inLanguage":"sl-SI","@id":"https:\/\/mkgroup.rs\/sl\/o-podjetju\/vodstvena-ekipa\/rukovodilac-divizije-mk-agri-food\/#primaryimage","url":"https:\/\/mkgroup.rs\/wp-content\/uploads\/2024\/01\/ivan-zekovic-min.jpg","contentUrl":"https:\/\/mkgroup.rs\/wp-content\/uploads\/2024\/01\/ivan-zekovic-min.jpg"},{"@type":"BreadcrumbList","@id":"https:\/\/mkgroup.rs\/sl\/o-podjetju\/vodstvena-ekipa\/rukovodilac-divizije-mk-agri-food\/#breadcrumb","itemListElement":[{"@type":"ListItem","position":1,"name":"Home","item":"https:\/\/mkgroup.rs\/sl\/"},{"@type":"ListItem","position":2,"name":"O podjetju","item":"https:\/\/mkgroup.rs\/sl\/o-podjetju\/"},{"@type":"ListItem","position":3,"name":"Vodstvena ekipa","item":"https:\/\/mkgroup.rs\/sl\/o-podjetju\/vodstvena-ekipa\/"},{"@type":"ListItem","position":4,"name":"Rukovodilac divizije MK Agri &#8211; Food"}]},{"@type":"WebSite","@id":"https:\/\/mkgroup.rs\/sl\/#website","url":"https:\/\/mkgroup.rs\/sl\/","name":"MK Group","description":"One vision. Smart Decisions.","publisher":{"@id":"https:\/\/mkgroup.rs\/sl\/#organization"},"potentialAction":[{"@type":"SearchAction","target":{"@type":"EntryPoint","urlTemplate":"https:\/\/mkgroup.rs\/sl\/?s={search_term_string}"},"query-input":{"@type":"PropertyValueSpecification","valueRequired":true,"valueName":"search_term_string"}}],"inLanguage":"sl-SI"},{"@type":"Organization","@id":"https:\/\/mkgroup.rs\/sl\/#organization","name":"MK Group","url":"https:\/\/mkgroup.rs\/sl\/","logo":{"@type":"ImageObject","inLanguage":"sl-SI","@id":"https:\/\/mkgroup.rs\/sl\/#\/schema\/logo\/image\/","url":"https:\/\/mkgroup.rs\/wp-content\/uploads\/2023\/12\/mk-logo.png","contentUrl":"https:\/\/mkgroup.rs\/wp-content\/uploads\/2023\/12\/mk-logo.png","width":255,"height":64,"caption":"MK Group"},"image":{"@id":"https:\/\/mkgroup.rs\/sl\/#\/schema\/logo\/image\/"},"sameAs":["https:\/\/www.linkedin.com\/company\/mk-group\/?originalSubdomain=rs","https:\/\/www.youtube.com\/@MKGroupVideo\/featured"]}]}},"_links":{"self":[{"href":"https:\/\/mkgroup.rs\/sl\/wp-json\/wp\/v2\/pages\/24548","targetHints":{"allow":["GET"]}}],"collection":[{"href":"https:\/\/mkgroup.rs\/sl\/wp-json\/wp\/v2\/pages"}],"about":[{"href":"https:\/\/mkgroup.rs\/sl\/wp-json\/wp\/v2\/types\/page"}],"author":[{"embeddable":true,"href":"https:\/\/mkgroup.rs\/sl\/wp-json\/wp\/v2\/users\/2"}],"replies":[{"embeddable":true,"href":"https:\/\/mkgroup.rs\/sl\/wp-json\/wp\/v2\/comments?post=24548"}],"version-history":[{"count":4,"href":"https:\/\/mkgroup.rs\/sl\/wp-json\/wp\/v2\/pages\/24548\/revisions"}],"predecessor-version":[{"id":24573,"href":"https:\/\/mkgroup.rs\/sl\/wp-json\/wp\/v2\/pages\/24548\/revisions\/24573"}],"up":[{"embeddable":true,"href":"https:\/\/mkgroup.rs\/sl\/wp-json\/wp\/v2\/pages\/10673"}],"wp:attachment":[{"href":"https:\/\/mkgroup.rs\/sl\/wp-json\/wp\/v2\/media?parent=24548"}],"curies":[{"name":"wp","href":"https:\/\/api.w.org\/{rel}","templated":true}]}}